{"id":10269,"date":"2022-11-17T16:38:38","date_gmt":"2022-11-17T16:38:38","guid":{"rendered":"https:\/\/paulalill.com\/?page_id=10269"},"modified":"2026-04-07T14:42:53","modified_gmt":"2026-04-07T14:42:53","slug":"hoolitsused","status":"publish","type":"page","link":"https:\/\/www.paulalill.com\/en\/hoolitsused\/","title":{"rendered":"hoolitsused"},"content":{"rendered":"<div class=\"brz-root__container brz-reset-all brz brz-root__container-page\">\n<section id=\"_sdwwuzghydwtmqyisjsvwutxxudmtjxevqvl\" class=\"brz-section brz-css-1kl9oim\">\n<div class=\"brz-section__content brz-section--boxed brz-css-fe9h8q brz-css-23h31v\" data-brz-custom-id=\"lrgmontdhfyvzyeasppeywstjvmfgqxsyeds\">\n<div class=\"brz-container brz-css-plkchx\">\n<div class=\"brz-row__container brz-css-mdnvas brz-css-1h81ha3\" data-brz-custom-id=\"hdrdlapgkxfnuegpqddcjjolpaiuzvxcopnj\">\n<div class=\"brz-bg\"><\/div>\n<div class=\"brz-row brz-css-1q691o6 brz-css-1ydhyzy\">\n<div class=\"brz-columns brz-css-pefvmt brz-css-1skvkxy\" data-brz-custom-id=\"jpdlbkionnsjpdmgihczjznhqrhsmscbquhj\">\n<div class=\"brz-bg\"><\/div>\n<div class=\"brz-column__items brz-css-q9vyi1 brz-css-i3f1nm\">\n<div id=\"\" class=\"brz-css-7i07n4 brz-wrapper\">\n<div class=\"brz-rich-text brz-rich-text__custom brz-css-1k5vgn\" data-brz-custom-id=\"emjarxedixbizkhlfeoivhzmzovceaivmjad\">\n<div data-brz-translate-text=\"1\">\n<p class=\"brz-text-lg-left brz-tp-lg-abovetitle brz-css-i77JN\" data-uniq-id=\"oqdnh\" data-generated-css=\"brz-css-mowak\"><span class=\"brz-cp-color7\">NAHAHOOLDUS<\/span><\/p>\n<\/div>\n<\/div>\n<\/div>\n<div id=\"\" class=\"brz-css-7i07n4 brz-css-1ylkfrt brz-wrapper\">\n<div class=\"brz-rich-text brz-rich-text__custom brz-css-1k5vgn\" data-brz-custom-id=\"sbmonjbuuarnafgkmmbhhmyrqxyezdgpwbuk\">\n<div data-brz-translate-text=\"1\">\n<h2 class=\"brz-text-lg-left brz-tp-lg-empty brz-ff-blinker brz-ft-google brz-fs-lg-25 brz-fss-lg-px brz-fw-lg-400 brz-ls-lg-m_1 brz-lh-lg-1_4 brz-css-upqeo\" data-uniq-id=\"tsgvk\" data-generated-css=\"brz-css-endqc\">PLASMA-,  HAPE- JA MICRONEEDLING <\/h2>\n<\/div>\n<\/div>\n<\/div>\n<div id=\"\" class=\"brz-css-7i07n4 brz-wrapper\">\n<div class=\"brz-rich-text brz-rich-text__custom brz-css-1k5vgn\" data-brz-custom-id=\"uiuhfovokantdddhplvdphhosgmbzyxozize\">\n<div data-brz-translate-text=\"1\">\n<p class=\"brz-tp-lg-subtitle brz-text-lg-left brz-css-b6P0e\" data-generated-css=\"brz-css-kwrcv\" data-uniq-id=\"yqvbs\"><span class=\"brz-cp-color7 brz-span\">on mu \u00fched lemmikuimad protseduurid. Ja endiselt hoolitseb mu naha eest Viktoria Saks, leiad ta Instagrami konto <\/span><a class=\"link--external brz-cp-color7\" href=\"https:\/\/www.instagram.com\/saks_wellnessandbeauty\/\" data-brz-link-type=\"external\">SIIA KLIKKIDES<\/a><span class=\"brz-cp-color7\">. Ja muidugi k\u00e4in ma oma keha v\u00e4limuse ning hea enesetunde ning organismi toimimiseks ka l\u00fcmfimassaa\u017eis Viktoria juures. <\/span><\/p>\n<p data-generated-css=\"brz-css-kwrcv\" data-uniq-id=\"yqvbs\" class=\"brz-tp-lg-subtitle brz-text-lg-left brz-css-xi1XQ\"><span class=\"brz-cp-color7\"> Minu naha lugu saad Sa soovi korral lugeda veidi blogis ajas tagasi liikudes. Kes pole lugenud, soovitan. <\/span><\/p>\n<p data-generated-css=\"brz-css-kwrcv\" data-uniq-id=\"yqvbs\" class=\"brz-tp-lg-subtitle brz-text-lg-left brz-css-zFQNV\"><span class=\"brz-cp-color7\"> Aga, praegu hoian ma nahka korras siiski Viktoria abiga, VAID kindlate toodetega. Muidugi ma ei tarbi laktoosi, enam ei saa ka soya ega p\u00e4hkleid tarbida. Pead m\u00f5tlema, mida ka sisse ahnitsed. Kindlasti teeb v\u00e4rske head, samuti kvaliteetne kollageen ning vitamiinid.  Plasma protseduuri v\u00f5ib igal ajal teha, see t\u00f5mbab p\u00f5letikud nii kiirelt alla, v\u00e4hendab sinikaid, haavade turseid jne, see sobib ideaalselt ka operatsioonist taastumiseks! Happehooldust p\u00e4iksega pigem ei tee ja see on mul s\u00fcgiseks v\u00f5i talveks j\u00e4\u00e4nud, kuid seda polegi ammu teinud, pigem olengi ehk microneedlingut teinud. See protseduur s\u00f5na otseses m\u00f5ttes mikron\u00f5elub naha l\u00e4bi ja \u00f5igesti tehes, panned normaalselt kokteili, mida Viktoria imeliselt teeb, peale sellist protseduuri on nahk NII ILUS, nahk hakkab meeletult kollageeni tootma ja uueneb, armid paranevad. Eriti s\u00fcgavateks armideks tuleb k\u00e4ia ikka mitu mitu korda. Mina olen k\u00e4inud ja olen rahul ka. Alguses k\u00e4id regulaarsemalt, hiljem harvemini. <\/span><\/p>\n<p data-generated-css=\"brz-css-kwrcv\" data-uniq-id=\"yqvbs\" class=\"brz-tp-lg-subtitle brz-text-lg-left brz-css-v0kvQ\"><span class=\"brz-cp-color7\"> <\/span><\/p>\n<\/div>\n<\/div>\n<\/div>\n<div id=\"\" class=\"brz-css-7i07n4 brz-css-1jxpwwz brz-css-16dcevh brz-wrapper\">\n<div class=\"brz-spacer brz-css-zb3maz brz-css-1xn0bzw\"><\/div>\n<\/div>\n<\/div>\n<\/div>\n<div class=\"brz-columns brz-css-pefvmt brz-css-14c1ku4\" data-brz-custom-id=\"marslbopglpqwgzqhkwsnwisaymtqkhftunb\">\n<div class=\"brz-bg\"><\/div>\n<div class=\"brz-column__items brz-css-q9vyi1 brz-css-hdnw22\">\n<div id=\"\" class=\"brz-css-7i07n4 brz-css-oh88dj brz-wrapper\">\n<div class=\"brz-image brz-css-1rsv24l brz-css-1ylw0yu\" data-brz-custom-id=\"bmkpmgmolqruxdyfmfwxbfjrnmungaxinfuz\"><img decoding=\"async\" class=\"brz-img\" src=\"https:\/\/paulalill.com\/?brizy_media=wp-85467d55a6601d94123ca7d47f846ec7.jpg&amp;brizy_crop=iW%3D549%26iH%3D733%26oX%3D0%26oY%3D0%26cW%3D505%26cH%3D733\" alt=\"\" loading=\"lazy\"><\/div>\n<\/div>\n<\/div>\n<\/div>\n<\/div>\n<\/div>\n<\/div>\n<\/div>\n<\/section>\n<section id=\"_weqkenwydszbxqsuausaprecpjmxdetnjkbw\" class=\"brz-section brz-css-1kl9oim\">\n<div class=\"brz-section__content brz-section--boxed brz-css-fe9h8q brz-css-pczd8y\" data-brz-custom-id=\"tnvgnsikjqonrtqdqbtztmkfxstnjbqeebpf\">\n<div class=\"brz-container brz-css-plkchx\">\n<div class=\"brz-row__container brz-css-mdnvas\" data-brz-custom-id=\"harqzgoggzhktbpiqgvyfzzxkguztfsqbsle\">\n<div class=\"brz-bg\"><\/div>\n<div class=\"brz-row brz-css-1q691o6 brz-css-1ydhyzy\">\n<div class=\"brz-columns brz-css-pefvmt brz-css-17gk3uj\" data-brz-custom-id=\"fqxxsqqmcacfsxdmtbyzwolpgsyzebtmtlal\">\n<div class=\"brz-bg\"><\/div>\n<div class=\"brz-column__items brz-css-q9vyi1 brz-css-1hvk8gd\">\n<div id=\"\" class=\"brz-css-7i07n4 brz-css-n8lwoy brz-wrapper\">\n<div class=\"brz-image brz-css-lm1ygn brz-css-k3n3fz\" data-brz-custom-id=\"rzmxxqlxvkyhueeevrnqzhqxavrwqcjfceei\"><img decoding=\"async\" class=\"brz-img\" src=\"https:\/\/paulalill.com\/?brizy_media=wp-136e10e86354be93c5350317dffa9db5.jpg&amp;brizy_crop=iW%3D491%26iH%3D654%26oX%3D0%26oY%3D0%26cW%3D472%26cH%3D654\" alt=\"\" loading=\"lazy\"><\/div>\n<\/div>\n<div id=\"\" class=\"brz-css-7i07n4 brz-wrapper\">\n<div class=\"brz-rich-text brz-rich-text__custom brz-css-1k5vgn\" data-brz-custom-id=\"iqezhsvnkbrvzeztriszkpghrieezajxzrof\">\n<div data-brz-translate-text=\"1\">\n<p class=\"brz-tp-lg-paragraph brz-css-ubHkZ\" data-uniq-id=\"yzypy\" data-generated-css=\"brz-css-aagyx\"><span class=\"brz-cp-color7\">Olen just protseduurilt tulnud ja ausalt ma ei ole n\u00e4inud kedagi, kes paneks nii palju igasugust kvaliteetset kraami, vip-maske jne Sulle nahale. Muidugi teeb Viktoria head ka dekolteele, sest kui Su n\u00e4onahk on ilus, aga kael on kortsus ja vana, siis on kael \u00fcks suur reetur. Hoolitse igap\u00e4evaselt ka ise kaela eest. <\/span><\/p>\n<\/div>\n<\/div>\n<\/div>\n<\/div>\n<\/div>\n<div class=\"brz-columns brz-css-pefvmt brz-css-bqxvus\" data-brz-custom-id=\"joznjsxiddzevtbqgpaiinxrhjwbtkegvjtn\">\n<div class=\"brz-bg\"><\/div>\n<div class=\"brz-column__items brz-css-q9vyi1 brz-css-1sioy6m\">\n<div id=\"\" class=\"brz-css-7i07n4 brz-css-1aalzbk brz-wrapper\">\n<div class=\"brz-rich-text brz-rich-text__custom brz-css-1k5vgn\" data-brz-custom-id=\"denxkpkiydvmicupiuymeihnixcrtztwbeoc\">\n<div data-brz-translate-text=\"1\">\n<h1 class=\"brz-tp-lg-heading1 brz-css-iU3V4\" data-uniq-id=\"eqrla\" data-generated-css=\"brz-css-duslw\"><\/h1>\n<\/div>\n<\/div>\n<\/div>\n<div id=\"\" class=\"brz-css-7i07n4 brz-css-1jxpwwz brz-css-acsb6o brz-wrapper\">\n<div class=\"brz-spacer brz-css-zb3maz brz-css-1y6at1k\"><\/div>\n<\/div>\n<div id=\"\" class=\"brz-css-7i07n4 brz-wrapper\">\n<div class=\"brz-icon-text brz-css-15uy73l brz-css-111ttrb\" data-brz-custom-id=\"kiqvliexmurhjmnhjmxuyjprvveqczflgjqo\">\n<div class=\"brz-icon__container\" data-brz-custom-id=\"muggnsayhlpuricshxjaoxqmtoysrcrvowki\"><span class=\"brz-icon brz-span brz-css-91r9bs brz-css-gkbbpe\"><\/span><\/div>\n<div class=\"brz-text-btn\">\n<div class=\"brz-rich-text brz-rich-text__custom brz-css-1k5vgn\" data-brz-custom-id=\"wbufnlmvttazpawifxfvwncmomryhwtcipzl\">\n<div data-brz-translate-text=\"1\">\n<h5 class=\"brz-tp-lg-heading5 brz-mb-lg-10 brz-mt-lg-5 brz-css-fXtTA\" data-generated-css=\"brz-css-fcjlz\" data-uniq-id=\"yujew\"><span class=\"brz-cp-color5\">Minu arstikapp<\/span><\/h5>\n<p data-generated-css=\"brz-css-szhdj\" data-uniq-id=\"aobhq\" class=\"brz-tp-lg-paragraph brz-css-u9e6f\"><span class=\"brz-cp-color7\">N\u00e4o pesuks kasutan Bioline niisutavat n\u00e4opesugeeli v\u00f5i DermOrganic niisutavat eriti \u00f5rna kookosega Body wash\u00ed.  Mulle meeldib ka see Crema-latte Delicate milk cleanser. Siis kasutan toniseerimiseks Hydra toonikut, tegelikult toonikuga toniseerides n\u00e4ed, kas nahk on puhas v\u00f5i mitte, enamjaolt, kui oled meiki kandnud p\u00e4eval, siis mitte. Silmadele kasutan Eye contour gel Aqua +. Muidugi kasutan ma Exfo Daily koorijat. <\/span><\/p>\n<p data-generated-css=\"brz-css-szhdj\" data-uniq-id=\"aobhq\" class=\"brz-tp-lg-paragraph brz-css-lBGxi\"><span class=\"brz-cp-color7\">CNC ampulle.  Vita+ seerumit Nettare in gocce. Kindlasti DE-SENSE instant relief rammusamat n\u00e4okreemi. Samuti sobib mulle ka kergem Aqua+ n\u00e4okreem. Tegelt on mul veel tohutult tooteid, ega ma korraga ei kasutagi, \u00fchel p\u00e4eval see teisel too. Mujl on veel Hikari Golden mask infrapuna v\u00e4rgiga, samuti Dolce mask ja veel veel veel..Hahahah. Need k\u00f5ik on mul Viktoria k\u00e4est saadud. Kui tahad ka enda nahale midagi sobivat, siis kenasti tutvub Sinu nahaga esimesel protseduuril ja uurib, mida kasutad, ole aus, sest see aitab Sinu nahka v\u00e4ga! Hoolitse oma naha eest ja Sa julged uhkelt ilma meigita k\u00e4ia. Tunnistan, et stress teeb oma t\u00f6\u00f6. N\u00e4iteks suured muutused elus, suured kolimised, rahastress vms.. no seda ei tasu imestada, kui tulevad punnikesed n\u00e4kku v\u00f5i uued kortsud. Aga seda saab leevendada hea ja kvaliteetse koduse hooldusega ning kindlasti Viktoria professionaalse abiga. <\/span><\/p>\n<\/div>\n<\/div>\n<\/div>\n<\/div>\n<\/div>\n<div id=\"\" class=\"brz-css-7i07n4 brz-css-1jxpwwz brz-css-c1tjo5 brz-wrapper\">\n<div class=\"brz-spacer brz-css-zb3maz brz-css-1yu7x6n\"><\/div>\n<\/div>\n<\/div>\n<\/div>\n<\/div>\n<\/div>\n<\/div>\n<\/div>\n<\/section>\n<section id=\"_wckpfxbmzoyzolaiiggqsyzmrrppmlhgzlfd\" class=\"brz-section brz-css-1kl9oim\">\n<div class=\"brz-section__content brz-section--boxed brz-css-fe9h8q brz-css-1tbpepk\" data-brz-custom-id=\"xbdivautytzdjoshmyqxwgwxrfayftbdswhe\">\n<div class=\"brz-container brz-css-plkchx\">\n<div class=\"brz-row__container brz-css-mdnvas\" data-brz-custom-id=\"wzesfagbmxooeaisvrjksxqidjvcllgrbnlr\">\n<div class=\"brz-bg\"><\/div>\n<div class=\"brz-row brz-css-1q691o6 brz-css-1ydhyzy\">\n<div class=\"brz-columns brz-css-pefvmt brz-css-1kov3cb\" data-brz-custom-id=\"kfzvtuazkucldmaikffdzkcxlrnpqxraijos\">\n<div class=\"brz-bg\"><\/div>\n<div class=\"brz-column__items brz-css-q9vyi1 brz-css-19emcjv\">\n<div id=\"\" class=\"brz-css-7i07n4 brz-wrapper\">\n<div class=\"brz-rich-text brz-rich-text__custom brz-css-1k5vgn\" data-brz-custom-id=\"ptwntjccnuhgkyoabzbrkhshxluffikotkry\">\n<div data-brz-translate-text=\"1\">\n<p class=\"brz-fss-lg-px brz-fw-lg-400 brz-ls-lg-m_0_5 brz-lh-lg-1_4 brz-tp-lg-empty brz-ff-montserrat brz-ft-google brz-fs-lg-16 brz-css-lGceM\" data-generated-css=\"brz-css-ovccf\" data-uniq-id=\"jawka\"><span class=\"brz-cp-color4\">RIPSMED\/KULMUD<\/span><\/p>\n<\/div>\n<\/div>\n<\/div>\n<div id=\"\" class=\"brz-css-7i07n4 brz-wrapper\">\n<div class=\"brz-rich-text brz-rich-text__custom brz-css-1k5vgn\" data-brz-custom-id=\"xrbikepkkmvohxwakdvqtjhkwlrfudslrqnf\">\n<div data-brz-translate-text=\"1\">\n<p class=\"brz-tp-lg-paragraph brz-css-wRm4i\" data-uniq-id=\"raazk\" data-generated-css=\"brz-css-vydtk\"><span class=\"brz-cp-color7\">The Ordinary multi peptide Lash and Brow Serum t\u00f6\u00f6tab imeiselt! Ripsmed on palju pikemad ja kulmud samuti tihedamad. Mul on p\u00fcsimeik, aga tegelikult l\u00f5pud on p\u00e4ris h\u00f5redad olnud koguaeg. Mehed v\u00f5ivad seda ka habemele kasutada! Soovitan ka Biotiini ja kollageeni selliste murede lahendamiseks. <\/span><\/p>\n<\/div>\n<\/div>\n<\/div>\n<\/div>\n<\/div>\n<div class=\"brz-columns brz-css-pefvmt brz-css-m94i9h\" data-brz-custom-id=\"mdqgevilsghzjoesgovxtdtbtxhmabjklcid\">\n<div class=\"brz-bg\"><\/div>\n<div class=\"brz-column__items brz-css-q9vyi1 brz-css-kovayw\">\n<div id=\"\" class=\"brz-css-7i07n4 brz-wrapper\">\n<div class=\"brz-rich-text brz-rich-text__custom brz-css-1k5vgn\" data-brz-custom-id=\"zetcnavqvwnsekhtiulaohdmgqddxzizfptg\">\n<div data-brz-translate-text=\"1\">\n<p data-generated-css=\"brz-css-ffydn\" data-uniq-id=\"ejjyy\" class=\"brz-tp-lg-empty brz-ff-montserrat brz-ft-google brz-fs-lg-16 brz-fss-lg-px brz-fw-lg-400 brz-ls-lg-m_0_5 brz-lh-lg-1_4 brz-css-aAQGp\"><span>HUULED<\/span><\/p>\n<\/div>\n<\/div>\n<\/div>\n<div id=\"\" class=\"brz-css-7i07n4 brz-wrapper\">\n<div class=\"brz-rich-text brz-rich-text__custom brz-css-1k5vgn\" data-brz-custom-id=\"whoyvjnhcjlsfccfgpsuqfkfhcczlfryqccg\">\n<div data-brz-translate-text=\"1\">\n<p class=\"brz-tp-lg-paragraph brz-css-vXRiQ\" data-uniq-id=\"ltfxm\" data-generated-css=\"brz-css-pxspg\"><span class=\"brz-cp-color7\">No see on n\u00fc\u00fcd k\u00fcll \u00fcks \u00e4ge saladus. Paljud arvavad pidevalt, et Paula on J\u00c4LLE huuli k\u00e4inud s\u00fcstimas, tegelt on nii, et ma olen seda teinud aasta v\u00f5i kahe kaupa ja \u00fcldse mitte palju kordi. Aga, ma kasutan CNC Lip Volume eriti tugevat Hyaluroon balmi alplikaatoriga. See on nii tugev, seda kasutatakse vaid 2x p\u00e4evas ja seda saad ka Viktorialt v\u00e4ga tahetud kaubana. <\/span><\/p>\n<\/div>\n<\/div>\n<\/div>\n<\/div>\n<\/div>\n<div class=\"brz-columns brz-css-pefvmt brz-css-1vabkyj\" data-brz-custom-id=\"wsrorhrjaqwwunkmbtawbxzkladkyttpvtpn\">\n<div class=\"brz-bg\"><\/div>\n<div class=\"brz-column__items brz-css-q9vyi1 brz-css-dt4vfk\">\n<div id=\"\" class=\"brz-css-7i07n4 brz-wrapper\">\n<div class=\"brz-rich-text brz-rich-text__custom brz-css-1k5vgn\" data-brz-custom-id=\"sovzcqdpuzlxpaaaekhgmwiybgoljqgjgxio\">\n<div data-brz-translate-text=\"1\">\n<p data-uniq-id=\"ewgqs\" data-generated-css=\"brz-css-owjdz\" class=\"brz-tp-lg-empty brz-ff-montserrat brz-ft-google brz-fs-lg-16 brz-fss-lg-px brz-fw-lg-400 brz-ls-lg-m_0_5 brz-lh-lg-1_4 brz-css-czEAj\"><span class=\"brz-cp-color4\">RETINOL<\/span><\/p>\n<\/div>\n<\/div>\n<\/div>\n<div id=\"\" class=\"brz-css-7i07n4 brz-wrapper\">\n<div class=\"brz-rich-text brz-rich-text__custom brz-css-1k5vgn\" data-brz-custom-id=\"nizlgunmporxhnvyeyvozdgtiwrneyyrtpof\">\n<div data-brz-translate-text=\"1\">\n<p class=\"brz-tp-lg-paragraph brz-css-gz0bN\" data-uniq-id=\"yefpy\" data-generated-css=\"brz-css-xzdhn\"><span class=\"brz-cp-color7\">Retinoliga tuleb ettevaatlik olla. Ma muidu olen super tundlik, allergik, mida veel olla ei saa. Aga see sobib mulle. The Ordinary Retinol 0,5% in Squalance ja mulle meeldib veel 1% ka. Lihtsalt Sina pigem proovi 0,5% esialgu. Vika on mu naha nii ette valmistanud, et mu nahk isegi ei kooru ega kestenda kuskilt nagu v\u00f5ib juhtuda esialgu. Mul on vaid firming efekt. <\/span><\/p>\n<\/div>\n<\/div>\n<\/div>\n<\/div>\n<\/div>\n<\/div>\n<\/div>\n<div id=\"\" class=\"brz-css-7i07n4 brz-wrapper\">\n<div class=\"brz-rich-text brz-rich-text__custom brz-css-1k5vgn\" data-brz-custom-id=\"gxthncmzfftqyvqhqwomqzocvpsozfoqpfue\">\n<div data-brz-translate-text=\"1\">\n<p class=\"brz-tp-lg-paragraph brz-css-fY4zA\" data-uniq-id=\"acsfr\" data-generated-css=\"brz-css-wgeua\"><span class=\"brz-cp-color7\">Ma v\u00e4ga loodan, et keegi, kes tunneb, et peab oma imelist n\u00e4onahka varjama igap\u00e4evaselt meigiga leiab oma tee mu imelise Viktoria juurde! Vahel on Sul n\u00e4gu vanast nohust vms nii paistes, et Sa ei vaja n\u00e4ohooldust vaid \u00fchte korralikku l\u00fcmfimassaa\u017ei, mis h\u00f5lmab ka n\u00e4gu &#8211; ja oledki n\u00e4ost justkui endine. No Naised, enda eest hoolitsemine, see on v\u00e4gev! Sa leiad selleks aega ja ka raha. Enda h\u00e4sti tundmine, pigem on see nooruse saladus. Muidugi \u00e4ratab see Sinus naiselikkuse ja puhked \u00f5ide. Muidugi, kui oskad seda nautida ja korraks paned t\u00f6\u00f6 jms mured pausile. Oled lihtsalt wonderwoman. Loodan, et minu lugu, minu blogi aitab kedagi. Ma n\u00e4en, et te loete ja ma tean, et see loeb, et keegi kirjutab nii. Sest ma olen k\u00e4inud v\u00e4ga pika tee maha, oleks ma varem Viktoriaga kohtunud. Aga k\u00f5ik juhtub meie elus t\u00e4pselt siis ja nii kuidas ning kuna see juhtuma peab.<\/span><\/p>\n<\/div>\n<\/div>\n<\/div>\n<\/div>\n<\/div>\n<\/section>\n<section id=\"_twgqagltrtcmbjqrmgvuajnmwnfbsduoqiua\" class=\"brz-section brz-css-1kl9oim\">\n<div class=\"brz-section__content brz-section--boxed brz-css-fe9h8q brz-css-1ejio45\" data-brz-custom-id=\"zpivskfsqrngpklfnrvnajvlbhnsiftuysoe\">\n<div class=\"brz-container brz-css-plkchx\">\n<div class=\"brz-row__container brz-css-mdnvas\" data-brz-custom-id=\"bteddojgeugxamzdvtcknhoyawyhysggkwqp\">\n<div class=\"brz-bg\"><\/div>\n<div class=\"brz-row brz-css-1q691o6 brz-css-1ydhyzy\">\n<div class=\"brz-columns brz-css-pefvmt brz-css-f59r6s\" data-brz-custom-id=\"fitiqhuqtnuadxlevgfidzhsxfxcpdjqcjkc\">\n<div class=\"brz-bg\"><\/div>\n<div class=\"brz-column__items brz-css-q9vyi1 brz-css-cpvamg\">\n<div id=\"\" class=\"brz-css-7i07n4 brz-wrapper\">\n<div class=\"brz-rich-text brz-rich-text__custom brz-css-1k5vgn\" data-brz-custom-id=\"pbsloqozngjvdqnawhcfadukznfyjmrmdnxh\">\n<div data-brz-translate-text=\"1\">\n<h3 class=\"brz-tp-lg-heading3 brz-css-zjYuA\" data-generated-css=\"brz-css-ylkts\" data-uniq-id=\"iusay\">Contact me<\/h3>\n<\/div>\n<\/div>\n<\/div>\n<div id=\"\" class=\"brz-css-7i07n4 brz-wrapper\">\n<div class=\"brz-rich-text brz-rich-text__custom brz-css-1k5vgn\" data-brz-custom-id=\"gmonjdlzskmekrsimvfmmgypymcuvrululyf\">\n<div data-brz-translate-text=\"1\">\n<p class=\"brz-tp-lg-paragraph brz-css-fti6e\" data-uniq-id=\"uubzi\" data-generated-css=\"brz-css-thdkc\"><span class=\"brz-cp-color7\">info@paulalill.com<\/span><\/p>\n<p class=\"brz-tp-lg-paragraph brz-css-ymSWn\" data-uniq-id=\"vcrjq\" data-generated-css=\"brz-css-ebrgt\"><span class=\"brz-cp-color7 brz-pre-population-visible\">#collabration #<\/span><span class=\"brz-cp-color7\"> nikon <\/span><span class=\"brz-cp-color7 brz-pre-population-visible\">#photohraphy #contencreator #dreamhuntermarketing<\/span><\/p>\n<\/div>\n<\/div>\n<\/div>\n<\/div>\n<\/div>\n<div class=\"brz-columns brz-css-pefvmt brz-css-23niy8\" data-brz-custom-id=\"qdmraqmztnngxpgnarapnakgxqqnbudgmide\">\n<div class=\"brz-column__items brz-css-q9vyi1 brz-css-6cwa1k\">\n<div id=\"\" class=\"brz-css-7i07n4 brz-css-ovy8b6 brz-wrapper\">\n<div class=\"brz-image brz-css-10pq1ig brz-css-vt2z8g\" data-brz-custom-id=\"pmkxhntywkgpynyrnxurarpdghscqbtmymlz\"><img decoding=\"async\" class=\"brz-img\" src=\"https:\/\/paulalill.com\/?brizy_media=d03-Img-Lemmons-1.jpg&amp;brizy_crop=iW%3D263%26iH%3D263%26oX%3D0%26oY%3D0%26cW%3D263%26cH%3D263\" alt=\"\" loading=\"lazy\"><\/div>\n<\/div>\n<\/div>\n<\/div>\n<div class=\"brz-columns brz-css-pefvmt brz-css-g47kt4\" data-brz-custom-id=\"ydxzhumvoqxsjqmdsfbealcosttvuxmwpbaa\">\n<div class=\"brz-column__items brz-css-q9vyi1 brz-css-w3bpm0\">\n<div id=\"\" class=\"brz-css-7i07n4 brz-wrapper\">\n<div class=\"brz-image brz-css-1ehwgyt brz-css-1dkw4ji\" data-brz-custom-id=\"qfjtyjpbadxrghylascqhlywgcoxdduvokov\"><img decoding=\"async\" class=\"brz-img\" src=\"https:\/\/paulalill.com\/wp-content\/uploads\/brizy\/imgs\/d03-Img-Yellow-Paper-263x263x0x0x263x263x1726642576.jpg\" alt=\"\" loading=\"lazy\"><\/div>\n<\/div>\n<\/div>\n<\/div>\n<div class=\"brz-columns brz-css-pefvmt brz-css-xoj53x\" data-brz-custom-id=\"euhowamlvhvbivoqztdoqrfokwkpojekexeq\">\n<div class=\"brz-column__items brz-css-q9vyi1 brz-css-18oe16l\">\n<div id=\"\" class=\"brz-css-7i07n4 brz-css-sjzcrc brz-wrapper\">\n<div class=\"brz-image brz-css-1x961st brz-css-xpkvcn\" data-brz-custom-id=\"wntksklwoqqdqhgmzmnfhzasbwvslnjwqzew\"><img decoding=\"async\" class=\"brz-img\" src=\"https:\/\/paulalill.com\/wp-content\/uploads\/brizy\/imgs\/d03-Img-Polaroid-Film-263x263x0x0x263x263x1726642576.jpg\" alt=\"\" loading=\"lazy\"><\/div>\n<\/div>\n<\/div>\n<\/div>\n<\/div>\n<\/div>\n<\/div>\n<\/div>\n<\/section>\n<\/div>\n<p>    <!-- version:1737021675 --><\/p>","protected":false},"excerpt":{"rendered":"<p>NAHAHOOLDUS PLASMA-, HAPE- JA MICRONEEDLING on mu \u00fched lemmikuimad protseduurid. Ja endiselt hoolitseb mu naha eest Viktoria Saks, leiad ta Instagrami konto SIIA KLIKKIDES. Ja muidugi k\u00e4in ma oma keha v\u00e4limuse ning hea enesetunde ning organismi toimimiseks ka l\u00fcmfimassaa\u017eis Viktoria juures. Minu naha lugu saad Sa soovi korral lugeda veidi blogis ajas tagasi liikudes. Kes [&hellip;]<\/p>","protected":false},"author":1,"featured_media":0,"parent":0,"menu_order":0,"comment_status":"closed","ping_status":"closed","template":"brizy-blank-template.php","meta":{"_monsterinsights_skip_tracking":false,"_monsterinsights_sitenote_active":false,"_monsterinsights_sitenote_note":"","_monsterinsights_sitenote_category":0,"footnotes":""},"brizy_media":[{"id":10274,"url":"https:\/\/paulalill.com\/wp-content\/uploads\/2022\/11\/IMG_6979_Facetune_17-11-2022-18-45-41-scaled.jpg","name":"IMG_6979_Facetune_17-11-2022-18-45-41.jpg","meta":{"brizy_attachment_uid":"wp-136e10e86354be93c5350317dffa9db5.jpg","brizy_post_uid":["63a3c2a864c482e0e57d182635478ea8"]}},{"id":10276,"url":"https:\/\/paulalill.com\/wp-content\/uploads\/2022\/11\/IMG_6982_Facetune_17-11-2022-18-45-28-scaled.jpg","name":"IMG_6982_Facetune_17-11-2022-18-45-28.jpg","meta":{"brizy_attachment_uid":"wp-85467d55a6601d94123ca7d47f846ec7.jpg","brizy_post_uid":["63a3c2a864c482e0e57d182635478ea8"]}}],"_links":{"self":[{"href":"https:\/\/www.paulalill.com\/en\/wp-json\/wp\/v2\/pages\/10269"}],"collection":[{"href":"https:\/\/www.paulalill.com\/en\/wp-json\/wp\/v2\/pages"}],"about":[{"href":"https:\/\/www.paulalill.com\/en\/wp-json\/wp\/v2\/types\/page"}],"author":[{"embeddable":true,"href":"https:\/\/www.paulalill.com\/en\/wp-json\/wp\/v2\/users\/1"}],"replies":[{"embeddable":true,"href":"https:\/\/www.paulalill.com\/en\/wp-json\/wp\/v2\/comments?post=10269"}],"version-history":[{"count":5,"href":"https:\/\/www.paulalill.com\/en\/wp-json\/wp\/v2\/pages\/10269\/revisions"}],"predecessor-version":[{"id":10309,"href":"https:\/\/www.paulalill.com\/en\/wp-json\/wp\/v2\/pages\/10269\/revisions\/10309"}],"wp:attachment":[{"href":"https:\/\/www.paulalill.com\/en\/wp-json\/wp\/v2\/media?parent=10269"}],"curies":[{"name":"wp","href":"https:\/\/api.w.org\/{rel}","templated":true}]}}