{"id":10338,"date":"2022-11-26T19:38:46","date_gmt":"2022-11-26T19:38:46","guid":{"rendered":"https:\/\/paulalill.com\/?page_id=10338"},"modified":"2026-04-07T17:24:08","modified_gmt":"2026-04-07T17:24:08","slug":"game","status":"publish","type":"page","link":"https:\/\/www.paulalill.com\/en\/game\/","title":{"rendered":"game"},"content":{"rendered":"<div class=\"brz-root__container brz-reset-all brz brz-root__container-page\">\n<section id=\"_yjoehwdaliecxqnnrnmnchmfcpyhwjnkzigy\" class=\"brz-section brz-css-7fvd42\">\n<div class=\"brz-section__content brz-section--boxed brz-css-1r2k2br brz-css-dvyobx\" data-brz-custom-id=\"wtoepjvobvcyspwodbvlcalphuczlrctvmzc\">\n<div class=\"brz-bg\">\n<div class=\"brz-bg-color\"><\/div>\n<\/div>\n<div class=\"brz-container brz-css-gpdry0\">\n<div class=\"brz-row__container brz-css-1sni88t brz-css-xauv9j\" data-brz-custom-id=\"vcakckvmtkmcobsgsfusvxwjnimteiblvbrc\">\n<div class=\"brz-bg\"><\/div>\n<div class=\"brz-row brz-css-1c31bn brz-css-1buzik5\">\n<div class=\"brz-columns brz-css-yea981 brz-css-12gyx2m\" data-brz-custom-id=\"ebmbcojbufxjpdptriugvvccqyuzyopsdhgg\">\n<div class=\"brz-column__items brz-css-16hvhkc brz-css-ig27ht\">\n<div id=\"\" class=\"brz-css-1u4nuxo brz-css-vvh6qp brz-wrapper\">\n<div class=\"brz-rich-text brz-rich-text__custom brz-css-r21nc1\" data-brz-custom-id=\"vmgpdeaqfabgerkrmvbhvcokvsilpkitlywb\">\n<div data-brz-translate-text=\"1\">\n<h2 class=\"brz-text-xs-center brz-tp-lg-heading2 brz-css-fQ8Y0\" data-uniq-id=\"yhddj\" data-generated-css=\"brz-css-pkwmw\"><span class=\"brz-cp-color2\">K\u00f5ige kalleim aeg.. perega! <\/span><\/h2>\n<\/div>\n<\/div>\n<\/div>\n<div id=\"\" class=\"brz-css-1u4nuxo brz-wrapper\">\n<div class=\"brz-rich-text brz-rich-text__custom brz-css-r21nc1\" data-brz-custom-id=\"gnqrgdcxmdlfjyxdaidjdxoyfphdgcyaefev\">\n<div data-brz-translate-text=\"1\">\n<p class=\"brz-text-xs-center brz-tp-lg-subtitle brz-css-nsXys\" data-uniq-id=\"khgcm\" data-generated-css=\"brz-css-eobwj\">Mida teha tubastes tingimustes, et k\u00f5igil oleks tore ja ka vanematel huvitav? See on alati selline pingeline k\u00fcsimus, aga mul on teile vastus. Braingames kaupluses on v\u00e4ga palju lahedaid m\u00e4nge, teenindajad on V\u00c4GA teadlikud ja peavadki olema. Sest see pood on puup\u00fcsti t\u00e4is m\u00e4nge, mis v\u00f5ivad isegi liiga keerulised olla. Naerge naerge! Aga ma k\u00fcsin alati n\u00f5u, et sobiks 8-aastasele ja poleks liiga pikk jne, seal on nii palju erinevaid m\u00e4nge. <\/p>\n<\/div>\n<\/div>\n<\/div>\n<div id=\"\" class=\"brz-css-1u4nuxo brz-css-sv5xdh brz-css-1ux6xei brz-wrapper\">\n<div class=\"brz-spacer brz-css-msz5nz brz-css-1wal52y\"><\/div>\n<\/div>\n<div class=\"brz-row__container brz-css-1sni88t\" data-brz-custom-id=\"rinfzzmyqczhveigxmzpdwpkaqqsfwqgfvmk\">\n<div class=\"brz-bg\"><\/div>\n<div class=\"brz-row brz-row--inner brz-css-1c31bn brz-css-1buzik5\">\n<div class=\"brz-columns brz-css-yea981 brz-css-euvtt3\" data-brz-custom-id=\"uvwarfdlqavpasaeevittrltwbbijvncmain\">\n<div class=\"brz-bg\"><\/div>\n<div class=\"brz-column__items brz-css-16hvhkc brz-css-qm6iyq\">\n<div id=\"\" class=\"brz-css-1u4nuxo brz-wrapper\">\n<div class=\"brz-rich-text brz-rich-text__custom brz-css-r21nc1\" data-brz-custom-id=\"wevafvigsyigumthndfojcerwrielmmbxrck\">\n<div data-brz-translate-text=\"1\">\n<p class=\"brz-tp-lg-paragraph brz-css-gNhys\" data-uniq-id=\"grjca\" data-generated-css=\"brz-css-geumj\">Esimene m\u00e4ng on selline, kus tuleb 6 v\u00e4rvi \u00f5iges j\u00e4rjekorras meelde j\u00e4tta ning loeb ka kiirus. Tundub lihtne? \ud83d\ude00 Oh ei, tule nutiseadmest v\u00e4lja ja palu oma ajul 6 erinevat v\u00e4rvi meelde j\u00e4tta. Olen aus, alguses on p\u00e4ris keeruline. Hea m\u00e4ng teritamaks m\u00f5istust. Alguses ei saanud me nii kergelt vedama, kuna istuti arvutis ja teistsugune p\u00f5nevus oli sees, siis karpi avades juba oli kutil juba vaim valmis. Kindlasti utsitage lapsi ka koos m\u00e4ngima just selliseid m\u00e4nge. <\/p>\n<\/div>\n<\/div>\n<\/div>\n<\/div>\n<\/div>\n<\/div>\n<\/div>\n<div id=\"\" class=\"brz-css-1u4nuxo brz-css-sv5xdh brz-css-1bhd40d brz-wrapper\">\n<div class=\"brz-spacer brz-css-msz5nz brz-css-vi4urv\"><\/div>\n<\/div>\n<\/div>\n<\/div>\n<div class=\"brz-columns brz-css-yea981 brz-css-121nndb\" data-brz-custom-id=\"nuxrduciksjcvnqbjjtcuqzyvfzlwbobowej\">\n<div class=\"brz-bg\"><\/div>\n<div class=\"brz-column__items brz-css-16hvhkc brz-css-zw55eh\">\n<div id=\"\" class=\"brz-css-1u4nuxo brz-css-16f1pcf brz-wrapper\">\n<div class=\"brz-image brz-css-zb3w3v\" data-brz-custom-id=\"imteowdrqeeilaqnqwiwzwsepnpcaobejnwt\"><img decoding=\"async\" class=\"brz-img\" src=\"https:\/\/paulalill.com\/?brizy_media=wp-612c3d76b880cec0522574f60438b091.png&amp;brizy_crop=iW%3D340%26iH%3D736%26oX%3D22%26oY%3D70%26cW%3D296%26cH%3D596\" alt=\"\" loading=\"lazy\"><\/div>\n<\/div>\n<\/div>\n<\/div>\n<\/div>\n<\/div>\n<\/div>\n<\/div>\n<\/section>\n<section id=\"_edznhroltzyhblavsnntzllwxtzngtjpawyp\" class=\"brz-section brz-css-7fvd42\">\n<div class=\"brz-section__content brz-section--fullWidth brz-css-1r2k2br brz-css-1exvbkc\" data-brz-custom-id=\"anmbluwpjkkvyiyhjnovcqeuvfkspuzoytjk\">\n<div class=\"brz-container brz-css-gpdry0 brz-css-1e402vc\">\n<div class=\"brz-row__container brz-css-1sni88t\" data-brz-custom-id=\"ejuczhywpzjfcexzzbcusikgmaryzlwmhkbb\">\n<div class=\"brz-bg\"><\/div>\n<div class=\"brz-row brz-css-1c31bn brz-css-1buzik5\">\n<div class=\"brz-columns brz-css-yea981 brz-css-k5n0wu\" data-brz-custom-id=\"uuiwogltdhyrgxwlzeyrgzthpteqdgyizkjm\">\n<div class=\"brz-bg\"><\/div>\n<div class=\"brz-column__items brz-css-16hvhkc brz-css-z36b0m\">\n<div id=\"\" class=\"brz-css-1u4nuxo brz-css-y0srvh brz-wrapper\">\n<div class=\"brz-image brz-css-1zbyq8\" data-brz-custom-id=\"anluefnebmectphxpvujstocdkcmbizefogr\"><img decoding=\"async\" class=\"brz-img\" src=\"https:\/\/paulalill.com\/?brizy_media=wp-69341f44ecddc81eea8860e4ab067f33.jpg&amp;brizy_crop=iW%3D797%26iH%3D1417%26oX%3D0%26oY%3D372%26cW%3D797%26cH%3D672\" alt=\"\" loading=\"lazy\"><\/div>\n<\/div>\n<\/div>\n<\/div>\n<div class=\"brz-columns brz-css-yea981 brz-css-1t3l4av\" data-brz-custom-id=\"hmglthlazrtpalfosunafjlwegogmnhtkrix\">\n<div class=\"brz-bg\"><\/div>\n<div class=\"brz-column__items brz-css-16hvhkc brz-css-1qtk3rj\">\n<div id=\"\" class=\"brz-css-1u4nuxo brz-wrapper\">\n<div class=\"brz-rich-text brz-rich-text__custom brz-css-r21nc1\" data-brz-custom-id=\"gvnuixgurmrqdlyxpzakphhiwoivmjnismir\">\n<div data-brz-translate-text=\"1\">\n<h3 data-uniq-id=\"pjith\" data-generated-css=\"brz-css-cyhpw\" class=\"brz-fss-lg-px brz-fw-lg-400 brz-ls-lg-m_0_5 brz-lh-lg-1_4 brz-tp-lg-empty brz-ff-blinker brz-ft-google brz-fs-lg-17 brz-css-m1FbH\">SPEED COLORS <\/h3>\n<\/div>\n<\/div>\n<\/div>\n<div id=\"\" class=\"brz-css-1u4nuxo brz-wrapper\">\n<div class=\"brz-rich-text brz-rich-text__custom brz-css-r21nc1\" data-brz-custom-id=\"kilkabgbrtsljzcjpfeqkxkbufpmhddchbur\">\n<div data-brz-translate-text=\"1\">\n<p class=\"brz-tp-lg-paragraph brz-css-nZmmV\" data-uniq-id=\"aogmy\" data-generated-css=\"brz-css-fzsdy\"><span class=\"brz-cp-color7\">Tore m\u00e4ng kogu perele.<\/span><\/p>\n<\/div>\n<\/div>\n<\/div>\n<div id=\"\" class=\"brz-css-1u4nuxo brz-css-sv5xdh brz-css-aapq29 brz-wrapper\">\n<div class=\"brz-spacer brz-css-msz5nz brz-css-5sfkxg\"><\/div>\n<\/div>\n<div id=\"\" class=\"brz-css-1u4nuxo brz-wrapper\">\n<div class=\"brz-rich-text brz-rich-text__custom brz-css-r21nc1\" data-brz-custom-id=\"npayatgboqpefkbdhiotojeauxgowwztlzrv\">\n<div data-brz-translate-text=\"1\">\n<p class=\"brz-tp-lg-paragraph brz-css-mnmpH\" data-uniq-id=\"orbkc\" data-generated-css=\"brz-css-svpyn\"><span class=\"brz-cp-color7\">Mida peab m\u00e4ngus tegema? Esiteks seda saab kahekesti ka m\u00e4ngida.Jagatakse m\u00f5lemale joonistuskaart ja \u00fcks punktide m\u00e4rkimise kaart. Vaatad v\u00e4rvidega kaarti, p\u00fc\u00fcad meede j\u00e4tta, p\u00f6\u00f6rad \u00fcmber ja proovid \u00e4ra v\u00e4rvida teise poole samuti \u00f5iges j\u00e4rjekorras. Punkte saad nii palju, kui \u00f5igeid v\u00e4rve v\u00e4rvid. Meil tekkis k\u00fcll hasart ja Romanil ka. \ud83d\ude00<\/span><\/p>\n<p class=\"brz-tp-lg-paragraph brz-css-nqupA\" data-uniq-id=\"orbkc\" data-generated-css=\"brz-css-svpyn\"><span class=\"brz-cp-color7\">Pakis neid kaarte jagub, kiirelt nad korduma ei hakka.  Tase &#8211; polnud liiga raske, super hea pea v\u00e4rskendamiseks. <\/span><\/p>\n<p class=\"brz-tp-lg-paragraph brz-css-m8D7V\" data-uniq-id=\"orbkc\" data-generated-css=\"brz-css-svpyn\"><span class=\"brz-cp-color7\">M\u00e4ngu hind 17,95  <\/span><\/p>\n<\/div>\n<\/div>\n<\/div>\n<div class=\"brz-wrapper-clone brz-css-1y7rktt\">\n<div class=\"brz-d-xs-flex brz-flex-xs-wrap brz-css-qsfihf brz-css-1pvbale\" data-brz-custom-id=\"\">\n<div class=\"brz-wrapper-clone__item\" id=\"gelrccjtfphrvzhxutwnzpwjavyyrxugaclc\"><a class=\"brz-a brz-btn brz-css-2rqe3z brz-css-jm23oc brz-css-1yifhno brz-css-ides6f\" href=\"https:\/\/www.brain-games.ee\/products\/speed-colors\" target=\"_self\" rel=\"noopener\" data-brz-link-type=\"external\" data-brz-custom-id=\"gelrccjtfphrvzhxutwnzpwjavyyrxugaclc\"><span data-brz-translate-text=\"1\" class=\"brz-span brz-text__editor\">M\u00c4NGU LINK<\/span><\/a><\/div>\n<\/div>\n<\/div>\n<\/div>\n<\/div>\n<\/div>\n<\/div>\n<\/div>\n<\/div>\n<\/section>\n<\/div>\n<p>    <!-- version:1737021703 --><\/p>","protected":false},"excerpt":{"rendered":"<p>K\u00f5ige kalleim aeg.. perega! Mida teha tubastes tingimustes, et k\u00f5igil oleks tore ja ka vanematel huvitav? See on alati selline pingeline k\u00fcsimus, aga mul on teile vastus. Braingames kaupluses on v\u00e4ga palju lahedaid m\u00e4nge, teenindajad on V\u00c4GA teadlikud ja peavadki olema. Sest see pood on puup\u00fcsti t\u00e4is m\u00e4nge, mis v\u00f5ivad isegi liiga keerulised olla. Naerge [&hellip;]<\/p>","protected":false},"author":1,"featured_media":0,"parent":0,"menu_order":0,"comment_status":"closed","ping_status":"closed","template":"brizy-blank-template.php","meta":{"_monsterinsights_skip_tracking":false,"_monsterinsights_sitenote_active":false,"_monsterinsights_sitenote_note":"","_monsterinsights_sitenote_category":0,"footnotes":""},"brizy_media":[{"id":10336,"url":"https:\/\/www.paulalill.com\/wp-content\/uploads\/2022\/11\/DSC_4332.jpg","name":"DSC_4332.jpg","meta":{"brizy_attachment_uid":"wp-69341f44ecddc81eea8860e4ab067f33.jpg","brizy_post_uid":["7fe860b5cfe16d75e300654599e648f0","b98b58c34387869723a85e645101327b"]}},{"id":10342,"url":"https:\/\/www.paulalill.com\/wp-content\/uploads\/2022\/11\/IMG_7167.png","name":"IMG_7167.png","meta":{"brizy_attachment_uid":"wp-612c3d76b880cec0522574f60438b091.png","brizy_post_uid":["b98b58c34387869723a85e645101327b"]}}],"_links":{"self":[{"href":"https:\/\/www.paulalill.com\/en\/wp-json\/wp\/v2\/pages\/10338"}],"collection":[{"href":"https:\/\/www.paulalill.com\/en\/wp-json\/wp\/v2\/pages"}],"about":[{"href":"https:\/\/www.paulalill.com\/en\/wp-json\/wp\/v2\/types\/page"}],"author":[{"embeddable":true,"href":"https:\/\/www.paulalill.com\/en\/wp-json\/wp\/v2\/users\/1"}],"replies":[{"embeddable":true,"href":"https:\/\/www.paulalill.com\/en\/wp-json\/wp\/v2\/comments?post=10338"}],"version-history":[{"count":5,"href":"https:\/\/www.paulalill.com\/en\/wp-json\/wp\/v2\/pages\/10338\/revisions"}],"predecessor-version":[{"id":10357,"href":"https:\/\/www.paulalill.com\/en\/wp-json\/wp\/v2\/pages\/10338\/revisions\/10357"}],"wp:attachment":[{"href":"https:\/\/www.paulalill.com\/en\/wp-json\/wp\/v2\/media?parent=10338"}],"curies":[{"name":"wp","href":"https:\/\/api.w.org\/{rel}","templated":true}]}}