{"id":13503,"date":"2025-01-01T13:40:16","date_gmt":"2025-01-01T13:40:16","guid":{"rendered":"https:\/\/paulalill.com\/?page_id=13503"},"modified":"2026-04-07T08:25:59","modified_gmt":"2026-04-07T08:25:59","slug":"manipedi","status":"publish","type":"page","link":"https:\/\/www.paulalill.com\/en\/manipedi\/","title":{"rendered":"manipedi"},"content":{"rendered":"<div class=\"brz-root__container brz-reset-all brz brz-root__container-page\">\n<section id=\"_n1Z6BzIJbGCs\" class=\"brz-section brz-css-hfr6no\">\n<div class=\"brz-section__content brz-section--boxed brz-css-1wqbi74 brz-css-tfhno1\" data-brz-custom-id=\"qA2FqOkbxD2p\">\n<div class=\"brz-container brz-css-52tfx7\">\n<div class=\"brz-wrapper-clone brz-css-1xp15t6\">\n<div class=\"brz-d-xs-flex brz-flex-xs-wrap brz-css-12kvj6d\" data-brz-custom-id=\"\">\n<div class=\"brz-wrapper-clone__item\" id=\"uHdm83nMyKt5\">\n<div class=\"brz-icon__container\" data-brz-custom-id=\"uHdm83nMyKt5\"><span class=\"brz-icon brz-span brz-css-1iff8f6 brz-css-1n8phwy\"><\/span><\/div>\n<\/div>\n<\/div>\n<\/div>\n<div id=\"\" class=\"brz-css-14gw3wg brz-wrapper\">\n<div class=\"brz-rich-text brz-rich-text__custom brz-css-4d0axz\" data-brz-custom-id=\"aWYFy4HG5uW5\">\n<div data-brz-translate-text=\"1\">\n<h1 class=\"brz-tp-lg-heading1 brz-text-lg-center brz-css-dINPD\" data-uniq-id=\"raKw_\" data-generated-css=\"brz-css-bGBaS\">K\u00dc\u00dcNED JA PEDIK\u00dc\u00dcR<\/h1>\n<\/div>\n<\/div>\n<\/div>\n<div id=\"\" class=\"brz-css-14gw3wg brz-css-12uw13l brz-wrapper\">\n<div class=\"brz-rich-text brz-rich-text__custom brz-css-4d0axz\" data-brz-custom-id=\"sVUT2TmT52Sf\">\n<div data-brz-translate-text=\"1\">\n<p class=\"brz-text-lg-center brz-tp-lg-subtitle brz-css-b2ldh\" data-uniq-id=\"l2Cn4\" data-generated-css=\"brz-css-dBGox\"><span class=\"brz-cp-color7\">KUHU TARTUS MINNA EHK K\u00dc\u00dcNETEHNIK TARTUS<\/span><\/p>\n<\/div>\n<\/div>\n<\/div>\n<\/div>\n<\/div>\n<\/section>\n<section id=\"_xwbo8S6Ual47\" class=\"brz-section brz-css-hfr6no\">\n<div class=\"brz-section__content brz-section--boxed brz-css-1wqbi74 brz-css-1dw0zxt\" data-brz-custom-id=\"jBhOEFkrVBA6\">\n<div class=\"brz-container brz-css-52tfx7\">\n<div class=\"brz-row__container brz-css-zec94s\" data-brz-custom-id=\"k5LjgDWizXFC\">\n<div class=\"brz-bg\"><\/div>\n<div class=\"brz-row brz-css-1tqwhsk brz-css-9kjmxa\">\n<div class=\"brz-columns brz-css-1hrwx04 brz-css-dn90tg\" data-brz-custom-id=\"vgXOuYFmZYzY\">\n<div class=\"brz-column__items brz-css-phdcu5 brz-css-1jxd3az\">\n<div id=\"\" class=\"brz-css-14gw3wg brz-wrapper\">\n<div class=\"brz-image brz-css-yocz1g\" data-brz-custom-id=\"bXMr0zM1ned2\"><img decoding=\"async\" class=\"brz-img\" src=\"https:\/\/paulalill.com\/wp-content\/uploads\/brizy\/imgs\/DSC3622-474x711x0x10x474x578x1735739343.jpg\" alt=\"\" loading=\"lazy\"><\/div>\n<\/div>\n<div id=\"\" class=\"brz-css-14gw3wg brz-wrapper\">\n<div class=\"brz-rich-text brz-rich-text__custom brz-css-4d0axz\" data-brz-custom-id=\"xRCSG7TboleY\">\n<div data-brz-translate-text=\"1\">\n<p class=\"brz-tp-lg-empty brz-ff-red_hat_text brz-ft-google brz-fs-lg-15 brz-fss-lg-px brz-fw-lg-400 brz-ls-lg-0 brz-lh-lg-1_9 brz-css-pzKK8\" data-generated-css=\"brz-css-dKwda\" data-uniq-id=\"hHhJm\"><\/p>\n<\/div>\n<\/div>\n<\/div>\n<\/div>\n<\/div>\n<div class=\"brz-columns brz-css-1hrwx04 brz-css-14wnfgw\" data-brz-custom-id=\"bCPgN9tdwE6A\">\n<div class=\"brz-bg\"><\/div>\n<div class=\"brz-column__items brz-css-phdcu5 brz-css-1k76cy7\">\n<div class=\"brz-wrapper-clone brz-css-1xp15t6\">\n<div class=\"brz-d-xs-flex brz-flex-xs-wrap brz-css-12kvj6d brz-css-koz1xw\" data-brz-custom-id=\"\">\n<div class=\"brz-wrapper-clone__item\" id=\"qmNtw8am0npg\">\n<div class=\"brz-icon__container\" data-brz-custom-id=\"qmNtw8am0npg\"><span class=\"brz-icon brz-span brz-css-1iff8f6 brz-css-15uc5mf\"><\/span><\/div>\n<\/div>\n<\/div>\n<\/div>\n<div id=\"\" class=\"brz-css-14gw3wg brz-wrapper\">\n<div class=\"brz-rich-text brz-rich-text__custom brz-css-4d0axz\" data-brz-custom-id=\"zSxNBxE_VWrc\">\n<div data-brz-translate-text=\"1\">\n<p class=\"brz-tp-lg-empty brz-ff-overpass brz-ft-google brz-fs-lg-16 brz-fss-lg-px brz-fw-lg-400 brz-ls-lg-m_0_5 brz-lh-lg-1_5 brz-vfw-lg-400 brz-fwdth-lg-100 brz-fsft-lg-0 brz-css-xtfGv\" data-generated-css=\"brz-css-sJMeQ\" data-uniq-id=\"txt5T\">Pedik\u00fc\u00fcri ja k\u00fc\u00fcntesse soovitan teil minna Kati juurde!  Vaata siia <span class=\"brz-pre-population-visible brz-span\">@katherinabeauty<\/span><span class=\"brz-pre-population-visible\"> , siin on tema Instagram. <\/span><\/p>\n<p class=\"brz-tp-lg-empty brz-ff-overpass brz-ft-google brz-fs-lg-16 brz-fss-lg-px brz-fw-lg-400 brz-ls-lg-m_0_5 brz-lh-lg-1_5 brz-vfw-lg-400 brz-fwdth-lg-100 brz-fsft-lg-0 brz-css-wvp7n\" data-generated-css=\"brz-css-x53Mc\" data-uniq-id=\"z8aIH\">Mega puhas t\u00f6\u00f6 ja julged kohe minna.   K\u00fc\u00fcned mul on geel oma k\u00fc\u00fcnel)  ta teeb nii puhtalt, et pole mingit hullu viilimist ja v\u00e4rki. Mulle nii meeldib &#8211; k\u00fc\u00fcned kestavad mul megalt 3-4 n\u00e4dalat ja ma ausalt leotan k\u00e4si, pakin, hullan, koristan \ud83d\ude00 . Vaesed k\u00fc\u00fcned ausalt! Mina soovitan hea k\u00fc\u00fcnetehniku kui ka inimesena Katit. Panen siia alla m\u00f5ned pildid enda k\u00fc\u00fcntest ka. <\/p>\n<p data-generated-css=\"brz-css-x53Mc\" data-uniq-id=\"z8aIH\" class=\"brz-tp-lg-empty brz-ff-overpass brz-ft-google brz-fs-lg-16 brz-fss-lg-px brz-fw-lg-400 brz-ls-lg-m_0_5 brz-lh-lg-1_5 brz-vfw-lg-400 brz-fwdth-lg-100 brz-fsft-lg-0 brz-css-c6OAl\">\n<\/div>\n<\/div>\n<\/div>\n<div id=\"\" class=\"brz-css-14gw3wg brz-wrapper\">\n<div class=\"brz-image brz-css-cizwio\" data-brz-custom-id=\"r5pTHZH5cdt6\"><img decoding=\"async\" class=\"brz-img\" src=\"https:\/\/paulalill.com\/wp-content\/uploads\/2025\/01\/IMG_0031.jpg\" alt=\"\" loading=\"lazy\"><\/div>\n<\/div>\n<\/div>\n<\/div>\n<\/div>\n<\/div>\n<\/div>\n<\/div>\n<\/section>\n<section id=\"_yLRrMro7sfCQ\" class=\"brz-section brz-css-hfr6no\">\n<div class=\"brz-section__content brz-section--boxed brz-css-1wqbi74 brz-css-1twcnyn\" data-brz-custom-id=\"uBptU6Or9msk\">\n<div class=\"brz-container brz-css-52tfx7\">\n<div id=\"\" class=\"brz-css-14gw3wg brz-wrapper\">\n<div class=\"brz-carousel brz-css-y5z2sw\" data-brz-custom-id=\"q93oB9dadBrr\">\n<div class=\"brz-carousel__slider\" data-slides-to-show=\"3\" data-slides-to-scroll=\"1\" data-arrows=\"true\" data-dots=\"true\" data-dots-class=\"brz-slick-slider__dots brz-slick-slider__dots--circle\" data-auto-play=\"false\" data-auto-play-speed=\"3000\" data-swipe=\"true\" data-fade=\"false\" data-transition-speed=\"3.5\" data-responsive=\"%5B%7B%22breakpoint%22%3A991%2C%22settings%22%3A%7B%22slidesToShow%22%3A2%2C%22slidesToScroll%22%3A1%7D%7D%2C%7B%22breakpoint%22%3A767%2C%22settings%22%3A%7B%22slidesToShow%22%3A1%2C%22slidesToScroll%22%3A1%7D%7D%5D\">\n<div class=\"brz-carousel__item\">\n<div class=\"brz-columns brz-css-1hrwx04 brz-css-1tecc0u\" data-brz-custom-id=\"togXubTzdnFT\">\n<div class=\"brz-bg\"><\/div>\n<div class=\"brz-column__items brz-css-phdcu5\">\n<div id=\"\" class=\"brz-css-14gw3wg brz-wrapper\">\n<div class=\"brz-image brz-css-nw14uo\" data-brz-custom-id=\"i5iL6Niroald\"><img decoding=\"async\" class=\"brz-img\" src=\"https:\/\/paulalill.com\/wp-content\/uploads\/brizy\/imgs\/IMG_7929-scaled-330x440x0x0x313x440x1735740145.jpeg\" alt=\"\" loading=\"lazy\"><\/div>\n<\/div>\n<div id=\"\" class=\"brz-css-14gw3wg brz-wrapper\">\n<div class=\"brz-rich-text brz-rich-text__custom brz-css-4d0axz\" data-brz-custom-id=\"rr7HsR64Z7Gg\">\n<div data-brz-translate-text=\"1\">\n<p class=\"brz-tp-lg-paragraph brz-text-lg-center brz-css-fma_m\" data-generated-css=\"brz-css-iNBMG\" data-uniq-id=\"y7Wyo\"><\/p>\n<\/div>\n<\/div>\n<\/div>\n<\/div>\n<\/div>\n<\/div>\n<div class=\"brz-carousel__item\">\n<div class=\"brz-columns brz-css-1hrwx04 brz-css-1tecc0u\" data-brz-custom-id=\"foZR7XA3yX7a\">\n<div class=\"brz-bg\"><\/div>\n<div class=\"brz-column__items brz-css-phdcu5\">\n<div id=\"\" class=\"brz-css-14gw3wg brz-wrapper\">\n<div class=\"brz-image brz-css-euih3a\" data-brz-custom-id=\"zg9llyobIEeQ\"><img decoding=\"async\" class=\"brz-img\" src=\"https:\/\/paulalill.com\/wp-content\/uploads\/brizy\/imgs\/D2C8218A-9C5E-495C-8734-00018CE75103-328x437x7x0x313x437x1735740881.jpg\" alt=\"\" loading=\"lazy\"><\/div>\n<\/div>\n<div id=\"\" class=\"brz-css-14gw3wg brz-wrapper\">\n<div class=\"brz-rich-text brz-rich-text__custom brz-css-4d0axz\" data-brz-custom-id=\"fmhGE7_6YJRc\">\n<div data-brz-translate-text=\"1\">\n<p class=\"brz-text-lg-center brz-tp-lg-paragraph brz-css-ymNbr\" data-uniq-id=\"jVWaO\" data-generated-css=\"brz-css-tQ438\"><\/p>\n<\/div>\n<\/div>\n<\/div>\n<\/div>\n<\/div>\n<\/div>\n<div class=\"brz-carousel__item\">\n<div class=\"brz-columns brz-css-1hrwx04 brz-css-1tecc0u\" data-brz-custom-id=\"rR1ehlNq10Id\">\n<div class=\"brz-bg\"><\/div>\n<div class=\"brz-column__items brz-css-phdcu5\">\n<div id=\"\" class=\"brz-css-14gw3wg brz-wrapper\">\n<div class=\"brz-image brz-css-1hkom7v\" data-brz-custom-id=\"uqCnyzOENSgu\"><img decoding=\"async\" class=\"brz-img\" src=\"https:\/\/paulalill.com\/wp-content\/uploads\/brizy\/imgs\/IMG_4557-scaled-328x437x8x0x313x437x1735741555.jpeg\" alt=\"\" loading=\"lazy\"><\/div>\n<\/div>\n<div id=\"\" class=\"brz-css-14gw3wg brz-wrapper\">\n<div class=\"brz-rich-text brz-rich-text__custom brz-css-4d0axz\" data-brz-custom-id=\"fSTHOXaXemdH\">\n<div data-brz-translate-text=\"1\">\n<p class=\"brz-text-lg-center brz-tp-lg-paragraph brz-css-cFJid\" data-uniq-id=\"jVWaO\" data-generated-css=\"brz-css-tQ438\"><\/p>\n<\/div>\n<\/div>\n<\/div>\n<\/div>\n<\/div>\n<\/div>\n<div class=\"brz-carousel__item\">\n<div class=\"brz-columns brz-css-1hrwx04 brz-css-1tecc0u\" data-brz-custom-id=\"ybv0WZHlaZlw\">\n<div class=\"brz-bg\"><\/div>\n<div class=\"brz-column__items brz-css-phdcu5\">\n<div id=\"\" class=\"brz-css-14gw3wg brz-wrapper\">\n<div class=\"brz-image brz-css-r2yi4u\" data-brz-custom-id=\"geqyaTFiBNIG\"><img decoding=\"async\" class=\"brz-img\" src=\"https:\/\/paulalill.com\/wp-content\/uploads\/brizy\/imgs\/IMG_4559-scaled-328x437x8x0x313x437x1735741534.jpeg\" alt=\"\" loading=\"lazy\"><\/div>\n<\/div>\n<div id=\"\" class=\"brz-css-14gw3wg brz-wrapper\">\n<div class=\"brz-rich-text brz-rich-text__custom brz-css-4d0axz\" data-brz-custom-id=\"vCR6AVdS7y3H\">\n<div data-brz-translate-text=\"1\">\n<p class=\"brz-text-lg-center brz-tp-lg-paragraph brz-css-iTdXK\" data-uniq-id=\"jVWaO\" data-generated-css=\"brz-css-tQ438\"><\/p>\n<\/div>\n<\/div>\n<\/div>\n<\/div>\n<\/div>\n<\/div>\n<div class=\"brz-carousel__item\">\n<div class=\"brz-columns brz-css-1hrwx04 brz-css-1tecc0u\" data-brz-custom-id=\"ffx84xaiQTdF\">\n<div class=\"brz-bg\"><\/div>\n<div class=\"brz-column__items brz-css-phdcu5\">\n<div id=\"\" class=\"brz-css-14gw3wg brz-wrapper\">\n<div class=\"brz-image brz-css-proi75\" data-brz-custom-id=\"hpBtSvnP6cn5\"><img decoding=\"async\" class=\"brz-img\" src=\"https:\/\/paulalill.com\/wp-content\/uploads\/brizy\/imgs\/51A2DB23-2F79-419D-BCA5-1EFBF86D2E49-327x435x14x0x313x435x1735740880.jpg\" alt=\"\" loading=\"lazy\"><\/div>\n<\/div>\n<div id=\"\" class=\"brz-css-14gw3wg brz-wrapper\">\n<div class=\"brz-rich-text brz-rich-text__custom brz-css-4d0axz\" data-brz-custom-id=\"yl6yeeDz84x8\">\n<div data-brz-translate-text=\"1\">\n<p class=\"brz-tp-lg-paragraph brz-text-lg-center brz-css-iLORm\" data-generated-css=\"brz-css-tDo6T\" data-uniq-id=\"uMoed\"><\/p>\n<\/div>\n<\/div>\n<\/div>\n<\/div>\n<\/div>\n<\/div>\n<div class=\"brz-carousel__item\">\n<div class=\"brz-columns brz-css-1hrwx04 brz-css-1tecc0u\" data-brz-custom-id=\"gXcDN7eV_m5r\">\n<div class=\"brz-bg\"><\/div>\n<div class=\"brz-column__items brz-css-phdcu5\">\n<div id=\"\" class=\"brz-css-14gw3wg brz-wrapper\">\n<div class=\"brz-image brz-css-16bb9ed\" data-brz-custom-id=\"oBc65FdjYmKI\"><img decoding=\"async\" class=\"brz-img\" src=\"https:\/\/paulalill.com\/wp-content\/uploads\/brizy\/imgs\/IMG_4453-scaled-325x433x0x0x313x433x1735740801.jpg\" alt=\"\" loading=\"lazy\"><\/div>\n<\/div>\n<div id=\"\" class=\"brz-css-14gw3wg brz-wrapper\">\n<div class=\"brz-rich-text brz-rich-text__custom brz-css-4d0axz\" data-brz-custom-id=\"eA7veHV4Gv6A\">\n<div data-brz-translate-text=\"1\">\n<p class=\"brz-tp-lg-paragraph brz-text-lg-center brz-css-ej4bd\" data-generated-css=\"brz-css-vXFAK\" data-uniq-id=\"us9lX\"><\/p>\n<\/div>\n<\/div>\n<\/div>\n<\/div>\n<\/div>\n<\/div>\n<\/div>\n<\/div>\n<\/div>\n<div id=\"\" class=\"brz-css-14gw3wg brz-wrapper\">\n<div class=\"brz-rich-text brz-rich-text__custom brz-css-4d0axz\" data-brz-custom-id=\"xhothnePpymn\">\n<div data-brz-translate-text=\"1\">\n<p class=\"brz-tp-lg-paragraph brz-text-lg-center brz-css-er9xZ\" data-uniq-id=\"hzuLr\" data-generated-css=\"brz-css-dLrop\"><span class=\"brz-cp-color7\">Leaving this here for the feet lovers \ud83d\ude00 Haha Footfinfer! <\/span><\/p>\n<\/div>\n<\/div>\n<\/div>\n<\/div>\n<\/div>\n<\/section>\n<section id=\"_x_dBauwWBxh3\" class=\"brz-section brz-css-hfr6no\">\n<div class=\"brz-section__content brz-section--boxed brz-css-1wqbi74 brz-css-1byt5e7\" data-brz-custom-id=\"rJFY41uUY86M\">\n<div class=\"brz-container brz-css-52tfx7\">\n<div id=\"\" class=\"brz-css-14gw3wg brz-wrapper\">\n<div class=\"brz-carousel brz-css-y5z2sw\" data-brz-custom-id=\"p9FMf931oHQO\">\n<div class=\"brz-carousel__slider\" data-slides-to-show=\"3\" data-slides-to-scroll=\"1\" data-arrows=\"true\" data-dots=\"true\" data-dots-class=\"brz-slick-slider__dots brz-slick-slider__dots--circle\" data-auto-play=\"false\" data-auto-play-speed=\"3000\" data-swipe=\"true\" data-fade=\"false\" data-transition-speed=\"3.5\" data-responsive=\"%5B%7B%22breakpoint%22%3A991%2C%22settings%22%3A%7B%22slidesToShow%22%3A2%2C%22slidesToScroll%22%3A1%7D%7D%2C%7B%22breakpoint%22%3A767%2C%22settings%22%3A%7B%22slidesToShow%22%3A1%2C%22slidesToScroll%22%3A1%7D%7D%5D\">\n<div class=\"brz-carousel__item\">\n<div class=\"brz-columns brz-css-1hrwx04 brz-css-1tecc0u\" data-brz-custom-id=\"g7jTkBV4Q2np\">\n<div class=\"brz-bg\"><\/div>\n<div class=\"brz-column__items brz-css-phdcu5\">\n<div id=\"\" class=\"brz-css-14gw3wg brz-wrapper\">\n<div class=\"brz-image brz-css-ckoime\" data-brz-custom-id=\"iDi_44lqt50T\"><img decoding=\"async\" class=\"brz-img\" src=\"https:\/\/paulalill.com\/wp-content\/uploads\/brizy\/imgs\/DSC3546-313x470x0x0x313x440x1735741008.jpg\" alt=\"\" loading=\"lazy\"><\/div>\n<\/div>\n<div id=\"\" class=\"brz-css-14gw3wg brz-wrapper\">\n<div class=\"brz-rich-text brz-rich-text__custom brz-css-4d0axz\" data-brz-custom-id=\"hjsTIW57WHbs\">\n<div data-brz-translate-text=\"1\">\n<p class=\"brz-text-lg-center brz-tp-lg-paragraph brz-css-brCoy\" data-uniq-id=\"cI36p\" data-generated-css=\"brz-css-lF54F\">Ma kandsin \u00fcle pika aja mega kitsa liistuga tosse. Nagu kohe olid sinised peale 8 km jalutusk\u00e4iku. Hirmus!<\/p>\n<\/div>\n<\/div>\n<\/div>\n<\/div>\n<\/div>\n<\/div>\n<div class=\"brz-carousel__item\">\n<div class=\"brz-columns brz-css-1hrwx04 brz-css-1tecc0u\" data-brz-custom-id=\"cSQ9SJjAAqIo\">\n<div class=\"brz-bg\"><\/div>\n<div class=\"brz-column__items brz-css-phdcu5\">\n<div id=\"\" class=\"brz-css-14gw3wg brz-wrapper\">\n<div class=\"brz-image brz-css-1e14fmr\" data-brz-custom-id=\"tddLvm7Ab0mg\"><img decoding=\"async\" class=\"brz-img\" src=\"https:\/\/paulalill.com\/wp-content\/uploads\/brizy\/imgs\/DSC3563-313x470x0x16x313x437x1735740968.jpg\" alt=\"\" loading=\"lazy\"><\/div>\n<\/div>\n<div id=\"\" class=\"brz-css-14gw3wg brz-wrapper\">\n<div class=\"brz-rich-text brz-rich-text__custom brz-css-4d0axz\" data-brz-custom-id=\"scUmtmmE8mOo\">\n<div data-brz-translate-text=\"1\">\n<p class=\"brz-tp-lg-paragraph brz-text-lg-center brz-css-zQ018\" data-generated-css=\"brz-css-j7NNy\" data-uniq-id=\"lkpRS\">Kati tegi k\u00f5ik korda ja otsustasime K\u00d5IK siniseks teha \ud83d\ude00 <\/p>\n<\/div>\n<\/div>\n<\/div>\n<\/div>\n<\/div>\n<\/div>\n<div class=\"brz-carousel__item\">\n<div class=\"brz-columns brz-css-1hrwx04 brz-css-1tecc0u\" data-brz-custom-id=\"h0Dav01iDT97\">\n<div class=\"brz-bg\"><\/div>\n<div class=\"brz-column__items brz-css-phdcu5\">\n<div id=\"\" class=\"brz-css-14gw3wg brz-wrapper\">\n<div class=\"brz-image brz-css-83i6yg\" data-brz-custom-id=\"hcBae3Cq90xH\"><img decoding=\"async\" class=\"brz-img\" src=\"https:\/\/paulalill.com\/wp-content\/uploads\/brizy\/imgs\/DSC3569-313x470x0x16x313x437x1735740964.jpg\" alt=\"\" loading=\"lazy\"><\/div>\n<\/div>\n<div id=\"\" class=\"brz-css-14gw3wg brz-wrapper\">\n<div class=\"brz-rich-text brz-rich-text__custom brz-css-4d0axz\" data-brz-custom-id=\"ddsSUQkfamZA\">\n<div data-brz-translate-text=\"1\">\n<p class=\"brz-tp-lg-paragraph brz-text-lg-center brz-css-zkQ3J\" data-generated-css=\"brz-css-nMFjB\" data-uniq-id=\"qYTJ6\">Esiteks need varbad p\u00fcsisid mul megad reaalselt kuni olid juba liiga pikad! Tohutult puhas ja ilus t\u00f6\u00f6!<\/p>\n<\/div>\n<\/div>\n<\/div>\n<\/div>\n<\/div>\n<\/div>\n<div class=\"brz-carousel__item\">\n<div class=\"brz-columns brz-css-1hrwx04 brz-css-1tecc0u\" data-brz-custom-id=\"zlIa147X6MuX\">\n<div class=\"brz-bg\"><\/div>\n<div class=\"brz-column__items brz-css-phdcu5\">\n<div id=\"\" class=\"brz-css-14gw3wg brz-wrapper\">\n<div class=\"brz-image brz-css-t1k19a\" data-brz-custom-id=\"kjyOp3WI96aJ\"><img decoding=\"async\" class=\"brz-img\" src=\"https:\/\/paulalill.com\/wp-content\/uploads\/brizy\/imgs\/DSC3562-313x471x0x35x313x435x1735740972.jpg\" alt=\"\" loading=\"lazy\"><\/div>\n<\/div>\n<div id=\"\" class=\"brz-css-14gw3wg brz-wrapper\">\n<div class=\"brz-rich-text brz-rich-text__custom brz-css-4d0axz\" data-brz-custom-id=\"sgne2aaGMkLC\">\n<div data-brz-translate-text=\"1\">\n<p class=\"brz-text-lg-center brz-tp-lg-paragraph brz-css-mIj1m\" data-uniq-id=\"hEffn\" data-generated-css=\"brz-css-yiFQ1\">Toes close up! Soooooo cute!<\/p>\n<\/div>\n<\/div>\n<\/div>\n<\/div>\n<\/div>\n<\/div>\n<div class=\"brz-carousel__item\">\n<div class=\"brz-columns brz-css-1hrwx04 brz-css-1tecc0u\" data-brz-custom-id=\"hYbY62NrI7mr\">\n<div class=\"brz-bg\"><\/div>\n<div class=\"brz-column__items brz-css-phdcu5\">\n<div id=\"\" class=\"brz-css-14gw3wg brz-wrapper\">\n<div class=\"brz-image brz-css-kzs5gg\" data-brz-custom-id=\"ohDub3JvtkPH\"><img decoding=\"async\" class=\"brz-img\" src=\"https:\/\/paulalill.com\/wp-content\/uploads\/brizy\/imgs\/DSC3612-313x470x0x0x313x433x1735740977.jpg\" alt=\"\" loading=\"lazy\"><\/div>\n<\/div>\n<div id=\"\" class=\"brz-css-14gw3wg brz-wrapper\">\n<div class=\"brz-rich-text brz-rich-text__custom brz-css-4d0axz\" data-brz-custom-id=\"kltJaDb5_eAN\">\n<div data-brz-translate-text=\"1\">\n<p class=\"brz-text-lg-center brz-tp-lg-paragraph brz-css-zjdEF\" data-uniq-id=\"d822E\" data-generated-css=\"brz-css-uezJP\"><span class=\"brz-pre-population-visible\">#feetfinder \ud83d\ude00 <\/span><\/p>\n<\/div>\n<\/div>\n<\/div>\n<\/div>\n<\/div>\n<\/div>\n<\/div>\n<\/div>\n<\/div>\n<\/div>\n<\/div>\n<\/section>\n<section id=\"_xQx7Gp3uULNM\" class=\"brz-section brz-css-hfr6no\">\n<div class=\"brz-section__content brz-section--boxed brz-css-1wqbi74 brz-css-q6gpxz\" data-brz-custom-id=\"crLGfOgIOBWy\">\n<div class=\"brz-container brz-css-52tfx7\">\n<div id=\"\" class=\"brz-css-14gw3wg brz-wrapper\">\n<div class=\"brz-line brz-line-default brz-css-60goaj\" data-brz-custom-id=\"qgmeSEMRUJW8\">\n<hr class=\"brz-hr\"><\/div>\n<\/div>\n<div class=\"brz-row__container brz-css-zec94s\" data-brz-custom-id=\"x1hnAMXwR9DH\">\n<div class=\"brz-bg\"><\/div>\n<div class=\"brz-row brz-css-1tqwhsk brz-css-9kjmxa\">\n<div class=\"brz-columns brz-css-1hrwx04 brz-css-vpixrw\" data-brz-custom-id=\"aCySONc4Tl1F\">\n<div class=\"brz-bg\"><\/div>\n<div class=\"brz-column__items brz-css-phdcu5 brz-css-7917dx\">\n<div id=\"\" class=\"brz-css-14gw3wg brz-wrapper\">\n<div class=\"brz-rich-text brz-rich-text__custom brz-css-4d0axz\" data-brz-custom-id=\"kBgx97IyP81T\">\n<div data-brz-translate-text=\"1\">\n<h3 data-generated-css=\"brz-css-ghisz\" data-uniq-id=\"wpioy\" class=\"brz-tp-lg-empty brz-ff-lato brz-ft-google brz-fs-lg-15 brz-fss-lg-px brz-fw-lg-400 brz-ls-lg-0 brz-lh-lg-1_3 brz-css-w7E9q\"><span class=\"brz-cp-color7\">Fotod by Paula Lill <\/span><span class=\"brz-cp-color7 brz-pre-population-visible\">@artbypaulal<\/span><\/h3>\n<\/div>\n<\/div>\n<\/div>\n<div id=\"\" class=\"brz-css-14gw3wg brz-wrapper\">\n<div class=\"brz-rich-text brz-rich-text__custom brz-css-4d0axz\" data-brz-custom-id=\"iwTumI9kinry\">\n<div data-brz-translate-text=\"1\">\n<p class=\"brz-tp-lg-paragraph brz-css-wEGA1\" data-generated-css=\"brz-css-jDnti\" data-uniq-id=\"gnnEj\"><span class=\"brz-cp-color7\">info@paulalill.com<\/span><\/p>\n<p class=\"brz-tp-lg-paragraph brz-css-iMWlu\" data-generated-css=\"brz-css-x2hdW\" data-uniq-id=\"qvAu2\"><span class=\"brz-pre-population-visible brz-cp-color7\">#collaboration #<\/span><span class=\"brz-cp-color7\"> nikon <\/span><span class=\"brz-cp-color7 brz-pre-population-visible\">#photohraphy #b2b #ugc<\/span><\/p>\n<\/div>\n<\/div>\n<\/div>\n<\/div>\n<\/div>\n<div class=\"brz-columns brz-css-1hrwx04 brz-css-1bwq9kw\" data-brz-custom-id=\"hJJEB4vpdu6l\">\n<div class=\"brz-column__items brz-css-phdcu5 brz-css-1i2vojv\">\n<div id=\"\" class=\"brz-css-14gw3wg brz-wrapper\">\n<div class=\"brz-image brz-css-xvxjm8 brz-css-7mai6l\" data-brz-custom-id=\"mr9SMLp3920_\"><img decoding=\"async\" class=\"brz-img\" src=\"https:\/\/paulalill.com\/wp-content\/uploads\/brizy\/imgs\/DSC0685-scaled-281x422x18x88x263x262x1694413147.jpg\" alt=\"\" loading=\"lazy\"><\/div>\n<\/div>\n<\/div>\n<\/div>\n<div class=\"brz-columns brz-css-1hrwx04 brz-css-13jmfp4\" data-brz-custom-id=\"nde7Qko4tPdJ\">\n<div class=\"brz-column__items brz-css-phdcu5 brz-css-1m3tzmj\">\n<div id=\"\" class=\"brz-css-14gw3wg brz-wrapper\">\n<div class=\"brz-image brz-css-1bq5wbu brz-css-1mszhd1\" data-brz-custom-id=\"qi8ZRvWgis6E\"><img decoding=\"async\" class=\"brz-img\" src=\"https:\/\/paulalill.com\/wp-content\/uploads\/brizy\/imgs\/DSC0578-scaled-263x395x0x98x263x262x1694413065.jpg\" alt=\"\" loading=\"lazy\"><\/div>\n<\/div>\n<\/div>\n<\/div>\n<div class=\"brz-columns brz-css-1hrwx04 brz-css-k3p2w3\" data-brz-custom-id=\"nJAwGwm1Bgku\">\n<div class=\"brz-column__items brz-css-phdcu5 brz-css-57y71q\">\n<div id=\"\" class=\"brz-css-14gw3wg brz-wrapper\">\n<div class=\"brz-image brz-css-1k6hj8j brz-css-f8k4nf\" data-brz-custom-id=\"q4ElUNeCAAv_\"><img decoding=\"async\" class=\"brz-img\" src=\"https:\/\/paulalill.com\/wp-content\/uploads\/brizy\/imgs\/DSC0650-scaled-270x406x8x31x263x262x1694413106.jpg\" alt=\"\" loading=\"lazy\"><\/div>\n<\/div>\n<\/div>\n<\/div>\n<\/div>\n<\/div>\n<\/div>\n<\/div>\n<\/section>\n<\/div>\n<p>    <!-- version:1737020499 --><\/p>","protected":false},"excerpt":{"rendered":"<p>K\u00dc\u00dcNED JA PEDIK\u00dc\u00dcR KUHU TARTUS MINNA EHK K\u00dc\u00dcNETEHNIK TARTUS Pedik\u00fc\u00fcri ja k\u00fc\u00fcntesse soovitan teil minna Kati juurde! Vaata siia @katherinabeauty , siin on tema Instagram. Mega puhas t\u00f6\u00f6 ja julged kohe minna. K\u00fc\u00fcned mul on geel oma k\u00fc\u00fcnel) ta teeb nii puhtalt, et pole mingit hullu viilimist ja v\u00e4rki. Mulle nii meeldib &#8211; k\u00fc\u00fcned kestavad [&hellip;]<\/p>","protected":false},"author":1,"featured_media":0,"parent":0,"menu_order":0,"comment_status":"closed","ping_status":"closed","template":"brizy-blank-template.php","meta":{"_monsterinsights_skip_tracking":false,"_monsterinsights_sitenote_active":false,"_monsterinsights_sitenote_note":"","_monsterinsights_sitenote_category":0,"footnotes":""},"brizy_media":[{"id":13507,"url":"https:\/\/www.paulalill.com\/wp-content\/uploads\/2025\/01\/DSC3622.jpg","name":"DSC3622.jpg","meta":{"brizy_attachment_uid":"wp-0439e3e8671f6d756423a07eaceef436.jpg","brizy_post_uid":["d6a25976b39479d213dcf1a48ffa5be9"]}},{"id":13508,"url":"https:\/\/www.paulalill.com\/wp-content\/uploads\/2025\/01\/IMG_0031.jpg","name":"IMG_0031.jpg","meta":{"brizy_attachment_uid":"wp-e336dfe442a49283acbaedee3f008eaf.jpg","brizy_post_uid":["d6a25976b39479d213dcf1a48ffa5be9"]}},{"id":13519,"url":"https:\/\/www.paulalill.com\/wp-content\/uploads\/2025\/01\/IMG_7929-scaled.jpeg","name":"IMG_7929.jpeg","meta":{"brizy_attachment_uid":"wp-6d2faacf323609b4f54e3396dffac18e.jpeg","brizy_post_uid":["d6a25976b39479d213dcf1a48ffa5be9"]}},{"id":13520,"url":"https:\/\/www.paulalill.com\/wp-content\/uploads\/2025\/01\/IMG_4453-scaled.jpg","name":"IMG_4453.jpg","meta":{"brizy_attachment_uid":"wp-222a7896deadc110c051619ff0becbc1.jpg","brizy_post_uid":["d6a25976b39479d213dcf1a48ffa5be9"]}},{"id":13521,"url":"https:\/\/www.paulalill.com\/wp-content\/uploads\/2025\/01\/51A2DB23-2F79-419D-BCA5-1EFBF86D2E49.jpg","name":"51A2DB23-2F79-419D-BCA5-1EFBF86D2E49.jpg","meta":{"brizy_attachment_uid":"wp-25c8866e51024af7a6a0d2cad18f8912.jpg","brizy_post_uid":["d6a25976b39479d213dcf1a48ffa5be9"]}},{"id":13522,"url":"https:\/\/www.paulalill.com\/wp-content\/uploads\/2025\/01\/D2C8218A-9C5E-495C-8734-00018CE75103.jpg","name":"D2C8218A-9C5E-495C-8734-00018CE75103.jpg","meta":{"brizy_attachment_uid":"wp-16b2a8321cc03f8231163b2bd6bf209d.jpg","brizy_post_uid":["d6a25976b39479d213dcf1a48ffa5be9","7fe860b5cfe16d75e300654599e648f0"]}},{"id":13523,"url":"https:\/\/www.paulalill.com\/wp-content\/uploads\/2025\/01\/DSC3569.jpg","name":"DSC3569.jpg","meta":{"brizy_attachment_uid":"wp-9cad601d987c0c85062a12b10f4854f3.jpg","brizy_post_uid":["d6a25976b39479d213dcf1a48ffa5be9"]}},{"id":13524,"url":"https:\/\/www.paulalill.com\/wp-content\/uploads\/2025\/01\/DSC3563.jpg","name":"DSC3563.jpg","meta":{"brizy_attachment_uid":"wp-976d8a09ca05996335e773a0a56b7f1b.jpg","brizy_post_uid":["d6a25976b39479d213dcf1a48ffa5be9"]}},{"id":13525,"url":"https:\/\/www.paulalill.com\/wp-content\/uploads\/2025\/01\/DSC3562.jpg","name":"DSC3562.jpg","meta":{"brizy_attachment_uid":"wp-c91726cec56af109b428c0884531d31c.jpg","brizy_post_uid":["d6a25976b39479d213dcf1a48ffa5be9"]}},{"id":13526,"url":"https:\/\/www.paulalill.com\/wp-content\/uploads\/2025\/01\/DSC3612.jpg","name":"DSC3612.jpg","meta":{"brizy_attachment_uid":"wp-97bbad533b565c878ac29a856870959d.jpg","brizy_post_uid":["d6a25976b39479d213dcf1a48ffa5be9"]}},{"id":13527,"url":"https:\/\/www.paulalill.com\/wp-content\/uploads\/2025\/01\/DSC3546.jpg","name":"DSC3546.jpg","meta":{"brizy_attachment_uid":"wp-afbfa0e2dd08af74181e3ec0f9373ce6.jpg","brizy_post_uid":["d6a25976b39479d213dcf1a48ffa5be9"]}},{"id":13534,"url":"https:\/\/www.paulalill.com\/wp-content\/uploads\/2025\/01\/IMG_4559-scaled.jpeg","name":"IMG_4559.jpeg","meta":{"brizy_attachment_uid":"wp-354a85482eb7f890dc75a286e750014b.jpeg","brizy_post_uid":["d6a25976b39479d213dcf1a48ffa5be9"]}},{"id":13535,"url":"https:\/\/www.paulalill.com\/wp-content\/uploads\/2025\/01\/IMG_4557-scaled.jpeg","name":"IMG_4557.jpeg","meta":{"brizy_attachment_uid":"wp-de96080081139489da41d8457aa3c244.jpeg","brizy_post_uid":["d6a25976b39479d213dcf1a48ffa5be9"]}}],"_links":{"self":[{"href":"https:\/\/www.paulalill.com\/en\/wp-json\/wp\/v2\/pages\/13503"}],"collection":[{"href":"https:\/\/www.paulalill.com\/en\/wp-json\/wp\/v2\/pages"}],"about":[{"href":"https:\/\/www.paulalill.com\/en\/wp-json\/wp\/v2\/types\/page"}],"author":[{"embeddable":true,"href":"https:\/\/www.paulalill.com\/en\/wp-json\/wp\/v2\/users\/1"}],"replies":[{"embeddable":true,"href":"https:\/\/www.paulalill.com\/en\/wp-json\/wp\/v2\/comments?post=13503"}],"version-history":[{"count":5,"href":"https:\/\/www.paulalill.com\/en\/wp-json\/wp\/v2\/pages\/13503\/revisions"}],"predecessor-version":[{"id":13558,"href":"https:\/\/www.paulalill.com\/en\/wp-json\/wp\/v2\/pages\/13503\/revisions\/13558"}],"wp:attachment":[{"href":"https:\/\/www.paulalill.com\/en\/wp-json\/wp\/v2\/media?parent=13503"}],"curies":[{"name":"wp","href":"https:\/\/api.w.org\/{rel}","templated":true}]}}