{"id":2388,"date":"2020-03-26T07:07:28","date_gmt":"2020-03-26T07:07:28","guid":{"rendered":"http:\/\/paulalill.com\/?page_id=2388"},"modified":"2026-04-08T15:37:07","modified_gmt":"2026-04-08T15:37:07","slug":"lemmikud","status":"publish","type":"page","link":"https:\/\/www.paulalill.com\/en\/lemmikud\/","title":{"rendered":"lemmikud"},"content":{"rendered":"<div class=\"brz-root__container brz-reset-all brz brz-root__container-page\">\n<section id=\"_mcblcdhrfvboaqxmovqghqgdhosspdsycetr\" class=\"brz-section brz-css-1ubxrbp\">\n<div class=\"brz-section__content brz-section--boxed brz-css-1kpinpe brz-css-1w31bow\" data-brz-custom-id=\"slpfhihbitdrgkmxzanlynbtyjmedcakymyl\">\n<div class=\"brz-container brz-css-1ff75c0\">\n<div class=\"brz-row__container brz-css-bm2vij brz-css-1blbjgp\" data-brz-custom-id=\"txkpwsdeatcmdarybwhdfglrecjdpglepezm\">\n<div class=\"brz-bg\"><\/div>\n<div class=\"brz-row brz-css-15y77rr brz-css-b2eumi\">\n<div class=\"brz-columns brz-css-649w2m brz-css-e7lte8\" data-brz-custom-id=\"tykjbbgrcresgmcjszmfbttjaiiarrilwjfm\">\n<div class=\"brz-bg\"><\/div>\n<div class=\"brz-column__items brz-css-1kufva7 brz-css-teawi1\">\n<div id=\"\" class=\"brz-css-rm5mci brz-wrapper\">\n<div class=\"brz-rich-text brz-rich-text__custom brz-css-11ifedu\" data-brz-custom-id=\"zvowfaavzarywtedogrbpcmzxtgvyyytoofn\">\n<div data-brz-translate-text=\"1\">\n<p class=\"brz-text-lg-left brz-tp-abovetitle brz-css-rpF6h\"><span class=\"brz-cp-color7\">KEEP IT MOIST<\/span><\/p>\n<\/div>\n<\/div>\n<\/div>\n<div id=\"\" class=\"brz-css-rm5mci brz-wrapper\">\n<div class=\"brz-rich-text brz-rich-text__custom brz-css-11ifedu\" data-brz-custom-id=\"mgnrllbdjniihysrxwvrdrowmhmhbnelvjuk\">\n<div data-brz-translate-text=\"1\">\n<p class=\"brz-tp-subtitle brz-text-lg-left brz-css-gDk3n\">Kasutan igap\u00e4evaselt DermOrganic Shea Coconut orgaanilist kehakreemi! Ma olen maksimaalne kreemitaja! Ma ei salli kuiva nahka ja hindan v\u00e4ha puhtaid tooteid. Juba neli aastat tagasi keerasin t\u00e4iesti puhta lehe oma nahahoolduses. Hakkasin vaatama, mida sisaldavad minu tooted, kui v\u00e4rvilised ja l\u00f5hnavad nad on. Hindan organismile ohutuid tooteid ning mida v\u00f5in julgelt kasutada ka lapse nahale. Seda kehakreemi panen \u00f5htuti paksu kihi ka huultele. See on 100% VEGAN, 73% Orgaaniline (\u00fclej\u00e4\u00e4nud koostisest on vesi, vesi ei ole orgaaniline). DermOrganic tooted on kurjuse vabad ehk cruelty free, gluteenivaba, parabeenivaba, ftalaadivaba, sulfaadivaba, PPG\/PEG vaba, MEA\/DEA vaba ehk paksendajate vaba, silikoonivaba, ei sisalda petrooleumi, ei sisalda kunstlikke l\u00f5hna- ega v\u00e4rvaineid! Annab maksimaalse niisutuse ning on OHUTU Sinu ORGANISMILE! Vahel kasutan eriti kuivadele kohtadele ka n\u00e4ole.  Sisaldab orgaanilisi ekstrakte :  argaania\u00f5li, shea v\u00f5i, kookos, granaat\u00f5un, aloe, acai, goji, kurk ja viinamarjaseemne \u00f5li, viimane v\u00f5itleb kortusukestega! <\/p>\n<\/div>\n<\/div>\n<\/div>\n<div id=\"\" class=\"brz-css-rm5mci brz-css-tv5p1v brz-wrapper\">\n<div class=\"brz-spacer brz-css-190r4pe brz-css-9l6ckz\"><\/div>\n<\/div>\n<\/div>\n<\/div>\n<div class=\"brz-columns brz-css-649w2m brz-css-1ht54sf\" data-brz-custom-id=\"uafifyypidznibdlkdeetaalsshjgmxnmfvt\">\n<div class=\"brz-bg\"><\/div>\n<div class=\"brz-column__items brz-css-1kufva7 brz-css-sgefa4\">\n<div id=\"\" class=\"brz-css-rm5mci brz-css-1ty7jan brz-wrapper\">\n<div class=\"brz-image brz-css-w4du3y brz-css-e0o9de\" data-brz-custom-id=\"imfclglqooafjebgelscjfvaydigmgidvzxx\"><img decoding=\"async\" class=\"brz-img\" src=\"https:\/\/paulalill.com\/?brizy_media=wp-1ece3f82205c71475e98c28861d7e6af&amp;brizy_crop=iW%3D555%26iH%3D702%26oX%3D0%26oY%3D46%26cW%3D555%26cH%3D610\" alt=\"\" loading=\"lazy\"><\/div>\n<\/div>\n<\/div>\n<\/div>\n<\/div>\n<\/div>\n<\/div>\n<\/div>\n<\/section>\n<section id=\"_zltgwfjlwlyiduqlgsjdohvrijqnkesdcwhf\" class=\"brz-section brz-css-1ubxrbp\">\n<div class=\"brz-section__content brz-section--boxed brz-css-1kpinpe brz-css-pjk877\" data-brz-custom-id=\"nqiqaboychfkyrpkggmnhdbntrvdntguwjym\">\n<div class=\"brz-container brz-css-1ff75c0\">\n<div class=\"brz-row__container brz-css-bm2vij brz-css-1r8p242\" data-brz-custom-id=\"ajuxcozgdaaixsigefgbeuevtmaebxhgtttb\">\n<div class=\"brz-bg\"><\/div>\n<div class=\"brz-row brz-css-15y77rr brz-css-b2eumi\">\n<div class=\"brz-columns brz-css-649w2m brz-css-oiw33b\" data-brz-custom-id=\"zzfwmeqktshcjupjmzfuhswolqwczlvyvejs\">\n<div class=\"brz-bg\"><\/div>\n<div class=\"brz-column__items brz-css-1kufva7 brz-css-1ymgawl\">\n<div id=\"\" class=\"brz-css-rm5mci brz-wrapper\">\n<div class=\"brz-rich-text brz-rich-text__custom brz-css-11ifedu\" data-brz-custom-id=\"tzefqohmkxsfqdjbedohaxdclqoecyuyxtfa\">\n<div data-brz-translate-text=\"1\">\n<p class=\"brz-text-lg-left brz-tp-abovetitle brz-css-mYLyQ\"><span class=\"brz-cp-color7\">MUL OLI ALATI RUMAL ARVAMUS <\/span><\/p>\n<\/div>\n<\/div>\n<\/div>\n<div id=\"\" class=\"brz-css-rm5mci brz-wrapper\">\n<div class=\"brz-rich-text brz-rich-text__custom brz-css-11ifedu\" data-brz-custom-id=\"jxllaxwiutufxnodiexpebujleeydigkyecr\">\n<div data-brz-translate-text=\"1\">\n<p class=\"brz-tp-subtitle brz-text-lg-left brz-css-lrss4\"><span class=\"brz-cp-color2\">kuivatite ja igasugu elektriliste abi-vidinate kohta, et need on laiskadele inimestele. Et mism\u00f5ttes inimene enam ei viitsi ise hambaharja ka liigutada suus? Tegelikult on nii, et see elektriline hambahari peseb hambaid ikka paremini ja edukamalt, kui Sa ise. Pluss see taimer on super, hambahari l\u00f5petab ise pesu ja annab iga 30-sekundi j\u00e4rel m\u00e4rku. Kokkuv\u00f5tteks peab hambakivi palju harvemini eemaldamas k\u00e4ima.<\/span><\/p>\n<p class=\"brz-tp-subtitle brz-text-lg-left brz-css-x0ahs\"><span class=\"brz-cp-color2\">Nii nagu peab igemete \u00e4\u00e4re alt, piisavalt \u00f5rnalt jne. <\/span><\/p>\n<p class=\"brz-tp-subtitle brz-text-lg-left brz-css-oXx0k\"><span class=\"brz-cp-color2\">Usun, et vana aja inimesed m\u00f5tlevad samuti ja ei saa pihta miks neid uusi vidinaid vaja on. Tuleb ikka kasulike uuendustega kaasa minna! <\/span><\/p>\n<\/div>\n<\/div>\n<\/div>\n<div id=\"\" class=\"brz-css-rm5mci brz-css-tv5p1v brz-wrapper\">\n<div class=\"brz-spacer brz-css-190r4pe brz-css-1cclmg4\"><\/div>\n<\/div>\n<\/div>\n<\/div>\n<div class=\"brz-columns brz-css-649w2m\" data-brz-custom-id=\"pwsldtanxwejdfyhqomqnmpqrgojckauqhhq\">\n<div class=\"brz-bg\"><\/div>\n<div class=\"brz-column__items brz-css-1kufva7\">\n<div id=\"\" class=\"brz-css-rm5mci brz-css-hricst brz-wrapper\">\n<div class=\"brz-image brz-css-9j9itt brz-css-vedl7j\" data-brz-custom-id=\"zbxbrutyeatbxgmntedrljuaxyhahyhpguhr\"><img decoding=\"async\" class=\"brz-img\" src=\"https:\/\/paulalill.com\/?brizy_media=wp-e51bee2266f5a7692584e874409e1e58&amp;brizy_crop=iW%3D555%26iH%3D987%26oX%3D0%26oY%3D187%26cW%3D555%26cH%3D513\" alt=\"\" loading=\"lazy\"><\/div>\n<\/div>\n<\/div>\n<\/div>\n<\/div>\n<\/div>\n<\/div>\n<\/div>\n<\/section>\n<section id=\"_nrttxvtsaienzsjvknwbfmxeachjrxvkefrf\" class=\"brz-section brz-css-1ubxrbp\">\n<div class=\"brz-section__content brz-section--boxed brz-css-1kpinpe brz-css-1y6y8jf\" data-brz-custom-id=\"xabfnzelmvqmmqqyksxpaisyibfwkrndebkt\">\n<div class=\"brz-container brz-css-1ff75c0\">\n<div class=\"brz-row__container brz-css-bm2vij brz-css-1dgs20r\" data-brz-custom-id=\"jkvhhcrpaxvvcdplccntlptypcrlazmitkli\">\n<div class=\"brz-bg\"><\/div>\n<div class=\"brz-row brz-css-15y77rr brz-css-b2eumi\">\n<div class=\"brz-columns brz-css-649w2m brz-css-597bj\" data-brz-custom-id=\"bghnokuwmwaulbgyxkcremxokbgzurkbwkjp\">\n<div class=\"brz-bg\"><\/div>\n<div class=\"brz-column__items brz-css-1kufva7 brz-css-vn6ykl\">\n<div id=\"\" class=\"brz-css-rm5mci brz-wrapper\">\n<div class=\"brz-rich-text brz-rich-text__custom brz-css-11ifedu\" data-brz-custom-id=\"vlluhsxqoyltmbzjgnoyfmwkeilihypbszrf\">\n<div data-brz-translate-text=\"1\">\n<p class=\"brz-tp-abovetitle brz-text-lg-left brz-css-hIjys\"><span class=\"brz-cp-color7\"><span>HAMMAS32.EE   <\/span><\/span><\/p>\n<p class=\"brz-tp-abovetitle brz-text-lg-left brz-css-z8UTV\"><span class=\"brz-cp-color7\">DERMORGANIC.EE <\/span><\/p>\n<\/div>\n<\/div>\n<\/div>\n<div id=\"\" class=\"brz-css-rm5mci brz-wrapper\">\n<div class=\"brz-rich-text brz-rich-text__custom brz-css-11ifedu\" data-brz-custom-id=\"qkdaleiditmtrpezqieukhqfeaedoeygwsoq\">\n<div data-brz-translate-text=\"1\">\n<p class=\"brz-text-lg-left brz-tp-subtitle brz-css-eCS2k\"><span class=\"brz-cp-color2\">PHILIPS SONICARE elektrilised hambaharjad on niiiii head ning v\u00e4ga super hindadega Hammas32.ee lehel! <\/span><\/p>\n<p class=\"brz-text-lg-left brz-tp-subtitle brz-css-iIFNp\"><span class=\"brz-cp-color2\">Soovitan kindlasti! <\/span><\/p>\n<p class=\"brz-text-lg-left brz-tp-subtitle brz-css-b81cR\"><span class=\"brz-cp-color2\"> <\/span><\/p>\n<p class=\"brz-text-lg-left brz-tp-subtitle brz-css-ftMUZ\"><span class=\"brz-cp-color2\"> DERMORGANIC Leave-In Treatment ja 100% puhas sertifitseeritud Orgaaniline Argaania\u00f5li. Rohkem infot ja tellida saad www.dermorganic.ee <\/span><\/p>\n<\/div>\n<\/div>\n<\/div>\n<div id=\"\" class=\"brz-css-rm5mci brz-css-tv5p1v brz-wrapper\">\n<div class=\"brz-spacer brz-css-190r4pe brz-css-1wr9zgm\"><\/div>\n<\/div>\n<\/div>\n<\/div>\n<div class=\"brz-columns brz-css-649w2m\" data-brz-custom-id=\"rappngjsjabdazlmrfuniruqwhhwkmdoyasa\">\n<div class=\"brz-bg\"><\/div>\n<div class=\"brz-column__items brz-css-1kufva7\">\n<div id=\"\" class=\"brz-css-rm5mci brz-css-hlf7dz brz-wrapper\">\n<div class=\"brz-image brz-css-73te9l brz-css-dlj3hn\" data-brz-custom-id=\"dpeozcvkconpumbmobcitpuykwzszliyuard\"><img decoding=\"async\" class=\"brz-img\" src=\"https:\/\/paulalill.com\/?brizy_media=wp-896de814fc4122d944e3550383f6a397&amp;brizy_crop=iW%3D555%26iH%3D470%26oX%3D0%26oY%3D7%26cW%3D555%26cH%3D447\" alt=\"\" loading=\"lazy\"><\/div>\n<\/div>\n<\/div>\n<\/div>\n<\/div>\n<\/div>\n<\/div>\n<\/div>\n<\/section>\n<section id=\"_jfudxcvcgglcrlsgckphhqobywvkvqxyftja\" class=\"brz-section brz-css-1ubxrbp\">\n<div class=\"brz-section__content brz-section--boxed brz-css-1kpinpe brz-css-gjefmg\" data-brz-custom-id=\"zvexbwleuxxyizvftbyefwilvbjtbarnqtpb\">\n<div class=\"brz-container brz-css-1ff75c0\">\n<div class=\"brz-row__container brz-css-bm2vij brz-css-16zfowl\" data-brz-custom-id=\"ktgrlhdtoxbfjidpfocewjjfqlzkmpxyzxvb\">\n<div class=\"brz-bg\"><\/div>\n<div class=\"brz-row brz-css-15y77rr brz-css-b2eumi\">\n<div class=\"brz-columns brz-css-649w2m brz-css-5rdh1l\" data-brz-custom-id=\"mjqppiszyzdqcpamunlsjnhkrnzzrwiiofxc\">\n<div class=\"brz-bg\"><\/div>\n<div class=\"brz-column__items brz-css-1kufva7 brz-css-1wi5o1p\">\n<div id=\"\" class=\"brz-css-rm5mci brz-wrapper\">\n<div class=\"brz-rich-text brz-rich-text__custom brz-css-11ifedu\" data-brz-custom-id=\"cdkuxvjsffassigqozzmzyztlljdjjwzoygt\">\n<div data-brz-translate-text=\"1\">\n<p class=\"brz-text-lg-left brz-tp-abovetitle brz-css-v069h\"><span class=\"brz-cp-color7\"> SINIMUSTVALGE<\/span><\/p>\n<\/div>\n<\/div>\n<\/div>\n<div id=\"\" class=\"brz-css-rm5mci brz-wrapper\">\n<div class=\"brz-rich-text brz-rich-text__custom brz-css-11ifedu\" data-brz-custom-id=\"yhdwkvbrvkhajiboxpqtjknrpltcxembztzy\">\n<div data-brz-translate-text=\"1\">\n<p class=\"brz-tp-subtitle brz-text-lg-left brz-css-qXICS\"><span class=\"brz-cp-color2\"> Muidugi ei saa ma ilma oma kangast kotikesteta! Toidupoes k\u00e4ies kasutan Suitsup\u00e4\u00e4sus\u00fcda puuvillaseid kotte ning isegi, kui v\u00f5tad neli tomatit, saab need kenasti ilma kilekotita kaalule panna! Sest tegelikult on p\u00e4rast ju kilekotike must seest, ka puuviljad pole puhtad poest tulles, mina ei leia mingit varianti, kuidas p\u00e4rast neid \u00e4ra kasutada. Parem on need v\u00f5tmata j\u00e4tta!<\/span><\/p>\n<p class=\"brz-tp-subtitle brz-text-lg-left brz-css-k5oIb\"><span class=\"brz-cp-color2\">Hoia loodust!<\/span><\/p>\n<p class=\"brz-tp-subtitle brz-text-lg-left brz-css-rvGSt\"><span class=\"brz-cp-color2\"> <\/span><span class=\"brz-pre-population-visible brz-cp-color2\">#meieeesti #suitsup\u00e4\u00e4sus\u00fcda <\/span><span class=\"brz-cp-color2\"> <\/span><\/p>\n<p class=\"brz-tp-subtitle brz-text-lg-left brz-css-xD9aT\"><span class=\"brz-pre-population-visible brz-cp-color2\">#paulalilldesign<\/span><span class=\"brz-cp-color2\"> <\/span><\/p>\n<\/div>\n<\/div>\n<\/div>\n<div id=\"\" class=\"brz-css-rm5mci brz-css-tv5p1v brz-wrapper\">\n<div class=\"brz-spacer brz-css-190r4pe brz-css-1kuvioo\"><\/div>\n<\/div>\n<\/div>\n<\/div>\n<div class=\"brz-columns brz-css-649w2m\" data-brz-custom-id=\"cmdfebobwanhbfogvbygluhfvyqtclrlftem\">\n<div class=\"brz-bg\"><\/div>\n<div class=\"brz-column__items brz-css-1kufva7\">\n<div id=\"\" class=\"brz-css-rm5mci brz-css-1vr9fh brz-wrapper\">\n<div class=\"brz-image brz-css-155at21 brz-css-es9228\" data-brz-custom-id=\"tyfrgnpsxrqvigmliwagpwcluvbvimfprmlj\"><img decoding=\"async\" class=\"brz-img\" src=\"https:\/\/paulalill.com\/?brizy_media=wp-04abc7f5c9170f91cd6a62fbf726d81c&amp;brizy_crop=iW%3D555%26iH%3D834%26oX%3D0%26oY%3D96%26cW%3D555%26cH%3D609\" alt=\"\" loading=\"lazy\"><\/div>\n<\/div>\n<\/div>\n<\/div>\n<\/div>\n<\/div>\n<\/div>\n<\/div>\n<\/section>\n<section id=\"_tnkuoyvvchcsceavdxiiurjmxgofuefuqaeh\" class=\"brz-section brz-css-1ubxrbp\">\n<div class=\"brz-section__content brz-section--boxed brz-css-1kpinpe brz-css-1r4q6wo\" data-brz-custom-id=\"yyuhnhdoubsatnhcngceudomvohedcyjvcnf\">\n<div class=\"brz-container brz-css-1ff75c0\">\n<div class=\"brz-row__container brz-css-bm2vij brz-css-bamaja\" data-brz-custom-id=\"mtdbcmsxrudqjuuumhalpqzwinmxaabzfogm\">\n<div class=\"brz-bg\"><\/div>\n<div class=\"brz-row brz-css-15y77rr brz-css-b2eumi\">\n<div class=\"brz-columns brz-css-649w2m brz-css-1e4xk1k\" data-brz-custom-id=\"kuiqeyqwvrcdtrpmxaobqpzhwhnaezcgkzdg\">\n<div class=\"brz-bg\"><\/div>\n<div class=\"brz-column__items brz-css-1kufva7 brz-css-xylj49\">\n<div id=\"\" class=\"brz-css-rm5mci brz-wrapper\">\n<div class=\"brz-rich-text brz-rich-text__custom brz-css-11ifedu\" data-brz-custom-id=\"novrptiogchrxmpsjizrwgdacibjstkfotjy\">\n<div data-brz-translate-text=\"1\">\n<p class=\"brz-text-lg-left brz-tp-abovetitle brz-css-r2FFZ\"><span class=\"brz-cp-color7\">LIIGU JA OLE REIBAS<\/span><\/p>\n<\/div>\n<\/div>\n<\/div>\n<div id=\"\" class=\"brz-css-rm5mci brz-wrapper\">\n<div class=\"brz-rich-text brz-rich-text__custom brz-css-11ifedu\" data-brz-custom-id=\"paecabjzfapytpeqrxrdgacvcyjukzvedmqr\">\n<div data-brz-translate-text=\"1\">\n<p class=\"brz-text-lg-left brz-tp-subtitle brz-css-kybkt\"><span class=\"brz-cp-color2\">\u00c4rkan varakult!Liigutan end v\u00e4rskes \u00f5hus ja naudin loodust! Kui \u00f5ue m\u00f5ni p\u00e4ev ei j\u00f5uagi pikemaks ajaks v\u00e4lja, siis liigutan kodus ja aknad p\u00e4rani, toon v\u00e4rske \u00f5hu tuppa \ud83d\ude09!<\/span><\/p>\n<p class=\"brz-text-lg-left brz-tp-subtitle brz-css-psm2m\"><span class=\"brz-cp-color2\">Ammuta energiat v\u00e4rskest ja puhtast!<\/span><\/p>\n<p class=\"brz-text-lg-left brz-tp-subtitle brz-css-zA172\"><span class=\"brz-cp-color2\"> <\/span><\/p>\n<p class=\"brz-text-lg-left brz-tp-subtitle brz-css-heF3I\"><span class=\"brz-cp-color2\"> <\/span><\/p>\n<p class=\"brz-text-lg-left brz-tp-subtitle brz-css-ulGSq\"><span class=\"brz-cp-color2\">FOTO: CHRISTYN PHOTOGRAPHY <\/span><\/p>\n<p class=\"brz-text-lg-left brz-tp-subtitle brz-css-dvBKM\"><span class=\"brz-cp-color2\"> <\/span><\/p>\n<\/div>\n<\/div>\n<\/div>\n<div class=\"brz-wrapper-clone brz-css-1loc2rb\">\n<div class=\"brz-d-xs-flex brz-flex-xs-wrap brz-css-cqzmw7\" data-brz-custom-id=\"\">\n<div class=\"brz-wrapper-clone__item\" id=\"pnnfodraupkrzvuezqahddhzeskuuvzliqsn\"><a class=\"brz-a brz-btn brz-css-1tt3y5s brz-css-16giscp\" href=\"https:\/\/www.paulalill.com\/en\/varajane\/\" target=\"_self\" rel=\"noopener\" data-brz-link-type=\"external\" data-brz-custom-id=\"pnnfodraupkrzvuezqahddhzeskuuvzliqsn\"><span data-brz-translate-text=\"1\" class=\"brz-span brz-text__editor\">VARAJANE \u00c4RKAMINE<\/span><\/a><\/div>\n<\/div>\n<\/div>\n<div id=\"\" class=\"brz-css-rm5mci brz-css-tv5p1v brz-wrapper\">\n<div class=\"brz-spacer brz-css-190r4pe brz-css-16lhomj\"><\/div>\n<\/div>\n<\/div>\n<\/div>\n<div class=\"brz-columns brz-css-649w2m\" data-brz-custom-id=\"bwmkgjltacimmbgamxcrsociubynwnrnfiaa\">\n<div class=\"brz-bg\"><\/div>\n<div class=\"brz-column__items brz-css-1kufva7\">\n<div id=\"\" class=\"brz-css-rm5mci brz-css-ablbl4 brz-wrapper\">\n<div class=\"brz-image brz-css-1my6faw brz-css-1llmrug\" data-brz-custom-id=\"zgdkssqhxlqgnouqfvzgpjeeownppixqqxyo\"><img decoding=\"async\" class=\"brz-img\" src=\"https:\/\/paulalill.com\/?brizy_media=wp-58128654643db0c13b418ec30b2a22de&amp;brizy_crop=iW%3D555%26iH%3D831%26oX%3D0%26oY%3D175%26cW%3D555%26cH%3D657\" alt=\"\" loading=\"lazy\"><\/div>\n<\/div>\n<\/div>\n<\/div>\n<\/div>\n<\/div>\n<\/div>\n<\/div>\n<\/section>\n<\/div>\n<p>    <!-- version:1737231056 --><\/p>","protected":false},"excerpt":{"rendered":"<p>KEEP IT MOIST Kasutan igap\u00e4evaselt DermOrganic Shea Coconut orgaanilist kehakreemi! Ma olen maksimaalne kreemitaja! Ma ei salli kuiva nahka ja hindan v\u00e4ha puhtaid tooteid. Juba neli aastat tagasi keerasin t\u00e4iesti puhta lehe oma nahahoolduses. Hakkasin vaatama, mida sisaldavad minu tooted, kui v\u00e4rvilised ja l\u00f5hnavad nad on. Hindan organismile ohutuid tooteid ning mida v\u00f5in julgelt kasutada [&hellip;]<\/p>","protected":false},"author":1,"featured_media":0,"parent":0,"menu_order":0,"comment_status":"closed","ping_status":"closed","template":"brizy-blank-template.php","meta":{"_monsterinsights_skip_tracking":false,"_monsterinsights_sitenote_active":false,"_monsterinsights_sitenote_note":"","_monsterinsights_sitenote_category":0,"footnotes":""},"brizy_media":[{"id":959,"url":"https:\/\/paulalill.com\/wp-content\/uploads\/2020\/01\/IMG_6910-scaled.jpg","name":"IMG_6910.jpg","meta":{"brizy_attachment_uid":"wp-04abc7f5c9170f91cd6a62fbf726d81c","brizy_post_uid":["33c76559255a3bc5430fa464f508d985","f5787e20fcd2ab0ae4fea1883db2c07b"]}},{"id":1092,"url":"https:\/\/paulalill.com\/wp-content\/uploads\/2020\/01\/IMG_5073-scaled.jpg","name":"IMG_5073.jpg","meta":{"brizy_attachment_uid":"wp-72dd1be28eb5160a853435fb014b8e22","brizy_post_uid":["f5787e20fcd2ab0ae4fea1883db2c07b"]}},{"id":2393,"url":"https:\/\/paulalill.com\/wp-content\/uploads\/2020\/03\/IMG_9134_Facetune_26-03-2020-08-16-43-scaled.jpg","name":"IMG_9134_Facetune_26-03-2020-08-16-43.jpg","meta":{"brizy_attachment_uid":"wp-896de814fc4122d944e3550383f6a397","brizy_post_uid":["f5787e20fcd2ab0ae4fea1883db2c07b"]}},{"id":2428,"url":"https:\/\/paulalill.com\/wp-content\/uploads\/2020\/03\/40BA1269-E3A7-4C30-9765-068B5A9D6368.jpeg","name":"40BA1269-E3A7-4C30-9765-068B5A9D6368.jpeg","meta":{"brizy_attachment_uid":"wp-e51bee2266f5a7692584e874409e1e58","brizy_post_uid":["f5787e20fcd2ab0ae4fea1883db2c07b"]}},{"id":4673,"url":"https:\/\/paulalill.com\/wp-content\/uploads\/2020\/04\/IMG_3302_Facetune_07-04-2020-09-36-25-scaled.jpg","name":"IMG_3302_Facetune_07-04-2020-09-36-25.jpg","meta":{"brizy_attachment_uid":"wp-1ece3f82205c71475e98c28861d7e6af","brizy_post_uid":["f5787e20fcd2ab0ae4fea1883db2c07b"]}},{"id":4745,"url":"https:\/\/paulalill.com\/wp-content\/uploads\/2020\/04\/DSC6602-scaled.jpeg","name":"DSC6602.jpeg","meta":{"brizy_attachment_uid":"wp-58128654643db0c13b418ec30b2a22de","brizy_post_uid":["f5787e20fcd2ab0ae4fea1883db2c07b","a7215f60e21baf8225574d86c6e7e93b","7fe860b5cfe16d75e300654599e648f0"]}}],"_links":{"self":[{"href":"https:\/\/www.paulalill.com\/en\/wp-json\/wp\/v2\/pages\/2388"}],"collection":[{"href":"https:\/\/www.paulalill.com\/en\/wp-json\/wp\/v2\/pages"}],"about":[{"href":"https:\/\/www.paulalill.com\/en\/wp-json\/wp\/v2\/types\/page"}],"author":[{"embeddable":true,"href":"https:\/\/www.paulalill.com\/en\/wp-json\/wp\/v2\/users\/1"}],"replies":[{"embeddable":true,"href":"https:\/\/www.paulalill.com\/en\/wp-json\/wp\/v2\/comments?post=2388"}],"version-history":[{"count":5,"href":"https:\/\/www.paulalill.com\/en\/wp-json\/wp\/v2\/pages\/2388\/revisions"}],"predecessor-version":[{"id":6345,"href":"https:\/\/www.paulalill.com\/en\/wp-json\/wp\/v2\/pages\/2388\/revisions\/6345"}],"wp:attachment":[{"href":"https:\/\/www.paulalill.com\/en\/wp-json\/wp\/v2\/media?parent=2388"}],"curies":[{"name":"wp","href":"https:\/\/api.w.org\/{rel}","templated":true}]}}