{"id":2863,"date":"2020-03-26T10:17:59","date_gmt":"2020-03-26T10:17:59","guid":{"rendered":"http:\/\/paulalill.com\/?page_id=2863"},"modified":"2026-04-07T07:23:13","modified_gmt":"2026-04-07T07:23:13","slug":"brownie","status":"publish","type":"page","link":"https:\/\/www.paulalill.com\/en\/brownie\/","title":{"rendered":"brownie"},"content":{"rendered":"<div class=\"brz-root__container brz-reset-all brz brz-root__container-page\">\n<section id=\"_ahjgwxsukpyxbjrznmrvvrlbbxostxgamtrf\" class=\"brz-section brz-css-17s18ud\">\n<div class=\"brz-section__content brz-section--boxed brz-css-11nastc brz-css-xkr0jd\" data-brz-custom-id=\"fogbtibygwofwsevullogxjxfxtlqhdgkwqz\">\n<div class=\"brz-container brz-css-1n01uh8\">\n<div class=\"brz-wrapper-clone brz-css-1kywn7a\">\n<div class=\"brz-d-xs-flex brz-flex-xs-wrap brz-css-e87gad\" data-brz-custom-id=\"\">\n<div class=\"brz-wrapper-clone__item\" id=\"xquknwvefqowhgqdybxvfjkvcmlhvzktgqhy\">\n<div class=\"brz-icon__container\" data-brz-custom-id=\"xquknwvefqowhgqdybxvfjkvcmlhvzktgqhy\"><span class=\"brz-icon brz-span brz-css-j253zw brz-css-fh8ay0\"><\/span><\/div>\n<\/div>\n<\/div>\n<\/div>\n<div id=\"\" class=\"brz-css-19vl5hq brz-wrapper\">\n<div class=\"brz-rich-text brz-rich-text__custom brz-css-1czci9e\" data-brz-custom-id=\"cultzzzzxyduuygckqwhxnbrmdsacnvyegzb\">\n<div data-brz-translate-text=\"1\">\n<h1 class=\"brz-tp-heading1 brz-text-lg-center brz-css-eIOj3\"><span class=\"brz-cp-color2\">BROWNIE <\/span><\/h1>\n<\/div>\n<\/div>\n<\/div>\n<div id=\"\" class=\"brz-css-19vl5hq brz-css-on1tmy brz-wrapper\">\n<div class=\"brz-rich-text brz-rich-text__custom brz-css-1czci9e\" data-brz-custom-id=\"vogqlrrrgmcoxxxlzoamtavmblcrzbwnbqoe\">\n<div data-brz-translate-text=\"1\">\n<p class=\"brz-text-lg-center brz-tp-subtitle brz-css-r9Gul\"><span class=\"brz-cp-color7\">LIHTNE JA KIIRE &#8211; 10 MIN NING AHJU<\/span><\/p>\n<\/div>\n<\/div>\n<\/div>\n<\/div>\n<\/div>\n<\/section>\n<section id=\"_ambtcuvboqrhmwtewblnvyqkblxqsjuhrzjx\" class=\"brz-section brz-css-17s18ud\">\n<div class=\"brz-section__content brz-section--boxed brz-css-11nastc brz-css-86mty1\" data-brz-custom-id=\"cxcjoeajxchxatsmovbiqbkssqhesxqpideo\">\n<div class=\"brz-container brz-css-1n01uh8\">\n<div class=\"brz-row__container brz-css-j7jvlv\" data-brz-custom-id=\"wmjgugmxgybfqwanptvajhqnicybpdtqugaw\">\n<div class=\"brz-bg\"><\/div>\n<div class=\"brz-row brz-css-cy64pf brz-css-t98xvh\">\n<div class=\"brz-columns brz-css-83j9ls brz-css-1dnj29h\" data-brz-custom-id=\"kiylgxqhodsvrftivpsgemofiepwuuxhehzz\">\n<div class=\"brz-bg\"><\/div>\n<div class=\"brz-column__items brz-css-2bn1tt brz-css-gbhf7f\">\n<div id=\"\" class=\"brz-css-19vl5hq brz-css-gpdydl brz-wrapper\">\n<div class=\"brz-image brz-css-152ds9a brz-css-1gg1y5e\" data-brz-custom-id=\"yujkypahzzozingpikuqagbbwetvtvyskvup\"><img decoding=\"async\" class=\"brz-img\" src=\"https:\/\/paulalill.com\/?brizy_media=wp-436065fc42de6f27cfb5a5c326247f27&amp;brizy_crop=iW%3D555%26iH%3D740%26oX%3D0%26oY%3D115%26cW%3D555%26cH%3D466\" alt=\"\" loading=\"lazy\"><\/div>\n<\/div>\n<\/div>\n<\/div>\n<div class=\"brz-columns brz-css-83j9ls brz-css-kjgdln\" data-brz-custom-id=\"avxbltlkpjxyypqiqccooxuvqmqfhyonksii\">\n<div class=\"brz-bg\"><\/div>\n<div class=\"brz-column__items brz-css-2bn1tt brz-css-rvwpbd\">\n<div id=\"\" class=\"brz-css-19vl5hq brz-css-1skhaq6 brz-wrapper\">\n<div class=\"brz-rich-text brz-rich-text__custom brz-css-1czci9e\" data-brz-custom-id=\"hqytxqzicvgwuzsmcdcrhncvzrqzdiuwopvu\">\n<div data-brz-translate-text=\"1\">\n<h1 class=\"brz-tp-heading1 brz-css-vyZ5O\"><span class=\"brz-cp-color2\"><span>Vaja l\u00e4heb&#8230;<\/span><\/span><\/h1>\n<\/div>\n<\/div>\n<\/div>\n<div id=\"\" class=\"brz-css-19vl5hq brz-wrapper\">\n<div class=\"brz-rich-text brz-rich-text__custom brz-css-1czci9e\" data-brz-custom-id=\"lbxpudbxruhiophgfccrbtogukohnortjxae\">\n<div data-brz-translate-text=\"1\">\n<ul>\n<li class=\"brz-tp-paragraph brz-bcp-color7 brz-css-zH4De\"><span class=\"brz-cp-color7\">2 muna<\/span><\/li>\n<li class=\"brz-tp-paragraph brz-bcp-color7 brz-css-iKRhH\"><span class=\"brz-cp-color7\">150\/200 g v\u00f5id<\/span><\/li>\n<li class=\"brz-tp-paragraph brz-bcp-color7 brz-css-aLsbE\"><span class=\"brz-cp-color7\">Pruuni suhkrut ca 20gr<\/span><\/li>\n<li class=\"brz-tp-paragraph brz-bcp-color7 brz-css-gVl4U\"><span class=\"brz-cp-color7\">1 suur Bitteri tume \u0161okolaad<\/span><\/li>\n<li class=\"brz-tp-paragraph brz-bcp-color7 brz-css-crp9r\"><span class=\"brz-cp-color7\">kuni 100 g nisujahu  <\/span><\/li>\n<\/ul>\n<p class=\"brz-tp-paragraph brz-bcp-color7 brz-css-v9uHt\"><span class=\"brz-cp-color7\"> <\/span><\/p>\n<\/div>\n<\/div>\n<\/div>\n<div id=\"\" class=\"brz-css-19vl5hq brz-css-jqr2mk brz-css-12vs1y1 brz-wrapper\">\n<div class=\"brz-spacer brz-css-wkescr brz-css-nf9q9d\"><\/div>\n<\/div>\n<\/div>\n<\/div>\n<\/div>\n<\/div>\n<\/div>\n<\/div>\n<\/section>\n<section id=\"_qsnonpsvwhvfbannqbsfctanllmaxkvsyspm\" class=\"brz-section brz-css-17s18ud\">\n<div class=\"brz-section__content brz-section--boxed brz-css-11nastc brz-css-12zbkqa\" data-brz-custom-id=\"pddrgkvwvwupcuzkllixngisatmsjomvghsr\">\n<div class=\"brz-container brz-css-1n01uh8\">\n<div class=\"brz-row__container brz-css-j7jvlv\" data-brz-custom-id=\"hufuuuyzacxivgdlssplmwnnygalozsvwvvx\">\n<div class=\"brz-bg\"><\/div>\n<div class=\"brz-row brz-css-cy64pf brz-css-t98xvh\">\n<div class=\"brz-columns brz-css-83j9ls brz-css-l7hk3k\" data-brz-custom-id=\"hxknpjqxwviigmtqdaqvfriqhinwattdejhk\">\n<div class=\"brz-bg\"><\/div>\n<div class=\"brz-column__items brz-css-2bn1tt brz-css-1y074yx\">\n<div id=\"\" class=\"brz-css-19vl5hq brz-wrapper\">\n<div class=\"brz-rich-text brz-rich-text__custom brz-css-1czci9e\" data-brz-custom-id=\"wunrvikzylkobimvubnavjsezhksxrwnhfpf\">\n<div data-brz-translate-text=\"1\">\n<p class=\"brz-tp-heading3 brz-css-q9x5R\"><strong class=\"brz-cp-color3\">01<\/strong><\/p>\n<\/div>\n<\/div>\n<\/div>\n<div id=\"\" class=\"brz-css-19vl5hq brz-css-1q73hhb brz-wrapper\">\n<div class=\"brz-rich-text brz-rich-text__custom brz-css-1czci9e\" data-brz-custom-id=\"ervzehdprhirjmfhextachuiklazscyhmxjt\">\n<div data-brz-translate-text=\"1\">\n<h4 class=\"brz-fs-xs-im-17 brz-fs-sm-im-19 brz-fs-lg-19 brz-fw-xs-im-700 brz-fw-sm-im-700 brz-fw-lg-700 brz-ft-google brz-ff-overpass brz-ls-xs-im-0 brz-ls-sm-im-m_0_5 brz-ls-lg-m_0_5 brz-lh-xs-im-1_4 brz-lh-sm-im-1_4 brz-lh-lg-1_5 brz-css-qEW43\"><span class=\"brz-cp-color2\">\u0160okolaad sulama.. <\/span><\/h4>\n<\/div>\n<\/div>\n<\/div>\n<div id=\"\" class=\"brz-css-19vl5hq brz-wrapper\">\n<div class=\"brz-rich-text brz-rich-text__custom brz-css-1czci9e\" data-brz-custom-id=\"cvseycqcplzkxlkatrsunjmkvkeaptfxegii\">\n<div data-brz-translate-text=\"1\">\n<p class=\"brz-tp-paragraph brz-css-lxZgR\"><span class=\"brz-cp-color2\"> Viimasel ajal panen \u0161okolaadi ja v\u00f5i sulama koos sulama. lisan sinna ka natuke pruuni suhkrut. Oleneb, kui kasutan 56% Bitteri \u0161okolaadi, sis panen v\u00e4hem suhkrut, kui kasutan 78% vms see oligi, siis natukene rohkem. Selle h\u00e4sti tumedaga tuleb niiii m\u00f5nus tummine. Oleneb, kuidas kellegile meeldib. Eriti hea, kui sellele tummisele brownile vaarikaid v\u00f5i punases\u00f5straid sisse uhada. <\/span><\/p>\n<\/div>\n<\/div>\n<\/div>\n<\/div>\n<\/div>\n<div class=\"brz-columns brz-css-83j9ls brz-css-1wwfb9i\" data-brz-custom-id=\"guazomtqkeghxhlqrhqvkfkziiiinxlckmzw\">\n<div class=\"brz-bg\"><\/div>\n<div class=\"brz-column__items brz-css-2bn1tt brz-css-176ash1\">\n<div id=\"\" class=\"brz-css-19vl5hq brz-wrapper\">\n<div class=\"brz-rich-text brz-rich-text__custom brz-css-1czci9e\" data-brz-custom-id=\"olncqexzamgokyulectlvhxnhjeeriakytoi\">\n<div data-brz-translate-text=\"1\">\n<p class=\"brz-tp-heading3 brz-css-vYZsu\"><strong class=\"brz-cp-color3\">02<\/strong><\/p>\n<\/div>\n<\/div>\n<\/div>\n<div id=\"\" class=\"brz-css-19vl5hq brz-css-1mwell2 brz-wrapper\">\n<div class=\"brz-rich-text brz-rich-text__custom brz-css-1czci9e\" data-brz-custom-id=\"akwvcdgheiiomdkoxoahtlcgzavhkjcaflqv\">\n<div data-brz-translate-text=\"1\">\n<h4 class=\"brz-fs-xs-im-17 brz-fs-sm-im-19 brz-fs-lg-19 brz-fw-xs-im-700 brz-fw-sm-im-700 brz-fw-lg-700 brz-ft-google brz-ff-overpass brz-ls-xs-im-0 brz-ls-sm-im-m_0_5 brz-ls-lg-m_0_5 brz-lh-xs-im-1_4 brz-lh-sm-im-1_4 brz-lh-lg-1_5 brz-css-h63PT\"><span class=\"brz-cp-color2\">Munad..<\/span><\/h4>\n<\/div>\n<\/div>\n<\/div>\n<div id=\"\" class=\"brz-css-19vl5hq brz-wrapper\">\n<div class=\"brz-rich-text brz-rich-text__custom brz-css-1czci9e\" data-brz-custom-id=\"knqtvdujipueuudeetgrknsmzeeiwgmvesdc\">\n<div data-brz-translate-text=\"1\">\n<p class=\"brz-tp-paragraph brz-css-aOz74\"><span class=\"brz-cp-color2\">Olen teinud ka kolme munaga, aga siis on liiga \u00b4\u00b4munane\u00b4\u00b4, mulle meeldib kahe munaga. Eks maitse vahe on ka, sellest kas on kodukana munad.<\/span><\/p>\n<p class=\"brz-tp-paragraph brz-css-yzTAr\"><span class=\"brz-cp-color2\">Nii, klopi munad l\u00e4bi, vala juurde \u0161okolaadi m\u00f6ks ja sega l\u00e4bi. Lisa jahu. Jahu ma panen vastavalt \u0161okolaadi kogusele v\u00f5i kui \u00b4\u00b4m\u00e4rga\u00b4&#8217;browniet soovin. Ma ei taha, et see oleks saiane, seega vahel panen ilmselt v\u00e4hem, kui 100 g jahu. \u00dcldiselt ma ei kaalu midagi<\/span><\/p>\n<p class=\"brz-tp-paragraph brz-css-uAuLX\"><span class=\"brz-cp-color2\">ja teen silma j\u00e4rgi. Eks teed \u00fche korra \u00e4ra, siis oskad edaspidi kohendada enda maitsele selle brownie. <\/span><\/p>\n<\/div>\n<\/div>\n<\/div>\n<\/div>\n<\/div>\n<div class=\"brz-columns brz-css-83j9ls brz-css-1n7tp5z\" data-brz-custom-id=\"zygfhmfecakpvnixsafvqynflsgnyxsayktd\">\n<div class=\"brz-bg\"><\/div>\n<div class=\"brz-column__items brz-css-2bn1tt brz-css-1ecir8\">\n<div id=\"\" class=\"brz-css-19vl5hq brz-wrapper\">\n<div class=\"brz-rich-text brz-rich-text__custom brz-css-1czci9e\" data-brz-custom-id=\"phterwmarglrhljhlyfkirycwtsriegovwic\">\n<div data-brz-translate-text=\"1\">\n<p class=\"brz-tp-heading3 brz-css-c0yiX\"><strong class=\"brz-cp-color3\">03<\/strong><\/p>\n<\/div>\n<\/div>\n<\/div>\n<div id=\"\" class=\"brz-css-19vl5hq brz-css-fae3mm brz-wrapper\">\n<div class=\"brz-rich-text brz-rich-text__custom brz-css-1czci9e\" data-brz-custom-id=\"pobkfdgxgjuwtsrsxmkiksejqqcshpjbfjio\">\n<div data-brz-translate-text=\"1\">\n<h4 class=\"brz-fs-xs-im-17 brz-fs-sm-im-19 brz-fs-lg-19 brz-fw-xs-im-700 brz-fw-sm-im-700 brz-fw-lg-700 brz-ft-google brz-ff-overpass brz-ls-xs-im-0 brz-ls-sm-im-m_0_5 brz-ls-lg-m_0_5 brz-lh-xs-im-1_4 brz-lh-sm-im-1_4 brz-lh-lg-1_5 brz-css-jTmWY\"><span class=\"brz-cp-color2\">Vormi.. <\/span><\/h4>\n<\/div>\n<\/div>\n<\/div>\n<div id=\"\" class=\"brz-css-19vl5hq brz-wrapper\">\n<div class=\"brz-rich-text brz-rich-text__custom brz-css-1czci9e\" data-brz-custom-id=\"getoxawqvbnglwisxkixznbglcitunwelmqq\">\n<div data-brz-translate-text=\"1\">\n<p class=\"brz-tp-paragraph brz-css-knCSG\"><span class=\"brz-cp-color2\">Vala k\u00fcpsetuspaberile vormi! Kui tahad, pane n\u00fc\u00fcd sisse mingeid marju! Olen ka piima\u0161okolaadi t\u00fckikesi sisse vajutanud \/mingi t\u00e4idisega Dumle n\u00e4iteks. Aga siin saadki erip\u00e4ra anda igal korral, midagi juurde panna, vahetada.  Mina teen \u00fcsna suure vormiga ja vahel tundub, et nii madal brownie, AGA see on \u00fcsna rammus ka nii, et t\u00e4iesti piisavad on need ruudud. K\u00fcpsetan 170 kraadi juures ala 20 min max, \u00e4ra liigselt \u00e4ra kuivata ning \u00e4ra t\u00f5mba ahju kohe lahti, kui valmis on. V\u00e4henda tempi praokesega, muidu kukub kerkinud brownie KOHE KOKKU.<\/span><\/p>\n<\/div>\n<\/div>\n<\/div>\n<\/div>\n<\/div>\n<\/div>\n<\/div>\n<\/div>\n<\/div>\n<\/section>\n<section id=\"_psfcanskmfspooswrgwcfwxhexowxscdcxaf\" class=\"brz-section brz-css-17s18ud\">\n<div class=\"brz-section__content brz-section--boxed brz-css-11nastc brz-css-sb9ikm\" data-brz-custom-id=\"lwjqijwduuxafxoyyqbwutxmskuuzicusqas\">\n<div class=\"brz-container brz-css-1n01uh8\">\n<div class=\"brz-row__container brz-css-j7jvlv\" data-brz-custom-id=\"tcwdbuaimmegihxzhezdaggzdcinyxzdcqem\">\n<div class=\"brz-bg\"><\/div>\n<div class=\"brz-row brz-css-cy64pf brz-css-t98xvh\">\n<div class=\"brz-columns brz-css-83j9ls brz-css-xmu2jd\" data-brz-custom-id=\"xbelppmhbehsmhtqdxtsztvottscuihktxlx\">\n<div class=\"brz-bg\"><\/div>\n<div class=\"brz-column__items brz-css-2bn1tt brz-css-ehpqvn\">\n<div id=\"\" class=\"brz-css-19vl5hq brz-wrapper\">\n<div class=\"brz-image brz-css-egiaxf brz-css-16s2cwf\" data-brz-custom-id=\"tygynipfrsuhahrzzyuhtrzayywycraekvqr\"><img decoding=\"async\" class=\"brz-img\" src=\"https:\/\/paulalill.com\/?brizy_media=wp-3ba4f675e6cf49957291943cba338b78&amp;brizy_crop=iW%3D272%26iH%3D363%26oX%3D1%26oY%3D0%26cW%3D270%26cH%3D363\" alt=\"\" loading=\"lazy\"><\/div>\n<\/div>\n<div id=\"\" class=\"brz-css-19vl5hq brz-css-dcf107 brz-wrapper\">\n<div class=\"brz-rich-text brz-rich-text__custom brz-css-1czci9e\" data-brz-custom-id=\"zylpyuaylgyfunvplipeayycekfewjzqelax\">\n<div data-brz-translate-text=\"1\">\n<h5 class=\"brz-mt-lg-10 brz-mb-lg-10 brz-mb-xs-0 brz-mt-xs-0 brz-lh-lg-1_6 brz-lh-sm-im-1_7 brz-lh-xs-im-1_8 brz-fs-lg-20 brz-fs-sm-im-17 brz-fs-xs-im-17 brz-ls-lg-0 brz-ls-sm-im-0 brz-ls-xs-im-0 brz-ft-google brz-fw-sm-im-700 brz-fw-xs-im-700 brz-ff-kaushan_script brz-fw-lg-400 brz-css-f76Yd\"><span class=\"brz-cp-color2\">Mmmmarjadega&#8230; <\/span><\/h5>\n<\/div>\n<\/div>\n<\/div>\n<div id=\"\" class=\"brz-css-19vl5hq brz-css-1mr7dci brz-wrapper\">\n<div class=\"brz-rich-text brz-rich-text__custom brz-css-1czci9e\" data-brz-custom-id=\"nnujryahbgvinuecxhcxgzvpahorithiuffw\">\n<div data-brz-translate-text=\"1\">\n<p class=\"brz-tp-paragraph brz-css-eDgp5\"><span class=\"brz-cp-color7\"> <\/span><\/p>\n<\/div>\n<\/div>\n<\/div>\n<\/div>\n<\/div>\n<div class=\"brz-columns brz-css-83j9ls brz-css-1qijb3d\" data-brz-custom-id=\"mimvmkdfviyoskxwqeumseeuihrwlyxtevtr\">\n<div class=\"brz-bg\"><\/div>\n<div class=\"brz-column__items brz-css-2bn1tt brz-css-9qny0l\">\n<div id=\"\" class=\"brz-css-19vl5hq brz-wrapper\">\n<div class=\"brz-image brz-css-14hu1xz brz-css-1rbaafe\" data-brz-custom-id=\"eruumwivfpdxpoywsgcdblpbplcmxgqygpzo\"><img decoding=\"async\" class=\"brz-img\" src=\"https:\/\/paulalill.com\/?brizy_media=wp-4669869cfacbe59b468e1dcb222d3296&amp;brizy_crop=iW%3D272%26iH%3D363%26oX%3D1%26oY%3D0%26cW%3D270%26cH%3D363\" alt=\"\" loading=\"lazy\"><\/div>\n<\/div>\n<div id=\"\" class=\"brz-css-19vl5hq brz-css-1unt7fm brz-wrapper\">\n<div class=\"brz-rich-text brz-rich-text__custom brz-css-1czci9e\" data-brz-custom-id=\"datruoojuhknaqziqgllvjyunpviwavlbsyz\">\n<div data-brz-translate-text=\"1\">\n<h5 class=\"brz-fw-lg-400 brz-ff-kaushan_script brz-fw-xs-im-700 brz-fw-sm-im-700 brz-ft-google brz-ls-xs-im-0 brz-ls-sm-im-0 brz-ls-lg-0 brz-fs-xs-im-17 brz-fs-sm-im-17 brz-fs-lg-20 brz-lh-xs-im-1_8 brz-lh-sm-im-1_7 brz-lh-lg-1_6 brz-mb-xs-0 brz-mt-xs-0 brz-mt-lg-10 brz-mb-lg-10 brz-css-fykhx\"><span class=\"brz-cp-color2\"> <\/span><\/h5>\n<\/div>\n<\/div>\n<\/div>\n<div id=\"\" class=\"brz-css-19vl5hq brz-css-ocaeet brz-wrapper\">\n<div class=\"brz-rich-text brz-rich-text__custom brz-css-1czci9e\" data-brz-custom-id=\"xfdipzqioatyabvfvemzuosjtxddnpeykfow\">\n<div data-brz-translate-text=\"1\">\n<p class=\"brz-tp-paragraph brz-css-pPGmo\"><span class=\"brz-cp-color7\"> <\/span><\/p>\n<\/div>\n<\/div>\n<\/div>\n<\/div>\n<\/div>\n<div class=\"brz-columns brz-css-83j9ls brz-css-6wmmli\" data-brz-custom-id=\"kpiwlndggigpxwdocszkjamefwxpjkrynebf\">\n<div class=\"brz-column__items brz-css-2bn1tt brz-css-1rl9fib\">\n<div id=\"\" class=\"brz-css-19vl5hq brz-wrapper\">\n<div class=\"brz-image brz-css-4mof2b brz-css-fbdz5k\" data-brz-custom-id=\"fjspinsucuquaohnqnbxzyloilcvytnpcdwc\"><img decoding=\"async\" class=\"brz-img\" src=\"https:\/\/paulalill.com\/?brizy_media=wp-436065fc42de6f27cfb5a5c326247f27&amp;brizy_crop=iW%3D274%26iH%3D365%26oX%3D1%26oY%3D0%26cW%3D271%26cH%3D365\" alt=\"\" loading=\"lazy\"><\/div>\n<\/div>\n<div id=\"\" class=\"brz-css-19vl5hq brz-css-gjs3sb brz-wrapper\">\n<div class=\"brz-rich-text brz-rich-text__custom brz-css-1czci9e\" data-brz-custom-id=\"jvkvqujutjxuisyxtztgumvebfhxidkfhezf\">\n<div data-brz-translate-text=\"1\">\n<h5 class=\"brz-mb-lg-10 brz-mt-lg-10 brz-tp-heading5 brz-mt-xs-0 brz-mb-xs-0 brz-css-nOKqU\"><span class=\"brz-cp-color2\"> <\/span><\/h5>\n<\/div>\n<\/div>\n<\/div>\n<div id=\"\" class=\"brz-css-19vl5hq brz-css-w2kbnn brz-wrapper\">\n<div class=\"brz-rich-text brz-rich-text__custom brz-css-1czci9e\" data-brz-custom-id=\"nyzopmkcilkyudakxmskrqmscfhscxexioai\">\n<div data-brz-translate-text=\"1\">\n<p class=\"brz-tp-paragraph brz-css-b9aRj\"><span class=\"brz-cp-color7\"> <\/span><\/p>\n<\/div>\n<\/div>\n<\/div>\n<\/div>\n<\/div>\n<\/div>\n<\/div>\n<\/div>\n<\/div>\n<\/section>\n<section id=\"_vzswcjzsyipxubjbbzhzuykmbliyvdsrpjnx\" class=\"brz-section brz-css-17s18ud\">\n<div class=\"brz-section__content brz-section--boxed brz-css-11nastc\" data-brz-custom-id=\"jvxwrhwxpqocccbiicymeubegejjbhdsvysc\">\n<div class=\"brz-container brz-css-1n01uh8\">\n<div class=\"brz-row__container brz-css-j7jvlv\" data-brz-custom-id=\"zhiylnhwjuhobtufmfetomednasiwspcozvc\">\n<div class=\"brz-bg\"><\/div>\n<div class=\"brz-row brz-css-cy64pf brz-css-t98xvh\">\n<div class=\"brz-columns brz-css-83j9ls\" data-brz-custom-id=\"lgrojvkdlgjokeqpjtrasefdbnticsknuhew\">\n<div class=\"brz-bg\"><\/div>\n<div class=\"brz-column__items brz-css-2bn1tt brz-css-fjktez\">\n<div class=\"brz-wrapper-clone brz-css-1kywn7a\">\n<div class=\"brz-d-xs-flex brz-flex-xs-wrap brz-css-e87gad brz-css-5j7rtw\" data-brz-custom-id=\"\">\n<div class=\"brz-wrapper-clone__item\" id=\"grfcjdzqwtopkknmyuntemmikisihukvemau\">\n<div class=\"brz-icon__container\" data-brz-custom-id=\"grfcjdzqwtopkknmyuntemmikisihukvemau\"><span class=\"brz-icon brz-span brz-css-j253zw brz-css-1r06s41\"><\/span><\/div>\n<\/div>\n<\/div>\n<\/div>\n<div id=\"\" class=\"brz-css-19vl5hq brz-wrapper\">\n<div class=\"brz-rich-text brz-rich-text__custom brz-css-1czci9e\" data-brz-custom-id=\"xrmrbqquizrznfcabtkforowjyyinggjuzkf\">\n<div data-brz-translate-text=\"1\">\n<h4 class=\"brz-tp-heading4 brz-css-vLW7L\"><span class=\"brz-cp-color2\">Pidulauale?! <\/span><\/h4>\n<\/div>\n<\/div>\n<\/div>\n<div id=\"\" class=\"brz-css-19vl5hq brz-css-1sdiy4x brz-wrapper\">\n<div class=\"brz-rich-text brz-rich-text__custom brz-css-1czci9e\" data-brz-custom-id=\"wxvjkxhciglyqtufrjziqbqghvcifpvtuhvq\">\n<div data-brz-translate-text=\"1\">\n<p class=\"brz-tp-paragraph brz-css-ySPi_\">Just just! Lihtsalt serveeri teisiti! Tee lihtsalt vastavalt k\u00fclaliste arvule suurema kogusega ja ehk parema vormiga. Mina teen ristik\u00fcliku kujulisega alati. Olen l\u00f5iganud brownie mitte ruutudeks vaid tordil\u00f5ikudeks n\u00f6, pannud kahvli k\u00f5rvale ning s\u00f5elunud tuhksuhkrut peale, siis eemalda vaikselt kahvel. Kaunista piparm\u00fcndi lehega v\u00f5i lisa j\u00e4\u00e4tist ja hapukaid marju. J\u00e4\u00e4tis peab hea olema, muidu varjab brownie maitset. Ma polegi seda head maitset leidnud, mulle meeldib puhas tume m\u00f5rkjas brownie. Kui mul veel punaseid s\u00f5straid k\u00fclmkambris oli, kasutasin neid ka. M\u00f5nus kooslus! <\/p>\n<p class=\"brz-tp-paragraph brz-css-vyW67\">\n<p class=\"brz-tp-paragraph brz-css-bXcOA\">See on m\u00f5nus retsept, mida saad kasutada ka k\u00fcpsetatud juustukoogi p\u00f5hjaks.<\/p>\n<p class=\"brz-tp-paragraph brz-css-mIUXk\"><span class=\"brz-cp-color7\"> <\/span><\/p>\n<p class=\"brz-tp-paragraph brz-bcp-color7 brz-css-cvmcV\"><span class=\"brz-cp-color2\"> Kui teed minu retsepti j\u00e4rgi &#8211; Tag\u00ed ka mind Instagramis, et n\u00e4eksin ja v\u00f5id anda omapoolseid soovitusi, nippe! <\/span><\/p>\n<p class=\"brz-tp-paragraph brz-bcp-color7 brz-text-lg-right brz-css-aKypq\"><span class=\"brz-cp-color2\">FOTO: REIN LEIB <\/span><\/p>\n<p class=\"brz-tp-paragraph brz-css-xXc6A\"><span class=\"brz-cp-color2\">Vaata rohkem videosi minu Instagrami lehelt! <\/span><\/p>\n<\/div>\n<\/div>\n<\/div>\n<div class=\"brz-wrapper-clone brz-css-1kywn7a\">\n<div class=\"brz-d-xs-flex brz-flex-xs-wrap brz-css-e87gad brz-css-1l1fzus\" data-brz-custom-id=\"\">\n<div class=\"brz-wrapper-clone__item\" id=\"loezapuxuvlwcqpalcqqpsbvkfuznprxidvq\"><a class=\"brz-a brz-btn brz-css-1tkgmfm brz-css-12udz0l brz-css-1d5bzm4 brz-css-u6ox99\" href=\"https:\/\/www.instagram.com\/paulalill\/\" target=\"_self\" rel=\"noopener\" data-brz-link-type=\"external\" data-brz-custom-id=\"loezapuxuvlwcqpalcqqpsbvkfuznprxidvq\"><span data-brz-translate-text=\"1\" class=\"brz-span brz-text__editor\">INSTAGRAM<\/span><\/a><\/div>\n<\/div>\n<\/div>\n<\/div>\n<\/div>\n<div class=\"brz-columns brz-css-83j9ls\" data-brz-custom-id=\"jppgjifgheokkvjolabnopdskcwghovqsybe\">\n<div class=\"brz-column__items brz-css-2bn1tt brz-css-lagfto\">\n<div id=\"\" class=\"brz-css-19vl5hq brz-wrapper\">\n<div class=\"brz-image brz-css-12161bh\" data-brz-custom-id=\"qoucmwkmmbnevykvtpugpkgcywtinfxfknxu\"><img decoding=\"async\" class=\"brz-img\" src=\"https:\/\/paulalill.com\/?brizy_media=wp-f4d05ee5c9b930d15478a098962d3b1b&amp;brizy_crop=iW%3D470%26iH%3D705%26oX%3D0%26oY%3D32%26cW%3D470%26cH%3D641\" alt=\"\" loading=\"lazy\"><\/div>\n<\/div>\n<\/div>\n<\/div>\n<\/div>\n<\/div>\n<\/div>\n<\/div>\n<\/section>\n<\/div>\n<p>    <!-- version:1737137004 --><\/p>","protected":false},"excerpt":{"rendered":"<p>BROWNIE LIHTNE JA KIIRE &#8211; 10 MIN NING AHJU Vaja l\u00e4heb&#8230; 2 muna 150\/200 g v\u00f5id Pruuni suhkrut ca 20gr 1 suur Bitteri tume \u0161okolaad kuni 100 g nisujahu 01 \u0160okolaad sulama.. Viimasel ajal panen \u0161okolaadi ja v\u00f5i sulama koos sulama. lisan sinna ka natuke pruuni suhkrut. Oleneb, kui kasutan 56% Bitteri \u0161okolaadi, sis panen [&hellip;]<\/p>","protected":false},"author":1,"featured_media":0,"parent":0,"menu_order":0,"comment_status":"closed","ping_status":"closed","template":"brizy-blank-template.php","meta":{"_monsterinsights_skip_tracking":false,"_monsterinsights_sitenote_active":false,"_monsterinsights_sitenote_note":"","_monsterinsights_sitenote_category":0,"footnotes":""},"brizy_media":[{"id":4267,"url":"https:\/\/paulalill.com\/wp-content\/uploads\/2020\/04\/IMG_7240-scaled.jpg","name":"IMG_7240.jpg","meta":{"brizy_attachment_uid":"wp-436065fc42de6f27cfb5a5c326247f27","brizy_post_uid":["2ef2c94d88c279a3aed8c3d1543d125a"]}},{"id":4371,"url":"https:\/\/paulalill.com\/wp-content\/uploads\/2020\/04\/IMG_9293-scaled.jpg","name":"IMG_9293.jpg","meta":{"brizy_attachment_uid":"wp-3ba4f675e6cf49957291943cba338b78","brizy_post_uid":["2ef2c94d88c279a3aed8c3d1543d125a","e67aca778fa2bdc8d4d0885aa1c54206"]}},{"id":4380,"url":"https:\/\/paulalill.com\/wp-content\/uploads\/2020\/04\/767DD367-F779-4395-AB33-E2CC7EAF25DB-scaled.jpeg","name":"767DD367-F779-4395-AB33-E2CC7EAF25DB.jpeg","meta":{"brizy_attachment_uid":"wp-95b32951e120ab965144bf255ff3f9ef","brizy_post_uid":["2ef2c94d88c279a3aed8c3d1543d125a"]}},{"id":4385,"url":"https:\/\/paulalill.com\/wp-content\/uploads\/2020\/04\/IMG_5407-scaled.jpg","name":"IMG_5407.jpg","meta":{"brizy_attachment_uid":"wp-a8f6b3f423853d2dc4a96f385f07ff46","brizy_post_uid":["2ef2c94d88c279a3aed8c3d1543d125a"]}},{"id":4388,"url":"https:\/\/paulalill.com\/wp-content\/uploads\/2020\/04\/IMG_2906-scaled.jpg","name":"IMG_2906.jpg","meta":{"brizy_attachment_uid":"wp-4669869cfacbe59b468e1dcb222d3296","brizy_post_uid":["2ef2c94d88c279a3aed8c3d1543d125a"]}},{"id":4394,"url":"https:\/\/paulalill.com\/wp-content\/uploads\/2020\/04\/54D35083-831C-4916-8B79-D5145C228573-scaled.jpeg","name":"54D35083-831C-4916-8B79-D5145C228573.jpeg","meta":{"brizy_attachment_uid":"wp-dd92d7b3021fa354cc6d5c03602ebde7","brizy_post_uid":["2ef2c94d88c279a3aed8c3d1543d125a"]}}],"_links":{"self":[{"href":"https:\/\/www.paulalill.com\/en\/wp-json\/wp\/v2\/pages\/2863"}],"collection":[{"href":"https:\/\/www.paulalill.com\/en\/wp-json\/wp\/v2\/pages"}],"about":[{"href":"https:\/\/www.paulalill.com\/en\/wp-json\/wp\/v2\/types\/page"}],"author":[{"embeddable":true,"href":"https:\/\/www.paulalill.com\/en\/wp-json\/wp\/v2\/users\/1"}],"replies":[{"embeddable":true,"href":"https:\/\/www.paulalill.com\/en\/wp-json\/wp\/v2\/comments?post=2863"}],"version-history":[{"count":5,"href":"https:\/\/www.paulalill.com\/en\/wp-json\/wp\/v2\/pages\/2863\/revisions"}],"predecessor-version":[{"id":6348,"href":"https:\/\/www.paulalill.com\/en\/wp-json\/wp\/v2\/pages\/2863\/revisions\/6348"}],"wp:attachment":[{"href":"https:\/\/www.paulalill.com\/en\/wp-json\/wp\/v2\/media?parent=2863"}],"curies":[{"name":"wp","href":"https:\/\/api.w.org\/{rel}","templated":true}]}}