{"id":2995,"date":"2020-03-26T12:46:27","date_gmt":"2020-03-26T12:46:27","guid":{"rendered":"http:\/\/paulalill.com\/?page_id=2995"},"modified":"2026-04-06T21:47:20","modified_gmt":"2026-04-06T21:47:20","slug":"salty","status":"publish","type":"page","link":"https:\/\/www.paulalill.com\/en\/salty\/","title":{"rendered":"salty"},"content":{"rendered":"<div class=\"brz-root__container brz-reset-all brz brz-root__container-page\">\n<section id=\"_ymjcaorlkjsrqefzpopsrujwstnjfhnqotod\" class=\"brz-section brz-css-1g2gjhs\">\n<div class=\"brz-section__content brz-section--boxed brz-css-1nx7eib brz-css-z8scrd\" data-brz-custom-id=\"qixxbdpptckiyygdxnjolncasjxsvvfrpslq\">\n<div class=\"brz-container brz-css-1e8edyi\">\n<div class=\"brz-wrapper-clone brz-css-cugr91\">\n<div class=\"brz-d-xs-flex brz-flex-xs-wrap brz-css-zir96p\" data-brz-custom-id=\"\">\n<div class=\"brz-wrapper-clone__item\" id=\"aoecnuloradgghgazozlogkwwovvpqickjgx\">\n<div class=\"brz-icon__container\" data-brz-custom-id=\"aoecnuloradgghgazozlogkwwovvpqickjgx\"><span class=\"brz-icon brz-span brz-css-1y8e6ex brz-css-1eo1j0n\"><\/span><\/div>\n<\/div>\n<\/div>\n<\/div>\n<div id=\"\" class=\"brz-css-jyuhiy brz-wrapper\">\n<div class=\"brz-rich-text brz-rich-text__custom brz-css-qszdfn\" data-brz-custom-id=\"riyzlaxomzlvcbpreavzjygsjipjtcexikik\">\n<div data-brz-translate-text=\"1\">\n<h1 class=\"brz-tp-heading1 brz-text-lg-center brz-css-lTKvW\"><span class=\"brz-cp-color2\"><span>SALTY <\/span><\/span><\/h1>\n<\/div>\n<\/div>\n<\/div>\n<div id=\"\" class=\"brz-css-jyuhiy brz-css-fr5bpv brz-wrapper\">\n<div class=\"brz-rich-text brz-rich-text__custom brz-css-qszdfn\" data-brz-custom-id=\"nrezzvjocwbhugmdxixlhrgjewfgeaqfvxqv\">\n<div data-brz-translate-text=\"1\">\n<p class=\"brz-text-lg-center brz-tp-subtitle brz-css-r52cK\"><span class=\"brz-cp-color7\"><span>OLED SATTUNUD MINU SOOLASELE LEHELE! <\/span><\/span><\/p>\n<\/div>\n<\/div>\n<\/div>\n<\/div>\n<\/div>\n<\/section>\n<section id=\"_rnsfebnjmjgvjjimtxdasolzbszklwtukhgi\" class=\"brz-section brz-css-1g2gjhs\">\n<div class=\"brz-section__content brz-section--boxed brz-css-1nx7eib brz-css-1coggbw\" data-brz-custom-id=\"tblgttumoymwvkdgykvpzeggyzhwphbnbsmm\">\n<div class=\"brz-container brz-css-1e8edyi\">\n<div class=\"brz-row__container brz-css-898i1w\" data-brz-custom-id=\"okiafrspotjatlnojvphuxzdijlypxsumtlc\">\n<div class=\"brz-bg\"><\/div>\n<div class=\"brz-row brz-css-6s4kra brz-css-1h2dpx3\">\n<div class=\"brz-columns brz-css-1hivuiq brz-css-1xvfgxj\" data-brz-custom-id=\"obhjmibnkhvcebqhdnlwwhjpafczyhpbxtda\">\n<div class=\"brz-bg\"><\/div>\n<div class=\"brz-column__items brz-css-1jyxlz1\">\n<div id=\"\" class=\"brz-css-jyuhiy brz-wrapper\">\n<div class=\"brz-image brz-css-1v5np0d brz-css-phxt1u\" data-brz-custom-id=\"qzndxcitipmaqhyknrllszyzodaexocudemw\"><img decoding=\"async\" class=\"brz-img\" src=\"https:\/\/paulalill.com\/?brizy_media=wp-25afca83c564a3ef25d042f5425eb7a6&amp;brizy_crop=iW%3D415%26iH%3D553%26oX%3D0%26oY%3D0%26cW%3D415%26cH%3D553\" alt=\"\" loading=\"lazy\"><\/div>\n<\/div>\n<\/div>\n<\/div>\n<div class=\"brz-columns brz-css-1hivuiq brz-css-ks3xu8\" data-brz-custom-id=\"bwmvdfgqaogseikuysltvsgxpgnkcjgsmiww\">\n<div class=\"brz-bg\"><\/div>\n<div class=\"brz-column__items brz-css-1jyxlz1 brz-css-zl9l05\">\n<div class=\"brz-wrapper-clone brz-css-cugr91\">\n<div class=\"brz-d-xs-flex brz-flex-xs-wrap brz-css-zir96p brz-css-2aailp\" data-brz-custom-id=\"\">\n<div class=\"brz-wrapper-clone__item\" id=\"czplbbmorgiaajatccathqzwmswjpxdcvngz\">\n<div class=\"brz-icon__container\" data-brz-custom-id=\"czplbbmorgiaajatccathqzwmswjpxdcvngz\"><span class=\"brz-icon brz-span brz-css-1y8e6ex brz-css-1yxzndj\"><\/span><\/div>\n<\/div>\n<\/div>\n<\/div>\n<div id=\"\" class=\"brz-css-jyuhiy brz-css-ujtxx0 brz-wrapper\">\n<div class=\"brz-rich-text brz-rich-text__custom brz-css-qszdfn\" data-brz-custom-id=\"indesygwlkoptwlrruaklpnwkpxhwkonqoph\">\n<div data-brz-translate-text=\"1\">\n<h2 class=\"brz-text-xs-center brz-tp-heading2 brz-css-vBhmr\"><span class=\"brz-cp-color2\"><span>KODUNE BOR\u0160 <\/span><\/span><\/h2>\n<\/div>\n<\/div>\n<\/div>\n<div id=\"\" class=\"brz-css-jyuhiy brz-css-t1d1ma brz-css-pqm4f4 brz-wrapper\">\n<div class=\"brz-spacer brz-css-qkye7v brz-css-3z4682\"><\/div>\n<\/div>\n<div class=\"brz-row__container brz-css-898i1w\" data-brz-custom-id=\"zpjyyhgrysyyzzfxlubcdfvbcjpwgpgfoffo\">\n<div class=\"brz-bg\"><\/div>\n<div class=\"brz-row brz-row--inner brz-css-6s4kra brz-css-1h2dpx3\">\n<div class=\"brz-columns brz-css-1hivuiq\" data-brz-custom-id=\"pbcuhyjxsykhoftkbjmzsohodfcmcpiycbsn\">\n<div class=\"brz-bg\"><\/div>\n<div class=\"brz-column__items brz-css-1jyxlz1 brz-css-1io09v0\">\n<div id=\"\" class=\"brz-css-jyuhiy brz-wrapper\">\n<div class=\"brz-rich-text brz-rich-text__custom brz-css-qszdfn\" data-brz-custom-id=\"eeqkvackehvifkwnjhqvzsmjsayicadldeyx\">\n<div data-brz-translate-text=\"1\">\n<h4 class=\"brz-tp-heading4 brz-css-a8iw6\"><span class=\"brz-cp-color2\"><span>Kodune<\/span><\/span><\/h4>\n<\/div>\n<\/div>\n<\/div>\n<div id=\"\" class=\"brz-css-jyuhiy brz-css-ga77p8 brz-wrapper\">\n<div class=\"brz-rich-text brz-rich-text__custom brz-css-qszdfn\" data-brz-custom-id=\"wxhxpltipxgxwlomrpekfyogolysoreajzde\">\n<div data-brz-translate-text=\"1\">\n<p class=\"brz-tp-paragraph brz-css-z81VJ\"><span class=\"brz-cp-color7\"><span>Minu bor\u0161 on m\u00f5nusalt magus ja \u00e4\u00e4dikane samaaegselt.. mmmm suu jookseb vett kohe! <\/span><\/span><\/p>\n<p class=\"brz-tp-paragraph brz-css-bIRve\"><span class=\"brz-cp-color7\"><span>Siit saad lahkelt retsepti piiluda! <\/span><\/span><\/p>\n<p class=\"brz-tp-paragraph brz-css-csqsi\"><span class=\"brz-cp-color7\"><span> <\/span><\/span><\/p>\n<\/div>\n<\/div>\n<\/div>\n<div class=\"brz-wrapper-clone brz-css-cugr91\">\n<div class=\"brz-d-xs-flex brz-flex-xs-wrap brz-css-zir96p\" data-brz-custom-id=\"\">\n<div class=\"brz-wrapper-clone__item\" id=\"ccbewijrpidofpypnvzplstcyiuuvkjhqivn\"><a class=\"brz-a brz-btn brz-css-1q6svoz brz-css-1dc6dmy\" href=\"https:\/\/www.paulalill.com\/en\/borsisupp\/\" target=\"_self\" rel=\"noopener\" data-brz-link-type=\"external\" data-brz-custom-id=\"ccbewijrpidofpypnvzplstcyiuuvkjhqivn\"><span data-brz-translate-text=\"1\" class=\"brz-span brz-text__editor\">RETSEPT<\/span><\/a><\/div>\n<\/div>\n<\/div>\n<\/div>\n<\/div>\n<div class=\"brz-columns brz-css-1hivuiq\" data-brz-custom-id=\"eiqxebqkuhqpghgwgrcdhgvwegytvwkijaay\">\n<div class=\"brz-bg\"><\/div>\n<div class=\"brz-column__items brz-css-1jyxlz1\">\n<div id=\"\" class=\"brz-css-jyuhiy brz-wrapper\">\n<div class=\"brz-rich-text brz-rich-text__custom brz-css-qszdfn\" data-brz-custom-id=\"ptaflwwxahpjfdrdvoxrfuszzvfwcxddhzve\">\n<div data-brz-translate-text=\"1\">\n<h4 class=\"brz-tp-heading4 brz-css-lBYeP\"><span class=\"brz-cp-color2\"><span>Lihtne<\/span><\/span><\/h4>\n<\/div>\n<\/div>\n<\/div>\n<div id=\"\" class=\"brz-css-jyuhiy brz-css-1jcmc0i brz-wrapper\">\n<div class=\"brz-rich-text brz-rich-text__custom brz-css-qszdfn\" data-brz-custom-id=\"qlozkryublbukehcrlckhwhxaebivzscrnme\">\n<div data-brz-translate-text=\"1\">\n<p class=\"brz-tp-paragraph brz-css-bJJg8\"><span class=\"brz-cp-color7\">ja soodne! Tegelikult on sellised P\u00c4RIS toidud v\u00e4ga soodsad ja j\u00e4tkub tervele perele, kui mitte mitmeks p\u00e4evaks. <\/span><\/p>\n<p class=\"brz-tp-paragraph brz-css-lwFEc\"><span class=\"brz-cp-color7\">Iga\u00fcks saab ise s\u00e4ttida, palju ta paneb \u00e4\u00e4dikat ning magusat!  <\/span><\/p>\n<\/div>\n<\/div>\n<\/div>\n<\/div>\n<\/div>\n<\/div>\n<\/div>\n<\/div>\n<\/div>\n<\/div>\n<\/div>\n<\/div>\n<\/div>\n<\/section>\n<section id=\"_izgfrlrmkyramnccxqtpnpcnxjyytchpkamk\" class=\"brz-section brz-css-1g2gjhs\">\n<div class=\"brz-section__content brz-section--boxed brz-css-1nx7eib brz-css-d5y3up\" data-brz-custom-id=\"yhvzhpiethwkfttibldrjitwehlimoqryeun\">\n<div class=\"brz-container brz-css-1e8edyi\">\n<div class=\"brz-row__container brz-css-898i1w\" data-brz-custom-id=\"fszhnzjwgpetifpcqekxruizjpfuqfcjqwxp\">\n<div class=\"brz-bg\"><\/div>\n<div class=\"brz-row brz-css-6s4kra brz-css-1h2dpx3\">\n<div class=\"brz-columns brz-css-1hivuiq brz-css-7yjmxw\" data-brz-custom-id=\"qsyrgbfvwsfequdonqpzooawgzmhuzuesteh\">\n<div class=\"brz-bg\"><\/div>\n<div class=\"brz-column__items brz-css-1jyxlz1\">\n<div id=\"\" class=\"brz-css-jyuhiy brz-wrapper\">\n<div class=\"brz-image brz-css-xda4a7 brz-css-bq548a\" data-brz-custom-id=\"vjbwbfvhetwcqfatienuzrugxyksaqeztbhg\"><img decoding=\"async\" class=\"brz-img\" src=\"https:\/\/paulalill.com\/?brizy_media=wp-07a807f4f929d5c6ac3e9bc60be971bd&amp;brizy_crop=iW%3D415%26iH%3D553%26oX%3D0%26oY%3D0%26cW%3D415%26cH%3D553\" alt=\"\" loading=\"lazy\"><\/div>\n<\/div>\n<\/div>\n<\/div>\n<div class=\"brz-columns brz-css-1hivuiq brz-css-94zutg\" data-brz-custom-id=\"qucdceenkcgjmzyjbamhozymgbagsizjsqra\">\n<div class=\"brz-bg\"><\/div>\n<div class=\"brz-column__items brz-css-1jyxlz1 brz-css-lrxl5t\">\n<div class=\"brz-wrapper-clone brz-css-cugr91\">\n<div class=\"brz-d-xs-flex brz-flex-xs-wrap brz-css-zir96p brz-css-18whwln\" data-brz-custom-id=\"\">\n<div class=\"brz-wrapper-clone__item\" id=\"lpppnjotmhtdtrqxmvhzovzoiyntvbjxxxdu\">\n<div class=\"brz-icon__container\" data-brz-custom-id=\"lpppnjotmhtdtrqxmvhzovzoiyntvbjxxxdu\"><span class=\"brz-icon brz-span brz-css-1y8e6ex brz-css-8x16n0\"><\/span><\/div>\n<\/div>\n<\/div>\n<\/div>\n<div id=\"\" class=\"brz-css-jyuhiy brz-css-1d5rk7j brz-wrapper\">\n<div class=\"brz-rich-text brz-rich-text__custom brz-css-qszdfn\" data-brz-custom-id=\"scqlstwpjrjofovxnltjkuvuchkrnzoaorgn\">\n<div data-brz-translate-text=\"1\">\n<h2 class=\"brz-tp-heading2 brz-text-xs-center brz-css-r4D1Z\"><span class=\"brz-cp-color2\"><span>KODUNE KARTULISALAT<\/span><\/span><\/h2>\n<\/div>\n<\/div>\n<\/div>\n<div id=\"\" class=\"brz-css-jyuhiy brz-css-t1d1ma brz-css-folcrb brz-wrapper\">\n<div class=\"brz-spacer brz-css-qkye7v brz-css-lmv7ph\"><\/div>\n<\/div>\n<div class=\"brz-row__container brz-css-898i1w\" data-brz-custom-id=\"zkugsrfjydimuuvljwlmicdzlkvkgefrjvfu\">\n<div class=\"brz-bg\"><\/div>\n<div class=\"brz-row brz-row--inner brz-css-6s4kra brz-css-1h2dpx3\">\n<div class=\"brz-columns brz-css-1hivuiq\" data-brz-custom-id=\"wwvfvkqpzukydqfxatwtihheeykyrqgdaheb\">\n<div class=\"brz-bg\"><\/div>\n<div class=\"brz-column__items brz-css-1jyxlz1 brz-css-sh23xb\">\n<div id=\"\" class=\"brz-css-jyuhiy brz-wrapper\">\n<div class=\"brz-rich-text brz-rich-text__custom brz-css-qszdfn\" data-brz-custom-id=\"jyitqxeflaxhiyvsgxyfvjijmsgyiqondssy\">\n<div data-brz-translate-text=\"1\">\n<h4 class=\"brz-tp-heading4 brz-css-s6B6d\"><span class=\"brz-cp-color2\"><span>Jumalikult tavaline<\/span><\/span><\/h4>\n<\/div>\n<\/div>\n<\/div>\n<div id=\"\" class=\"brz-css-jyuhiy brz-css-10oovvk brz-wrapper\">\n<div class=\"brz-rich-text brz-rich-text__custom brz-css-qszdfn\" data-brz-custom-id=\"imqlevjlwchbibzduojvddijytflwvrsyzmk\">\n<div data-brz-translate-text=\"1\">\n<p class=\"brz-tp-paragraph brz-css-zsvC0\"><span class=\"brz-cp-color7\"><span>kodune..im1eline..maitsek\u00fcllane kartulisalat! Oehhh, kui maitsev!<\/span><\/span><\/p>\n<p class=\"brz-tp-paragraph brz-css-a58eA\"><span class=\"brz-cp-color7\"><span>Siit saad lahkelt retsepti piiluda! <\/span><\/span><\/p>\n<p class=\"brz-tp-paragraph brz-css-yXWO4\"><span class=\"brz-cp-color7\"><span> <\/span><\/span><\/p>\n<\/div>\n<\/div>\n<\/div>\n<div class=\"brz-wrapper-clone brz-css-cugr91\">\n<div class=\"brz-d-xs-flex brz-flex-xs-wrap brz-css-zir96p\" data-brz-custom-id=\"\">\n<div class=\"brz-wrapper-clone__item\" id=\"cjodkiuamygolkcdkmyqvugnzutygelbivss\"><a class=\"brz-a brz-btn brz-css-1q6svoz brz-css-1dc6dmy\" href=\"https:\/\/www.paulalill.com\/en\/kartulisalat\/\" target=\"_self\" rel=\"noopener\" data-brz-link-type=\"external\" data-brz-custom-id=\"cjodkiuamygolkcdkmyqvugnzutygelbivss\"><span data-brz-translate-text=\"1\" class=\"brz-span brz-text__editor\">RETSEPT<\/span><\/a><\/div>\n<\/div>\n<\/div>\n<\/div>\n<\/div>\n<div class=\"brz-columns brz-css-1hivuiq\" data-brz-custom-id=\"kbwotdgpwdmwrfdvertlhznquxaexdxhgouh\">\n<div class=\"brz-bg\"><\/div>\n<div class=\"brz-column__items brz-css-1jyxlz1\">\n<div id=\"\" class=\"brz-css-jyuhiy brz-wrapper\">\n<div class=\"brz-rich-text brz-rich-text__custom brz-css-qszdfn\" data-brz-custom-id=\"bcnwprplczrglyfdebjgaanksfjbqmxqiqun\">\n<div data-brz-translate-text=\"1\">\n<h4 class=\"brz-tp-heading4 brz-css-dDoDY\"><span class=\"brz-cp-color2\">Vaeva igati v\u00e4\u00e4rt! <\/span><\/h4>\n<\/div>\n<\/div>\n<\/div>\n<div id=\"\" class=\"brz-css-jyuhiy brz-css-1wx5f85 brz-wrapper\">\n<div class=\"brz-rich-text brz-rich-text__custom brz-css-qszdfn\" data-brz-custom-id=\"bqwqlyqjotjwbygruujbzelqqceblsdznaeh\">\n<div data-brz-translate-text=\"1\">\n<p class=\"brz-tp-paragraph brz-css-yqWsj\"><span class=\"brz-cp-color7\"> Minul l\u00e4heb kiirelt kartulisalati tegemine. Vaata, \u00e4kki saad isegi m\u00f5ne nipi! <\/span><\/p>\n<p class=\"brz-tp-paragraph brz-css-pOewH\"><span class=\"brz-cp-color7\"><span>\u00dcks nipp on kurgi marinaad, mine ja loe! <\/span><\/span><\/p>\n<\/div>\n<\/div>\n<\/div>\n<\/div>\n<\/div>\n<\/div>\n<\/div>\n<\/div>\n<\/div>\n<\/div>\n<\/div>\n<\/div>\n<\/div>\n<\/section>\n<\/div>\n<p>    <!-- version:1736985100 --><\/p>","protected":false},"excerpt":{"rendered":"<p>SALTY OLED SATTUNUD MINU SOOLASELE LEHELE! KODUNE BOR\u0160 Kodune Minu bor\u0161 on m\u00f5nusalt magus ja \u00e4\u00e4dikane samaaegselt.. mmmm suu jookseb vett kohe! Siit saad lahkelt retsepti piiluda! RETSEPT Lihtne ja soodne! Tegelikult on sellised P\u00c4RIS toidud v\u00e4ga soodsad ja j\u00e4tkub tervele perele, kui mitte mitmeks p\u00e4evaks. Iga\u00fcks saab ise s\u00e4ttida, palju ta paneb \u00e4\u00e4dikat ning [&hellip;]<\/p>","protected":false},"author":1,"featured_media":0,"parent":0,"menu_order":0,"comment_status":"closed","ping_status":"closed","template":"brizy-blank-template.php","meta":{"_monsterinsights_skip_tracking":false,"_monsterinsights_sitenote_active":false,"_monsterinsights_sitenote_note":"","_monsterinsights_sitenote_category":0,"footnotes":""},"brizy_media":[{"id":2611,"url":"https:\/\/www.paulalill.com\/wp-content\/uploads\/2020\/03\/IMG_7134-scaled.jpg","name":"IMG_7134.jpg","meta":{"brizy_attachment_uid":"wp-25afca83c564a3ef25d042f5425eb7a6","brizy_post_uid":["4673a10b407b22ec3e2a371382865d71","f18fb0eaaae8e7828425e84e2b70bd36","c1ba1c10805a8a7df65fa6c0fc2b1934"]}},{"id":3585,"url":"https:\/\/www.paulalill.com\/wp-content\/uploads\/2020\/03\/IMG_2906_Facetune_28-03-2020-12-00-00-scaled.jpg","name":"IMG_2906_Facetune_28-03-2020-12-00-00.jpg","meta":{"brizy_attachment_uid":"wp-07a807f4f929d5c6ac3e9bc60be971bd","brizy_post_uid":["f18fb0eaaae8e7828425e84e2b70bd36","68a607c4a2793f596cd077af3d5513d3"]}}],"_links":{"self":[{"href":"https:\/\/www.paulalill.com\/en\/wp-json\/wp\/v2\/pages\/2995"}],"collection":[{"href":"https:\/\/www.paulalill.com\/en\/wp-json\/wp\/v2\/pages"}],"about":[{"href":"https:\/\/www.paulalill.com\/en\/wp-json\/wp\/v2\/types\/page"}],"author":[{"embeddable":true,"href":"https:\/\/www.paulalill.com\/en\/wp-json\/wp\/v2\/users\/1"}],"replies":[{"embeddable":true,"href":"https:\/\/www.paulalill.com\/en\/wp-json\/wp\/v2\/comments?post=2995"}],"version-history":[{"count":5,"href":"https:\/\/www.paulalill.com\/en\/wp-json\/wp\/v2\/pages\/2995\/revisions"}],"predecessor-version":[{"id":6349,"href":"https:\/\/www.paulalill.com\/en\/wp-json\/wp\/v2\/pages\/2995\/revisions\/6349"}],"wp:attachment":[{"href":"https:\/\/www.paulalill.com\/en\/wp-json\/wp\/v2\/media?parent=2995"}],"curies":[{"name":"wp","href":"https:\/\/api.w.org\/{rel}","templated":true}]}}