{"id":3046,"date":"2020-03-26T13:13:49","date_gmt":"2020-03-26T13:13:49","guid":{"rendered":"http:\/\/paulalill.com\/?page_id=3046"},"modified":"2026-04-07T10:27:49","modified_gmt":"2026-04-07T10:27:49","slug":"borsisupp","status":"publish","type":"page","link":"https:\/\/www.paulalill.com\/en\/borsisupp\/","title":{"rendered":"borsisupp"},"content":{"rendered":"<div class=\"brz-root__container brz-reset-all brz brz-root__container-page\">\n<section id=\"_ccxhwzgfnawazocdstwrvmpcjfrhcwhfeopf\" class=\"brz-section brz-css-bsb1hk\">\n<div class=\"brz-section__content brz-section--boxed brz-css-qwfahr brz-css-1fir8u5\" data-brz-custom-id=\"vtfyhvbwfpacfragsfpmzeucnpiouysrszvm\">\n<div class=\"brz-container brz-css-11pmyy3\">\n<div class=\"brz-wrapper-clone brz-css-14oicvi\">\n<div class=\"brz-d-xs-flex brz-flex-xs-wrap brz-css-63uuxt\" data-brz-custom-id=\"\">\n<div class=\"brz-wrapper-clone__item\" id=\"iycgqinhjdyaudyajbvymjihqiwkohskghgp\">\n<div class=\"brz-icon__container\" data-brz-custom-id=\"iycgqinhjdyaudyajbvymjihqiwkohskghgp\"><span class=\"brz-icon brz-span brz-css-4cu04t brz-css-1g7c2n5\"><\/span><\/div>\n<\/div>\n<\/div>\n<\/div>\n<div id=\"\" class=\"brz-css-1ft92rl brz-wrapper\">\n<div class=\"brz-rich-text brz-rich-text__custom brz-css-69lyk6\" data-brz-custom-id=\"rmgkmymysjdwhfvfvwxjtrkaicatjkxvpfdw\">\n<div data-brz-translate-text=\"1\">\n<h1 class=\"brz-tp-heading1 brz-text-lg-center brz-css-zVUY5\"><span class=\"brz-cp-color2\">KODUNE BOR\u0160 <\/span><\/h1>\n<\/div>\n<\/div>\n<\/div>\n<div id=\"\" class=\"brz-css-1ft92rl brz-css-5ejlfv brz-wrapper\">\n<div class=\"brz-rich-text brz-rich-text__custom brz-css-69lyk6\" data-brz-custom-id=\"htqwzgpspclumestfhpouktxywdwiifnrlnu\">\n<div data-brz-translate-text=\"1\">\n<p class=\"brz-tp-subtitle brz-text-lg-center brz-css-grrnT\"><span class=\"brz-cp-color7\"><span>LIHTNE JA KIIRE &#8211; PODISEB AINULT NATUKE KAUEM<\/span><\/span><\/p>\n<\/div>\n<\/div>\n<\/div>\n<\/div>\n<\/div>\n<\/section>\n<section id=\"_wswitermjkbrejwydaepszetgcdmtucfstka\" class=\"brz-section brz-css-bsb1hk\">\n<div class=\"brz-section__content brz-section--boxed brz-css-qwfahr brz-css-12loz1b\" data-brz-custom-id=\"lsqqvxhrithxjydsbkofmtqfyrlywmyhbodc\">\n<div class=\"brz-container brz-css-11pmyy3\">\n<div class=\"brz-row__container brz-css-1xujwm1\" data-brz-custom-id=\"gpdfhzvdkfxlcjdspidjyvavyufefyunboch\">\n<div class=\"brz-bg\"><\/div>\n<div class=\"brz-row brz-css-g5ark9 brz-css-6zc3oz\">\n<div class=\"brz-columns brz-css-1u4d2v4 brz-css-13omemj\" data-brz-custom-id=\"isgihpmcyuxghloxyxxaozjcyiujvhpqphvy\">\n<div class=\"brz-bg\"><\/div>\n<div class=\"brz-column__items brz-css-1dgnhsm brz-css-3ckawu\">\n<div id=\"\" class=\"brz-css-1ft92rl brz-css-11x1vrj brz-wrapper\">\n<div class=\"brz-image brz-css-pdfm6v brz-css-ezjmc8\" data-brz-custom-id=\"evxqtitlpudnnfojoeqtzprwxfhxgfmcumqv\"><img decoding=\"async\" class=\"brz-img\" src=\"https:\/\/paulalill.com\/?brizy_media=wp-25afca83c564a3ef25d042f5425eb7a6&amp;brizy_crop=iW%3D555%26iH%3D740%26oX%3D0%26oY%3D170%26cW%3D555%26cH%3D503\" alt=\"\" loading=\"lazy\"><\/div>\n<\/div>\n<\/div>\n<\/div>\n<div class=\"brz-columns brz-css-1u4d2v4 brz-css-1lfq0vc\" data-brz-custom-id=\"hrburdquqapmsqeriguxvlqfmlghatknfejg\">\n<div class=\"brz-bg\"><\/div>\n<div class=\"brz-column__items brz-css-1dgnhsm brz-css-egccf7\">\n<div id=\"\" class=\"brz-css-1ft92rl brz-css-3lvwc4 brz-wrapper\">\n<div class=\"brz-rich-text brz-rich-text__custom brz-css-69lyk6\" data-brz-custom-id=\"ghwlfithzktzyescfiluhdplxyosliyqskkf\">\n<div data-brz-translate-text=\"1\">\n<h1 class=\"brz-tp-heading1 brz-css-ropMP\"><span class=\"brz-cp-color2\"><span>Vaja l\u00e4heb&#8230;<\/span><\/span><\/h1>\n<\/div>\n<\/div>\n<\/div>\n<div id=\"\" class=\"brz-css-1ft92rl brz-wrapper\">\n<div class=\"brz-rich-text brz-rich-text__custom brz-css-69lyk6\" data-brz-custom-id=\"fayzfsipipvjzkcieieitnphopvzzlffopce\">\n<div data-brz-translate-text=\"1\">\n<ul>\n<li class=\"brz-tp-paragraph brz-bcp-color7 brz-css-quHDG\"><span class=\"brz-cp-color7\"><span> 1 pk hapukapsas ( tervet pakki ei kulu, meil on v\u00e4ike pott, siis panen ehk 250g)<\/span><\/span><\/li>\n<li class=\"brz-tp-paragraph brz-bcp-color7 brz-css-vxYil\"><span class=\"brz-cp-color7\"><span>Riivitud ja hautatud punapeet<\/span><\/span><\/li>\n<li class=\"brz-tp-paragraph brz-bcp-color7 brz-css-fCt2_\"><span class=\"brz-cp-color7\"><span>1-2 porgandit, oleneb palju porgandit armastad<\/span><\/span><\/li>\n<li class=\"brz-tp-paragraph brz-bcp-color7 brz-css-q5QgF\"><span class=\"brz-cp-color7\"><span>Puljongikuubik<\/span><\/span><\/li>\n<li class=\"brz-tp-paragraph brz-bcp-color7 brz-css-fc5Ys\"><span class=\"brz-cp-color7\"><span>2-3 kartulit (meie potti lihtsalt rohkem ei mahu ja niigi j\u00e4tkub kaheks p\u00e4evaks, kes tahab sobitab enda vajadustele)<\/span><\/span><\/li>\n<li class=\"brz-tp-paragraph brz-bcp-color7 brz-css-j5dP7\"><span class=\"brz-cp-color7\"><span>Suhkur (mina kasutan pruuni) <\/span><\/span><\/li>\n<li class=\"brz-tp-paragraph brz-bcp-color7 brz-css-j4yGV\"><span class=\"brz-cp-color7\"><span> <\/span> Sool ja must pipar<\/span><\/li>\n<li class=\"brz-tp-paragraph brz-bcp-color7 brz-css-nd4Qz\"><span class=\"brz-cp-color7\"><span> \u00c4\u00e4dikas<\/span><\/span><\/li>\n<\/ul>\n<p class=\"brz-tp-paragraph brz-bcp-color7 brz-css-h6xlf\"><span class=\"brz-cp-color7\"><span> V\u00f5id teha vegan variandi sellest supist v\u00f5i kui soovid liha lisada, siis mina olen kasutanud sealiha ribasid (1pk)  ilmselt olid Rakvere omad, h\u00e4sti mugav. L\u00f5ikasin vaid pooleks ning praadisin malmpannil soolaga l\u00e4bi.  Nii vegan kui lihaga on head!<\/span><\/span><\/p>\n<\/div>\n<\/div>\n<\/div>\n<div id=\"\" class=\"brz-css-1ft92rl brz-css-1aoh0dw brz-css-1jkgyzg brz-wrapper\">\n<div class=\"brz-spacer brz-css-1su1t42 brz-css-1wps3sz\"><\/div>\n<\/div>\n<\/div>\n<\/div>\n<\/div>\n<\/div>\n<\/div>\n<\/div>\n<\/section>\n<section id=\"_jrfsdbeccvbghuqmuttdgaiirtswzkynakss\" class=\"brz-section brz-css-bsb1hk\">\n<div class=\"brz-section__content brz-section--boxed brz-css-qwfahr brz-css-8b2swj\" data-brz-custom-id=\"kkhfnumdbocsecbxmgzituoatvrjyziqjfmx\">\n<div class=\"brz-container brz-css-11pmyy3\">\n<div class=\"brz-row__container brz-css-1xujwm1\" data-brz-custom-id=\"xftzqyzizlkwwosbwqbdtlxdkeytqjhrsxvh\">\n<div class=\"brz-bg\"><\/div>\n<div class=\"brz-row brz-css-g5ark9 brz-css-6zc3oz\">\n<div class=\"brz-columns brz-css-1u4d2v4 brz-css-luw65k\" data-brz-custom-id=\"vslfnrtpcwsaguuelvsfgclanqmrcuokspvi\">\n<div class=\"brz-bg\"><\/div>\n<div class=\"brz-column__items brz-css-1dgnhsm brz-css-1wj6u7n\">\n<div id=\"\" class=\"brz-css-1ft92rl brz-wrapper\">\n<div class=\"brz-rich-text brz-rich-text__custom brz-css-69lyk6\" data-brz-custom-id=\"ypjnmcqqeilogelrqxmirzwihudybqnhicwo\">\n<div data-brz-translate-text=\"1\">\n<p class=\"brz-tp-heading3 brz-css-n2T23\"><strong class=\"brz-cp-color3\">01<\/strong><\/p>\n<\/div>\n<\/div>\n<\/div>\n<div id=\"\" class=\"brz-css-1ft92rl brz-css-1jk2oco brz-wrapper\">\n<div class=\"brz-rich-text brz-rich-text__custom brz-css-69lyk6\" data-brz-custom-id=\"jiackisuakrhpdiahumjdcgquognwsqttwbt\">\n<div data-brz-translate-text=\"1\">\n<h4 class=\"brz-fs-xs-im-17 brz-fs-sm-im-19 brz-fs-lg-19 brz-fw-xs-im-700 brz-fw-sm-im-700 brz-fw-lg-700 brz-ft-google brz-ff-overpass brz-ls-xs-im-0 brz-ls-sm-im-m_0_5 brz-ls-lg-m_0_5 brz-lh-xs-im-1_4 brz-lh-sm-im-1_4 brz-lh-lg-1_5 brz-css-tShUc\"><span class=\"brz-cp-color2\"><span>Et supp oleks \u00f5iget v\u00e4rvi..<\/span><\/span><\/h4>\n<\/div>\n<\/div>\n<\/div>\n<div id=\"\" class=\"brz-css-1ft92rl brz-wrapper\">\n<div class=\"brz-rich-text brz-rich-text__custom brz-css-69lyk6\" data-brz-custom-id=\"hmsptdzlpmlnkfzzdukzyaivoftsrdumjpnd\">\n<div data-brz-translate-text=\"1\">\n<p class=\"brz-tp-paragraph brz-css-wLHDo\">Pane soovitud kogus peeti \u00fchte kaussi (nii palju kui Sinu potti seda k\u00f5ike mahub kokku), mina panen tavaliselt peeti k\u00f5ige rohkem ehk siis terve paki. Vala sinna juurde veidike \u00e4\u00e4dikat ja natuke vett ning sega l\u00e4bi, nii et k\u00f5ik peet oleks segatud. Ma isegi panen nii palju vedelikku ja \u00fcsna kangeks teen, et p\u00e4rast isegi ei lisa \u00e4\u00e4dikat supile.<\/p>\n<p class=\"brz-tp-paragraph brz-css-lIyCC\">Ja lase sellel kenasti seista kuni tegeled muude asjadega. Siis ei l\u00e4he supp v\u00e4rvist \u00e4ra ja s\u00e4ilib ilus punane.<\/p>\n<\/div>\n<\/div>\n<\/div>\n<\/div>\n<\/div>\n<div class=\"brz-columns brz-css-1u4d2v4 brz-css-1y9uopu\" data-brz-custom-id=\"rywsgzkgnxcjzrjcjgyenbuoovniobmgrxtk\">\n<div class=\"brz-bg\"><\/div>\n<div class=\"brz-column__items brz-css-1dgnhsm brz-css-1x4cnmt\">\n<div id=\"\" class=\"brz-css-1ft92rl brz-wrapper\">\n<div class=\"brz-rich-text brz-rich-text__custom brz-css-69lyk6\" data-brz-custom-id=\"dantptqieocvrajrzrayodgubsbnqdzjruuw\">\n<div data-brz-translate-text=\"1\">\n<p class=\"brz-tp-heading3 brz-css-jMiVq\"><strong class=\"brz-cp-color3\">02<\/strong><\/p>\n<\/div>\n<\/div>\n<\/div>\n<div id=\"\" class=\"brz-css-1ft92rl brz-css-1orbx2d brz-wrapper\">\n<div class=\"brz-rich-text brz-rich-text__custom brz-css-69lyk6\" data-brz-custom-id=\"jwohrxevabeoyritqbucduhtdqnlvbihshlz\">\n<div data-brz-translate-text=\"1\">\n<h4 class=\"brz-fs-xs-im-17 brz-fs-sm-im-19 brz-fs-lg-19 brz-fw-xs-im-700 brz-fw-sm-im-700 brz-fw-lg-700 brz-ft-google brz-ff-overpass brz-ls-xs-im-0 brz-ls-sm-im-m_0_5 brz-ls-lg-m_0_5 brz-lh-xs-im-1_4 brz-lh-sm-im-1_4 brz-lh-lg-1_5 brz-css-lVzqO\"><span class=\"brz-cp-color2\"><span>Pane poti p\u00f5hja veidike \u00f5li..<\/span><\/span><\/h4>\n<\/div>\n<\/div>\n<\/div>\n<div id=\"\" class=\"brz-css-1ft92rl brz-wrapper\">\n<div class=\"brz-rich-text brz-rich-text__custom brz-css-69lyk6\" data-brz-custom-id=\"pqmtcwwfqvlsbaowgppzcoznakmovfjxevyy\">\n<div data-brz-translate-text=\"1\">\n<p class=\"brz-tp-paragraph brz-css-kfH1O\"><span class=\"brz-cp-color2\"><span> Mina kasutan oliivi\u00f5li (kanget), annab m\u00f5nusa maitse. \u00d5rnemal kuumusel ja vaikselt klaasistame hakitud sibula, lisame riivitud porgandi (p\u00e4rast isegi ei saa aru, et supis nii palju porgandit on ja need mehed kes porgandit ei s\u00f6\u00f6 keedetuna vms, need pistavad supi nahka hea meelega). Kui sibul on ilus klaasjas, siis olen keetnud kannus vee kuumaks ja valan veerand t\u00e4is. Lisan puljongikuubiku (viimati kasutasin Maggi kostilja), vahel tahan rohkem, siis l\u00e4heb 1,5 kuubikut v\u00f5i isegi 2.<\/span><\/span><\/p>\n<p class=\"brz-tp-paragraph brz-css-fi4Ml\"><span class=\"brz-cp-color2\">Lisa soovitud kogus kapsast, peet koos vedelikuga.<\/span><span class=\"brz-cp-color2\"> <\/span><\/p>\n<\/div>\n<\/div>\n<\/div>\n<\/div>\n<\/div>\n<div class=\"brz-columns brz-css-1u4d2v4 brz-css-1kb51k8\" data-brz-custom-id=\"pbbthlmiytfehpsbgafeyeyayyjqaneongou\">\n<div class=\"brz-bg\"><\/div>\n<div class=\"brz-column__items brz-css-1dgnhsm brz-css-1vgc0z3\">\n<div id=\"\" class=\"brz-css-1ft92rl brz-wrapper\">\n<div class=\"brz-rich-text brz-rich-text__custom brz-css-69lyk6\" data-brz-custom-id=\"gnjocdwgfxbwaqroyshmmfdgmjmpjliicpgb\">\n<div data-brz-translate-text=\"1\">\n<p class=\"brz-tp-heading3 brz-css-mWn_t\"><strong class=\"brz-cp-color3\">03<\/strong><\/p>\n<\/div>\n<\/div>\n<\/div>\n<div id=\"\" class=\"brz-css-1ft92rl brz-css-3hlcb1 brz-wrapper\">\n<div class=\"brz-rich-text brz-rich-text__custom brz-css-69lyk6\" data-brz-custom-id=\"tjmefvhgtungxdhwmdtmmjzkenyvzwrokbod\">\n<div data-brz-translate-text=\"1\">\n<h4 class=\"brz-fs-xs-im-17 brz-fs-sm-im-19 brz-fs-lg-19 brz-fw-xs-im-700 brz-fw-sm-im-700 brz-fw-lg-700 brz-ft-google brz-ff-overpass brz-ls-xs-im-0 brz-ls-sm-im-m_0_5 brz-ls-lg-m_0_5 brz-lh-xs-im-1_4 brz-lh-sm-im-1_4 brz-lh-lg-1_5 brz-css-gGFFE\"><span class=\"brz-cp-color2\"><span>Podisema.. <\/span><\/span><\/h4>\n<\/div>\n<\/div>\n<\/div>\n<div id=\"\" class=\"brz-css-1ft92rl brz-wrapper\">\n<div class=\"brz-rich-text brz-rich-text__custom brz-css-69lyk6\" data-brz-custom-id=\"cpsobdtgpkshxnmfcairqsyibgdrbuzqijld\">\n<div data-brz-translate-text=\"1\">\n<p class=\"brz-tp-paragraph brz-css-maOxO\"><span class=\"brz-cp-color2\"> M\u00f5ne aja p\u00e4rast lisan ka kartuli, mille olen kuubikuteks v\u00f5i ristk\u00fclikuteks hekseldanud. Ps. Olen teinud ka kartulita. Ka maitseb h\u00e4sti! <\/span><\/p>\n<p class=\"brz-tp-paragraph brz-css-cIksR\"><span class=\"brz-cp-color2\">Siis hakkan maitsestama, lisama suhkurt, et need oleksid \u00e4\u00e4dikaga sinas\u00f5brad, lisa soola vastavalt maitsele. Kuid \u00e4ra \u00fcle maitsesta! Supil v\u00f5tab veidike aega. Vahel panen suhkurt mitu korda juurde isegi. Siis pruunistan liha ja panen ka liha viimasena sisse. Meie lemmik petersell, mida saame noppida oma aiakesest, ka see l\u00e4heb peale lohakamalt hakituna. <\/span><\/p>\n<p class=\"brz-tp-paragraph brz-css-jql77\"><span class=\"brz-cp-color2\"><span>Imemaitsev!  <\/span><\/span><\/p>\n<\/div>\n<\/div>\n<\/div>\n<\/div>\n<\/div>\n<\/div>\n<\/div>\n<\/div>\n<\/div>\n<\/section>\n<section id=\"_uxvwuayyfwixumccnjyofcmarotkkvtraqna\" class=\"brz-section brz-css-bsb1hk\">\n<div class=\"brz-section__content brz-section--boxed brz-css-qwfahr\" data-brz-custom-id=\"wdpuyhufvdtyvwbbsoyasysfzyosolvgckal\">\n<div class=\"brz-container brz-css-11pmyy3\">\n<div class=\"brz-row__container brz-css-1xujwm1\" data-brz-custom-id=\"bahyxmubijkmvebxtranhupnyvjiurgpsbnp\">\n<div class=\"brz-bg\"><\/div>\n<div class=\"brz-row brz-css-g5ark9 brz-css-6zc3oz\">\n<div class=\"brz-columns brz-css-1u4d2v4\" data-brz-custom-id=\"syupgxislayyyjhepqinrznqsjanyqlzlbbt\">\n<div class=\"brz-bg\"><\/div>\n<div class=\"brz-column__items brz-css-1dgnhsm brz-css-bdl6ku\">\n<div class=\"brz-wrapper-clone brz-css-14oicvi\">\n<div class=\"brz-d-xs-flex brz-flex-xs-wrap brz-css-63uuxt brz-css-91k9u7\" data-brz-custom-id=\"\">\n<div class=\"brz-wrapper-clone__item\" id=\"fewpgdaclfnwnttspwagezbimvkrvfplsxkj\">\n<div class=\"brz-icon__container\" data-brz-custom-id=\"fewpgdaclfnwnttspwagezbimvkrvfplsxkj\"><span class=\"brz-icon brz-span brz-css-4cu04t brz-css-1yksnre\"><\/span><\/div>\n<\/div>\n<\/div>\n<\/div>\n<div id=\"\" class=\"brz-css-1ft92rl brz-wrapper\">\n<div class=\"brz-rich-text brz-rich-text__custom brz-css-69lyk6\" data-brz-custom-id=\"vakjvsasvajuhnpviefpdegnkdmpmlnixnhi\">\n<div data-brz-translate-text=\"1\">\n<h4 class=\"brz-tp-heading4 brz-css-zC2xq\"><span class=\"brz-cp-color2\"><span>Miks ma ei kasuta valmis puljongit?! <\/span><\/span><\/h4>\n<\/div>\n<\/div>\n<\/div>\n<div id=\"\" class=\"brz-css-1ft92rl brz-css-xdanuh brz-wrapper\">\n<div class=\"brz-rich-text brz-rich-text__custom brz-css-69lyk6\" data-brz-custom-id=\"uegpynjpyfbsbinlishfloyhljqpgevoejay\">\n<div data-brz-translate-text=\"1\">\n<p class=\"brz-tp-paragraph brz-css-tCAxT\">Ostsin siis seda kallist valmis puljongit, minu arvates maksis 3\u20ac ja ma isegi ei tundnud vahet. Puljong oli naljakat v\u00e4rvi ja ei saa aru, kas paned kuubiku v\u00f5i valmis puljongi. Seega, ma ei n\u00e4e vajadust peenutseda. Ilmselt ise keetes on teine asi, aga v\u00f5imalik, et malmpann teeb lihaga oma t\u00f6\u00f6. Soetasime kuid tagasi malmpanni ja ma olen vaimustuses. Fiskarsi oma! Super hea! Annab igale lihale n\u00f6 restorani maitse. Imeline! Kotletid saad kr\u00f5bedad, lihapallid pehmed aga erilise suitsusema maitsega, peekon j\u00e4\u00e4b m\u00f5nus h\u00f5rk, ei kuiva \u00e4ra ega l\u00e4he k\u00f5rbema nii kergelt. \u00dclihea!!<\/p>\n<p class=\"brz-tp-paragraph brz-css-vd8Lp\"><span>Seda panni peab muidugi pesema k\u00e4sitsi, aga pole hullu, k\u00f5ik tuleb kergelt maha! See pann ON oma raha v\u00e4\u00e4rt! Kes ikka tahavad maitsvat liha, ostke endale ka! Ei pea tippkokk olema, et sellise maitsega liha valmistada&#8230; <\/span><span><span> <\/span><\/span><\/p>\n<p class=\"brz-tp-paragraph brz-css-jDwz7\"><span class=\"brz-cp-color7\"><span> <\/span><\/span><\/p>\n<p class=\"brz-bcp-color7 brz-tp-paragraph brz-css-cQ6B5\"><span class=\"brz-cp-color2\"><span> Kui teed minu retsepti j\u00e4rgi &#8211; Tag\u00ed ka mind Instagramis, et n\u00e4eksin ja v\u00f5id anda omapoolseid soovitusi, nippe! <\/span><\/span><\/p>\n<p class=\"brz-text-lg-right brz-bcp-color7 brz-tp-paragraph brz-css-x3Xnd\"><span class=\"brz-cp-color2\"><span>FOTO: REIN LEIB <\/span><\/span><\/p>\n<p class=\"brz-tp-paragraph brz-css-s3poF\"><span class=\"brz-cp-color2\"><span>Vaata rohkem videosi minu Instagrami lehelt! <\/span><\/span><\/p>\n<\/div>\n<\/div>\n<\/div>\n<div class=\"brz-wrapper-clone brz-css-14oicvi\">\n<div class=\"brz-d-xs-flex brz-flex-xs-wrap brz-css-63uuxt brz-css-on88nw\" data-brz-custom-id=\"\">\n<div class=\"brz-wrapper-clone__item\" id=\"kgfwjsfekbvedjrurtvbkjrgbuxjiyudyfgx\"><a class=\"brz-a brz-btn brz-css-1yrbunq brz-css-1x3gw3o brz-css-1jrak3w brz-css-ahxovu\" href=\"https:\/\/www.instagram.com\/paulalill\/\" target=\"_self\" rel=\"noopener\" data-brz-link-type=\"external\" data-brz-custom-id=\"kgfwjsfekbvedjrurtvbkjrgbuxjiyudyfgx\"><span data-brz-translate-text=\"1\" class=\"brz-span brz-text__editor\">INSTAGRAM<\/span><\/a><\/div>\n<\/div>\n<\/div>\n<\/div>\n<\/div>\n<div class=\"brz-columns brz-css-1u4d2v4\" data-brz-custom-id=\"gyooynaeauixymlqnebpeynkvygqyyfwhjiw\">\n<div class=\"brz-column__items brz-css-1dgnhsm brz-css-xjy96f\">\n<div id=\"\" class=\"brz-css-1ft92rl brz-wrapper\">\n<div class=\"brz-image brz-css-kiqlxf\" data-brz-custom-id=\"ftpmiixmoibtbczdtplhqekjqyiwdpzkiobh\"><img decoding=\"async\" class=\"brz-img\" src=\"https:\/\/paulalill.com\/?brizy_media=wp-f4d05ee5c9b930d15478a098962d3b1b&amp;brizy_crop=iW%3D470%26iH%3D705%26oX%3D0%26oY%3D32%26cW%3D470%26cH%3D641\" alt=\"\" loading=\"lazy\"><\/div>\n<\/div>\n<\/div>\n<\/div>\n<\/div>\n<\/div>\n<\/div>\n<\/div>\n<\/section>\n<section id=\"_ssvnkwzazcakoutcfjpoqmpkwwkmndhndvyl\" class=\"brz-section brz-css-bsb1hk\">\n<div class=\"brz-section__content brz-section--boxed brz-css-qwfahr brz-css-1mjz59c\" data-brz-custom-id=\"yahwmiyapvjlwckzpiaccnqvicfklbshlylt\">\n<div class=\"brz-container brz-css-11pmyy3\">\n<div class=\"brz-wrapper-clone brz-css-14oicvi\">\n<div class=\"brz-d-xs-flex brz-flex-xs-wrap brz-css-63uuxt\" data-brz-custom-id=\"\">\n<div class=\"brz-wrapper-clone__item\" id=\"cbsummqpoaekuvdrbnuchzcylymkxyxbgcor\">\n<div class=\"brz-icon__container\" data-brz-custom-id=\"cbsummqpoaekuvdrbnuchzcylymkxyxbgcor\"><span class=\"brz-icon brz-span brz-css-4cu04t brz-css-1r9dhd3\"><\/span><\/div>\n<\/div>\n<\/div>\n<\/div>\n<div id=\"\" class=\"brz-css-1ft92rl brz-wrapper\">\n<div class=\"brz-rich-text brz-rich-text__custom brz-css-69lyk6\" data-brz-custom-id=\"divulwtfsogzyjowmqzksneoxsqwljugkicb\">\n<div data-brz-translate-text=\"1\">\n<h1 class=\"brz-text-lg-center brz-tp-heading1 brz-css-u3k3o\"><span class=\"brz-cp-color2\">Tervitused Anule ja Cataleyale! <\/span><\/h1>\n<\/div>\n<\/div>\n<\/div>\n<div id=\"\" class=\"brz-css-1ft92rl brz-css-1q8k5m0 brz-wrapper\">\n<div class=\"brz-rich-text brz-rich-text__custom brz-css-69lyk6\" data-brz-custom-id=\"sgtmfvahacsdoykfrwguvmnemzrcpfagufjf\">\n<div data-brz-translate-text=\"1\">\n<p class=\"brz-text-lg-center brz-tp-subtitle brz-css-aHSuq\"><span class=\"brz-cp-color7\"><span> Kui lihtsalt tuleb isu selle pildi peale.. \ud83d\ude04<\/span><\/span><\/p>\n<\/div>\n<\/div>\n<\/div>\n<\/div>\n<\/div>\n<\/section>\n<\/div>\n<p>    <!-- version:1737023169 --><\/p>","protected":false},"excerpt":{"rendered":"<p>KODUNE BOR\u0160 LIHTNE JA KIIRE &#8211; PODISEB AINULT NATUKE KAUEM Vaja l\u00e4heb&#8230; 1 pk hapukapsas ( tervet pakki ei kulu, meil on v\u00e4ike pott, siis panen ehk 250g) Riivitud ja hautatud punapeet 1-2 porgandit, oleneb palju porgandit armastad Puljongikuubik 2-3 kartulit (meie potti lihtsalt rohkem ei mahu ja niigi j\u00e4tkub kaheks p\u00e4evaks, kes tahab sobitab [&hellip;]<\/p>","protected":false},"author":1,"featured_media":0,"parent":0,"menu_order":0,"comment_status":"closed","ping_status":"closed","template":"brizy-blank-template.php","meta":{"_monsterinsights_skip_tracking":false,"_monsterinsights_sitenote_active":false,"_monsterinsights_sitenote_note":"","_monsterinsights_sitenote_category":0,"footnotes":""},"brizy_media":[{"id":2611,"url":"https:\/\/www.paulalill.com\/wp-content\/uploads\/2020\/03\/IMG_7134-scaled.jpg","name":"IMG_7134.jpg","meta":{"brizy_attachment_uid":"wp-25afca83c564a3ef25d042f5425eb7a6","brizy_post_uid":["4673a10b407b22ec3e2a371382865d71","f18fb0eaaae8e7828425e84e2b70bd36","c1ba1c10805a8a7df65fa6c0fc2b1934"]}}],"_links":{"self":[{"href":"https:\/\/www.paulalill.com\/en\/wp-json\/wp\/v2\/pages\/3046"}],"collection":[{"href":"https:\/\/www.paulalill.com\/en\/wp-json\/wp\/v2\/pages"}],"about":[{"href":"https:\/\/www.paulalill.com\/en\/wp-json\/wp\/v2\/types\/page"}],"author":[{"embeddable":true,"href":"https:\/\/www.paulalill.com\/en\/wp-json\/wp\/v2\/users\/1"}],"replies":[{"embeddable":true,"href":"https:\/\/www.paulalill.com\/en\/wp-json\/wp\/v2\/comments?post=3046"}],"version-history":[{"count":5,"href":"https:\/\/www.paulalill.com\/en\/wp-json\/wp\/v2\/pages\/3046\/revisions"}],"predecessor-version":[{"id":6346,"href":"https:\/\/www.paulalill.com\/en\/wp-json\/wp\/v2\/pages\/3046\/revisions\/6346"}],"wp:attachment":[{"href":"https:\/\/www.paulalill.com\/en\/wp-json\/wp\/v2\/media?parent=3046"}],"curies":[{"name":"wp","href":"https:\/\/api.w.org\/{rel}","templated":true}]}}