{"id":3768,"date":"2020-03-28T13:13:25","date_gmt":"2020-03-28T13:13:25","guid":{"rendered":"http:\/\/paulalill.com\/?page_id=3768"},"modified":"2026-04-07T10:43:37","modified_gmt":"2026-04-07T10:43:37","slug":"kaneelirullid","status":"publish","type":"page","link":"https:\/\/www.paulalill.com\/en\/kaneelirullid\/","title":{"rendered":"kaneelirullid"},"content":{"rendered":"<div class=\"brz-root__container brz-reset-all brz brz-root__container-page\">\n<section id=\"_ukavsbyewwckmdqqdkzrxnqzreudtivlfzjc\" class=\"brz-section brz-css-1kwxz1q\">\n<div class=\"brz-section__content brz-section--boxed brz-css-50g01v brz-css-14nv28t\" data-brz-custom-id=\"wiojxlwfozfegfquldzktajmzynsrnttsblx\">\n<div class=\"brz-container brz-css-4azcdn\">\n<div class=\"brz-wrapper-clone brz-css-vpqnju\">\n<div class=\"brz-d-xs-flex brz-flex-xs-wrap brz-css-1h6768s\" data-brz-custom-id=\"\">\n<div class=\"brz-wrapper-clone__item\" id=\"hnzealtmxotoxwblwucwdufdnfupavwrznqe\">\n<div class=\"brz-icon__container\" data-brz-custom-id=\"hnzealtmxotoxwblwucwdufdnfupavwrznqe\"><span class=\"brz-icon brz-span brz-css-e28sb5 brz-css-1xwcemt\"><\/span><\/div>\n<\/div>\n<\/div>\n<\/div>\n<div id=\"\" class=\"brz-css-v1pm1v brz-wrapper\">\n<div class=\"brz-rich-text brz-rich-text__custom brz-css-1fjjoph\" data-brz-custom-id=\"gkvpxrjptxczmkztuyhphsvjyqoirwkryvvq\">\n<div data-brz-translate-text=\"1\">\n<h1 class=\"brz-tp-heading1 brz-text-lg-center brz-css-cOuun\"><span class=\"brz-cp-color2\">KANEELIRULLID <\/span><\/h1>\n<\/div>\n<\/div>\n<\/div>\n<div id=\"\" class=\"brz-css-v1pm1v brz-css-17jnaz4 brz-wrapper\">\n<div class=\"brz-rich-text brz-rich-text__custom brz-css-1fjjoph\" data-brz-custom-id=\"fohqkfyxmyvhvrlejravcuepvrhocphjdnlj\">\n<div data-brz-translate-text=\"1\">\n<p class=\"brz-text-lg-center brz-tp-subtitle brz-css-pKO0o\"><span class=\"brz-cp-color7\"><span>OH THOSE AMAZING BUNS<\/span><\/span><\/p>\n<\/div>\n<\/div>\n<\/div>\n<\/div>\n<\/div>\n<\/section>\n<section id=\"_lopjcsvechnbrldiinmaorovjknbgodbejir\" class=\"brz-section brz-css-1kwxz1q\">\n<div class=\"brz-section__content brz-section--boxed brz-css-50g01v brz-css-xjw4b5\" data-brz-custom-id=\"rzrfgemjfydbaxttwwohxucxtmbmctjdodix\">\n<div class=\"brz-container brz-css-4azcdn\">\n<div class=\"brz-row__container brz-css-1gfmzge\" data-brz-custom-id=\"banuontohgaylxvxwnbjjbgqkqnzpbmrmhsd\">\n<div class=\"brz-bg\"><\/div>\n<div class=\"brz-row brz-css-5aumg brz-css-10rxw1k\">\n<div class=\"brz-columns brz-css-zrrb3h brz-css-f75q2j\" data-brz-custom-id=\"krvlhwkupafypfcakweegdvpvylyymczieik\">\n<div class=\"brz-bg\"><\/div>\n<div class=\"brz-column__items brz-css-1ims2vh brz-css-nf0z3z\">\n<div id=\"\" class=\"brz-css-v1pm1v brz-css-365d6r brz-wrapper\">\n<div class=\"brz-image brz-css-brc8zv brz-css-1ankt4a\" data-brz-custom-id=\"svyemabbwknciuvujjzxsviarrnubpdzdelp\"><img decoding=\"async\" class=\"brz-img\" src=\"https:\/\/paulalill.com\/wp-content\/uploads\/brizy\/imgs\/DSC5489-555x835x0x188x555x609x1705255424.jpg\" alt=\"\" loading=\"lazy\"><\/div>\n<\/div>\n<\/div>\n<\/div>\n<div class=\"brz-columns brz-css-zrrb3h brz-css-ud8c6p\" data-brz-custom-id=\"bbrzxyarehnxqdyfsmvywhlorrwepzliethr\">\n<div class=\"brz-bg\"><\/div>\n<div class=\"brz-column__items brz-css-1ims2vh brz-css-17glfk7\">\n<div id=\"\" class=\"brz-css-v1pm1v brz-css-ma3hud brz-wrapper\">\n<div class=\"brz-rich-text brz-rich-text__custom brz-css-1fjjoph\" data-brz-custom-id=\"utigmxmwcqerpmygmgxdzaqusigzxnjwtmzj\">\n<div data-brz-translate-text=\"1\">\n<h1 class=\"brz-tp-heading1 brz-css-hbo_q\"><span class=\"brz-cp-color2\"><span>Vaja l\u00e4heb&#8230;<\/span><\/span><\/h1>\n<\/div>\n<\/div>\n<\/div>\n<div id=\"\" class=\"brz-css-v1pm1v brz-wrapper\">\n<div class=\"brz-rich-text brz-rich-text__custom brz-css-1fjjoph\" data-brz-custom-id=\"hauzjitdggxeevnhivgqdflyhyhrbblhpqcp\">\n<div data-brz-translate-text=\"1\">\n<ul>\n<li class=\"brz-tp-lg-paragraph brz-bcp-color7 brz-css-mundF\" data-uniq-id=\"mrp5z\" data-generated-css=\"brz-css-fMsy0\"><span class=\"brz-cp-color7\">5O g p\u00e4rmi<\/span><\/li>\n<li class=\"brz-tp-lg-paragraph brz-bcp-color7 brz-css-yZCO5\" data-uniq-id=\"wLhzn\" data-generated-css=\"brz-css-hLgQ0\"><span class=\"brz-cp-color7\">pool suurt klaasi sooja vett (IKEA klaasid)<\/span><\/li>\n<li class=\"brz-tp-lg-paragraph brz-bcp-color7 brz-css-cl3Ox\" data-uniq-id=\"lXhT2\" data-generated-css=\"brz-css-brD1g\"><span class=\"brz-cp-color7\">1 suurt klaasi piima (minul on 350ml klaasid)<\/span><\/li>\n<li class=\"brz-tp-lg-paragraph brz-bcp-color7 brz-css-l1bIJ\" data-uniq-id=\"wamqy\" data-generated-css=\"brz-css-s7H_6\"><span class=\"brz-cp-color7\">100 g pruuni suhkrut + t\u00e4idis 100g pruuni suhkrut<\/span><\/li>\n<li class=\"brz-tp-lg-paragraph brz-bcp-color7 brz-css-gzj0k\" data-uniq-id=\"zyB00\" data-generated-css=\"brz-css-s5u18\"><span class=\"brz-cp-color7\">0,5 tl soola <\/span><\/li>\n<li class=\"brz-tp-lg-paragraph brz-bcp-color7 brz-css-s5Km_\" data-uniq-id=\"j1nhD\" data-generated-css=\"brz-css-mvzZA\"><span class=\"brz-cp-color7\">100g v\u00f5id + t\u00e4idis 100-150g v\u00f5id <\/span><\/li>\n<li class=\"brz-tp-lg-paragraph brz-bcp-color7 brz-css-xfd6A\" data-uniq-id=\"boCKX\" data-generated-css=\"brz-css-sMKoN\"><span class=\"brz-cp-color7\">600-750 g nisujahu <\/span><\/li>\n<li class=\"brz-tp-lg-paragraph brz-bcp-color7 brz-css-lAjza\" data-uniq-id=\"njcuC\" data-generated-css=\"brz-css-oQYEF\"><span class=\"brz-cp-color7\">Kaneeli- mulle meeldib Santa Maria orgaaniline 1-2 pk<\/span><\/li>\n<li class=\"brz-tp-lg-paragraph brz-bcp-color7 brz-css-v1TNe\" data-uniq-id=\"vqz5r\" data-generated-css=\"brz-css-zEihi\"><span class=\"brz-cp-color7\">Mina lisan veel jahu sisse veidikene vaniljesuhkrut k\u00fcpsetuspulbriga. Santa Maria oma. <\/span><\/li>\n<li class=\"brz-tp-lg-paragraph brz-bcp-color7 brz-css-soeKC\" data-uniq-id=\"zgnPj\" data-generated-css=\"brz-css-bl2q0\"><span class=\"brz-cp-color7\">1 muna m\u00e4\u00e4rimiseks <\/span><\/li>\n<\/ul>\n<\/div>\n<\/div>\n<\/div>\n<div id=\"\" class=\"brz-css-v1pm1v brz-css-kw9nv brz-css-6cjh0f brz-wrapper\">\n<div class=\"brz-spacer brz-css-zqp0ul brz-css-1rbdxe5\"><\/div>\n<\/div>\n<\/div>\n<\/div>\n<\/div>\n<\/div>\n<\/div>\n<\/div>\n<\/section>\n<section id=\"_pnziuwnutqkowxwvkhzfksgycgykfkuxwmzu\" class=\"brz-section brz-css-1kwxz1q\">\n<div class=\"brz-section__content brz-section--boxed brz-css-50g01v brz-css-dir5uq\" data-brz-custom-id=\"egwpoghmwnlclivfetxpflpilrqfkcpprool\">\n<div class=\"brz-container brz-css-4azcdn\">\n<div class=\"brz-row__container brz-css-1gfmzge\" data-brz-custom-id=\"plnqpzcczsznfkzdzwpyrlpokdetczhzivak\">\n<div class=\"brz-bg\"><\/div>\n<div class=\"brz-row brz-css-5aumg brz-css-10rxw1k\">\n<div class=\"brz-columns brz-css-zrrb3h brz-css-ee4s4q\" data-brz-custom-id=\"cnkogypzszltbnvgivfomhlhwcvjmbwiemsx\">\n<div class=\"brz-bg\"><\/div>\n<div class=\"brz-column__items brz-css-1ims2vh brz-css-f0d3a1\">\n<div id=\"\" class=\"brz-css-v1pm1v brz-wrapper\">\n<div class=\"brz-rich-text brz-rich-text__custom brz-css-1fjjoph\" data-brz-custom-id=\"drlpikteagopspewxfmgaaftgxudctqiapyq\">\n<div data-brz-translate-text=\"1\">\n<p class=\"brz-tp-heading3 brz-css-bU5dr\"><strong class=\"brz-cp-color3\">01<\/strong><\/p>\n<\/div>\n<\/div>\n<\/div>\n<div id=\"\" class=\"brz-css-v1pm1v brz-css-1ul83rb brz-wrapper\">\n<div class=\"brz-rich-text brz-rich-text__custom brz-css-1fjjoph\" data-brz-custom-id=\"iotzdpumuhkxadydasnznyqmnahfajqjtnbo\">\n<div data-brz-translate-text=\"1\">\n<h4 class=\"brz-fs-xs-im-17 brz-fs-sm-im-19 brz-fs-lg-19 brz-fw-xs-im-700 brz-fw-sm-im-700 brz-fw-lg-700 brz-ft-google brz-ff-overpass brz-ls-xs-im-0 brz-ls-sm-im-m_0_5 brz-ls-lg-m_0_5 brz-lh-xs-im-1_4 brz-lh-sm-im-1_4 brz-lh-lg-1_5 brz-css-yMMrO\"><span class=\"brz-cp-color2\">Taigen &#8230;<\/span><\/h4>\n<\/div>\n<\/div>\n<\/div>\n<div id=\"\" class=\"brz-css-v1pm1v brz-wrapper\">\n<div class=\"brz-rich-text brz-rich-text__custom brz-css-1fjjoph\" data-brz-custom-id=\"qtbgzjyfnpmsektabzwruiarkklcmtoiaedr\">\n<div data-brz-translate-text=\"1\">\n<p class=\"brz-tp-lg-paragraph brz-css-hXf_3\" data-uniq-id=\"p70ju\" data-generated-css=\"brz-css-flsj3\"><span class=\"brz-cp-color2\"> Pane p\u00e4rm kaussi, lisa soe vesi ning lahusta p\u00e4rm, lisa 100g pruuni suhkrut ning sega kuni p\u00e4rm on l\u00f5plikult lahustunud. Lisa piim (tee piim mikros v\u00e4hemalt k\u00e4esoojaks!), sool, siis lisa seej\u00e4rel enamus jahust, puista hulka pool teelusikat\/teelusikas vaniljet k\u00fcpsetuspulbriga, kui soovid, lia <\/span><span class=\"brz-cp-color2\">sulatatud mitte kuum v\u00f5i (pigem jahtunud) ning <\/span><span class=\"brz-cp-color2\"> klopi veidi ja lisa enamus jahust. Kui taigen on valmis, j\u00e4ta see k\u00e4ter\u00e4ti alla kerkima. Kasuta j\u00e4lle \u00fcht nippi, et kiiremini kerkiks, kas soe pliidiplaat v\u00f5i vesivann taigna kausile. \u00c4ra kindlasti ava aknaid enne k\u00fcpsetamise l\u00f5ppu! <\/span><span class=\"brz-cp-color2\">Kui taigen on \u00e4ra kerkinud, siis asu s\u00f5tkuma ja lisa viimane jahuke.<\/span><\/p>\n<\/div>\n<\/div>\n<\/div>\n<\/div>\n<\/div>\n<div class=\"brz-columns brz-css-zrrb3h brz-css-15lnja5\" data-brz-custom-id=\"gqwezaujddaotszspucuerbstltvdviwzkvb\">\n<div class=\"brz-bg\"><\/div>\n<div class=\"brz-column__items brz-css-1ims2vh brz-css-1pa82fn\">\n<div id=\"\" class=\"brz-css-v1pm1v brz-wrapper\">\n<div class=\"brz-rich-text brz-rich-text__custom brz-css-1fjjoph\" data-brz-custom-id=\"vvvszhypubamskaehlarqcesyqzzlnzahoqf\">\n<div data-brz-translate-text=\"1\">\n<p class=\"brz-tp-heading3 brz-css-tZK2I\"><strong class=\"brz-cp-color3\">02<\/strong><\/p>\n<\/div>\n<\/div>\n<\/div>\n<div id=\"\" class=\"brz-css-v1pm1v brz-css-1ao354e brz-wrapper\">\n<div class=\"brz-rich-text brz-rich-text__custom brz-css-1fjjoph\" data-brz-custom-id=\"vzpjxoeneijnddmzjdksjlstscvybcfpsazd\">\n<div data-brz-translate-text=\"1\">\n<h4 class=\"brz-fs-xs-im-17 brz-fs-sm-im-19 brz-fs-lg-19 brz-fw-xs-im-700 brz-fw-sm-im-700 brz-fw-lg-700 brz-ft-google brz-ff-overpass brz-ls-xs-im-0 brz-ls-sm-im-m_0_5 brz-ls-lg-m_0_5 brz-lh-xs-im-1_4 brz-lh-sm-im-1_4 brz-lh-lg-1_5 brz-css-sqKGd\"><span class=\"brz-cp-color2\"><span>T\u00e4idis..<\/span><\/span><\/h4>\n<\/div>\n<\/div>\n<\/div>\n<div id=\"\" class=\"brz-css-v1pm1v brz-wrapper\">\n<div class=\"brz-rich-text brz-rich-text__custom brz-css-1fjjoph\" data-brz-custom-id=\"kfrfpynkixufzogagwkaxjybltrubogcwqho\">\n<div data-brz-translate-text=\"1\">\n<p class=\"brz-tp-lg-paragraph brz-css-mk04G\" data-generated-css=\"brz-css-ySjGD\" data-uniq-id=\"tlK5y\"><span class=\"brz-cp-color2\"> V\u00f5ta pakist veidi juurde, kui rullimisel puudu tuleb. Kuna v\u00f5i on toas olnud kogu selle aja, on ta pehmeks sulanud. M\u00e4\u00e4rin alati s\u00f5rmedega laiali. T\u00f5mban kenasti k\u00f5ik v\u00f5iga \u00fcle. Sega suhkur ja kaneel kausis v\u00f5i lisa eraldi ja puista siia peale. Mina isegi puistan enne suhkru, siis veel kaneeli. V\u00f5id panna vahele ka \u00f5unat\u00fckke, tavaliselt hautan nad mee (ja vahtrasiirupi) ning kaneeliga pannil selliseks h\u00f5rguks. <\/span><\/p>\n<p class=\"brz-tp-lg-paragraph brz-css-liKhc\" data-generated-css=\"brz-css-zL224\" data-uniq-id=\"qjoyu\"><span class=\"brz-cp-color2\">Need \u00f5unad v\u00f5id siia peale lisaks laotada KUI SOOVID. \u00dcldjuhul teen ilma, aga \u00f5untega on ka j\u00e4rgmisel p\u00e4eval max mahlane! <\/span><span class=\"brz-cp-color2\">Ilma \u00f5unteta saad ka kuskil anumas saiad mahlasena s\u00e4ilitada, kui teed soolakaramelli peale, minul on suur Tupperware kauss kaanega.. <\/span><\/p>\n<\/div>\n<\/div>\n<\/div>\n<\/div>\n<\/div>\n<div class=\"brz-columns brz-css-zrrb3h brz-css-k4ch68\" data-brz-custom-id=\"detjimphgzmxhghnmjyhklzadzsufqudlzsk\">\n<div class=\"brz-bg\"><\/div>\n<div class=\"brz-column__items brz-css-1ims2vh brz-css-fox8vb\">\n<div id=\"\" class=\"brz-css-v1pm1v brz-wrapper\">\n<div class=\"brz-rich-text brz-rich-text__custom brz-css-1fjjoph\" data-brz-custom-id=\"arebxsrtgqzpsjazrwxplzhrcmdtnzncyxbf\">\n<div data-brz-translate-text=\"1\">\n<p class=\"brz-tp-heading3 brz-css-d0gcU\"><strong class=\"brz-cp-color3\">03<\/strong><\/p>\n<\/div>\n<\/div>\n<\/div>\n<div id=\"\" class=\"brz-css-v1pm1v brz-css-173ra9f brz-wrapper\">\n<div class=\"brz-rich-text brz-rich-text__custom brz-css-1fjjoph\" data-brz-custom-id=\"xfbnmgvopatktnzqyghsdulvmccmksiqbwao\">\n<div data-brz-translate-text=\"1\">\n<h4 class=\"brz-fs-xs-im-17 brz-fs-sm-im-19 brz-fs-lg-19 brz-fw-xs-im-700 brz-fw-sm-im-700 brz-fw-lg-700 brz-ft-google brz-ff-overpass brz-ls-xs-im-0 brz-ls-sm-im-m_0_5 brz-ls-lg-m_0_5 brz-lh-xs-im-1_4 brz-lh-sm-im-1_4 brz-lh-lg-1_5 brz-css-htSy8\"><span class=\"brz-cp-color2\"><span>Holy buns.. <\/span><\/span><\/h4>\n<\/div>\n<\/div>\n<\/div>\n<div id=\"\" class=\"brz-css-v1pm1v brz-wrapper\">\n<div class=\"brz-rich-text brz-rich-text__custom brz-css-1fjjoph\" data-brz-custom-id=\"yceicrxmcqgwsuvowinwgkkvmwtjeukonuyl\">\n<div data-brz-translate-text=\"1\">\n<p class=\"brz-tp-lg-paragraph brz-css-jfWVm\" data-uniq-id=\"ox6sG\" data-generated-css=\"brz-css-qm6Fp\"><span class=\"brz-cp-color2\">Edasi! Seej\u00e4rel rulli kokku kenasti taigen ja l\u00f5ika sakilise\/terava noaga m\u00f5nusad 1-1.5 cm rullid. Ma pigem saen vaikselt l\u00e4bi, ei suru saia l\u00f6ssi. J\u00e4ta rullidele veidi suurem vahe, nad kerkivad m\u00f5nusalt! Ma veidike v\u00e4\u00e4nan neid enne pannile panekut. L\u00fckkan saba p\u00f5hja alla ja natuke l\u00fckkan altpoolt sisu \u00fclespoole. Saputan alati veel kaneeli ja suhkru segu sinna peale (kui paned sisse rikkalikumalt, siis \u00e4ra rohkem peale pane) ning pintseldan klopitud munaga \u00fcle \u00f5rnalt, ma ei taha v\u00e4ga munaseid teha, minimaalselt. 170-180 kraadises ahjus, j\u00e4lgi! Aega ma ei \u00fctle, kuna iga\u00fche ahi on erinev, seega vaikselt ja kuldpruuniks! Sellest kogusest saan tavaliselt 2-3 plaadit\u00e4it! <\/span><\/p>\n<p class=\"brz-tp-lg-paragraph brz-css-bowSx\" data-uniq-id=\"pJsbV\" data-generated-css=\"brz-css-qheKc\"><span class=\"brz-cp-color2\">Oleneb saiakeste suurusest 20-25 saiakest. <\/span><\/p>\n<\/div>\n<\/div>\n<\/div>\n<\/div>\n<\/div>\n<\/div>\n<\/div>\n<\/div>\n<\/div>\n<\/section>\n<section id=\"_aidawzvppsdoytkrxwrjbrkpxtyforhsvrwt\" class=\"brz-section brz-css-1kwxz1q\">\n<div class=\"brz-section__content brz-section--boxed brz-css-50g01v brz-css-j5i3ib\" data-brz-custom-id=\"vkeletiukbwqznmcynppdvyotlvtrfpztpmg\">\n<div class=\"brz-container brz-css-4azcdn\">\n<div class=\"brz-row__container brz-css-1gfmzge\" data-brz-custom-id=\"nseavyjavscjvrrbeoudfqabjpgadaddahcp\">\n<div class=\"brz-bg\"><\/div>\n<div class=\"brz-row brz-css-5aumg brz-css-10rxw1k\">\n<div class=\"brz-columns brz-css-zrrb3h brz-css-ndp1x0\" data-brz-custom-id=\"oxsshyzusmffhhgaumvdhxrebtqefeyqbqfs\">\n<div class=\"brz-bg\"><\/div>\n<div class=\"brz-column__items brz-css-1ims2vh brz-css-1koqywu\">\n<div id=\"\" class=\"brz-css-v1pm1v brz-wrapper\">\n<div class=\"brz-image brz-css-vv42me brz-css-1me608f\" data-brz-custom-id=\"wpontkrarilnlmwfdzcahglnmcqfdblykhry\"><img decoding=\"async\" class=\"brz-img\" src=\"https:\/\/www.paulalill.com\/?brizy_media=wp-07f33fde1b64cc165bba9ff705430ed8&amp;brizy_crop=iW%3D343%26iH%3D430%26oX%3D37%26oY%3D34%26cW%3D270%26cH%3D362\" alt=\"\" loading=\"lazy\"><\/div>\n<\/div>\n<div id=\"\" class=\"brz-css-v1pm1v brz-css-fz76tl brz-wrapper\">\n<div class=\"brz-rich-text brz-rich-text__custom brz-css-1fjjoph\" data-brz-custom-id=\"ouicftcvpjsilrrqpisbwhtvynnvtualaijh\">\n<div data-brz-translate-text=\"1\">\n<h5 class=\"brz-mt-xs-0 brz-mb-xs-0 brz-mb-lg-10 brz-mt-lg-10 brz-lh-lg-1_6 brz-lh-sm-im-1_7 brz-lh-xs-im-1_8 brz-fs-lg-20 brz-fs-sm-im-17 brz-fs-xs-im-17 brz-ls-lg-0 brz-ls-sm-im-0 brz-ls-xs-im-0 brz-ft-google brz-fw-sm-im-700 brz-fw-xs-im-700 brz-ff-kaushan_script brz-fw-lg-400 brz-css-tJDCh\"><span class=\"brz-cp-color2\"> Ootel..<\/span><\/h5>\n<\/div>\n<\/div>\n<\/div>\n<\/div>\n<\/div>\n<div class=\"brz-columns brz-css-zrrb3h brz-css-152x18q\" data-brz-custom-id=\"gllflxdxyuptawvqpyxdsujjliwkjjuqujes\">\n<div class=\"brz-bg\"><\/div>\n<div class=\"brz-column__items brz-css-1ims2vh brz-css-tfwgj\">\n<div id=\"\" class=\"brz-css-v1pm1v brz-wrapper\">\n<div class=\"brz-image brz-css-ap7hzi brz-css-eypjtp\" data-brz-custom-id=\"uaevlurtlxqxzqyeicdasmylalksihnpektp\"><img decoding=\"async\" class=\"brz-img\" src=\"https:\/\/www.paulalill.com\/?brizy_media=wp-6e51fa661f6fdeb7eef39276b9b7b99d&amp;brizy_crop=iW%3D272%26iH%3D363%26oX%3D1%26oY%3D0%26cW%3D270%26cH%3D363\" alt=\"\" loading=\"lazy\"><\/div>\n<\/div>\n<div id=\"\" class=\"brz-css-v1pm1v brz-css-1ymifj brz-wrapper\">\n<div class=\"brz-rich-text brz-rich-text__custom brz-css-1fjjoph\" data-brz-custom-id=\"bxdnwlbudcgayseztxfsdkdshnobxzgwfgan\">\n<div data-brz-translate-text=\"1\">\n<h5 class=\"brz-fw-lg-400 brz-ff-kaushan_script brz-fw-xs-im-700 brz-fw-sm-im-700 brz-ft-google brz-ls-xs-im-0 brz-ls-sm-im-0 brz-ls-lg-0 brz-fs-xs-im-17 brz-fs-sm-im-17 brz-fs-lg-20 brz-lh-xs-im-1_8 brz-lh-sm-im-1_7 brz-lh-lg-1_6 brz-mb-lg-10 brz-mt-lg-10 brz-mt-xs-0 brz-mb-xs-0 brz-css-vOODm\"><span class=\"brz-cp-color2\">Fiskars &#8211; lemmik!<\/span><\/h5>\n<\/div>\n<\/div>\n<\/div>\n<\/div>\n<\/div>\n<div class=\"brz-columns brz-css-zrrb3h brz-css-687xg3\" data-brz-custom-id=\"djyhvilavdmmwozkulqurgjsmbczapfodriu\">\n<div class=\"brz-column__items brz-css-1ims2vh brz-css-huwx33\">\n<div id=\"\" class=\"brz-css-v1pm1v brz-wrapper\">\n<div class=\"brz-image brz-css-1id8f05 brz-css-1u1v6ec\" data-brz-custom-id=\"hrkcstliiuhjbmjpusmrfzhhpnhcrljepivk\"><img decoding=\"async\" class=\"brz-img\" src=\"https:\/\/www.paulalill.com\/?brizy_media=wp-a4b81d259e321a7938325cee672baa8f&amp;brizy_crop=iW%3D496%26iH%3D460%26oX%3D112%26oY%3D50%26cW%3D271%26cH%3D360\" alt=\"\" loading=\"lazy\"><\/div>\n<\/div>\n<div id=\"\" class=\"brz-css-v1pm1v brz-css-1o2ltod brz-wrapper\">\n<div class=\"brz-rich-text brz-rich-text__custom brz-css-1fjjoph\" data-brz-custom-id=\"lcqmsflscushudtkdiuuevhiqtqmnvglkhmt\">\n<div data-brz-translate-text=\"1\">\n<h5 class=\"brz-fw-lg-400 brz-ff-kaushan_script brz-fw-xs-im-700 brz-fw-sm-im-700 brz-ft-google brz-ls-xs-im-0 brz-ls-sm-im-0 brz-ls-lg-0 brz-fs-xs-im-17 brz-fs-sm-im-17 brz-fs-lg-20 brz-lh-xs-im-1_8 brz-lh-sm-im-1_7 brz-lh-lg-1_6 brz-mb-lg-10 brz-mt-lg-10 brz-mt-xs-0 brz-mb-xs-0 brz-css-z9bP1\"><span class=\"brz-cp-color2\">Soolakaramell &#8211; ise tehtud!<\/span><\/h5>\n<\/div>\n<\/div>\n<\/div>\n<\/div>\n<\/div>\n<\/div>\n<\/div>\n<\/div>\n<\/div>\n<\/section>\n<section id=\"_dnkdfoutawotvpigdngdfurokykqqujnijnv\" class=\"brz-section brz-css-1kwxz1q\">\n<div class=\"brz-section__content brz-section--boxed brz-css-50g01v\" data-brz-custom-id=\"fqjhqpvsxejqahylwiahbpmzcxbzsjcrxbly\">\n<div class=\"brz-container brz-css-4azcdn\">\n<div class=\"brz-row__container brz-css-1gfmzge\" data-brz-custom-id=\"siqzpcdwraxlzsdbwstpjbanbyqispvadhbn\">\n<div class=\"brz-bg\"><\/div>\n<div class=\"brz-row brz-css-5aumg brz-css-10rxw1k\">\n<div class=\"brz-columns brz-css-zrrb3h\" data-brz-custom-id=\"nutjtakbjjemivghzjfmmpgjjypmrujbazsq\">\n<div class=\"brz-bg\"><\/div>\n<div class=\"brz-column__items brz-css-1ims2vh brz-css-1lcq0io\">\n<div class=\"brz-wrapper-clone brz-css-vpqnju\">\n<div class=\"brz-d-xs-flex brz-flex-xs-wrap brz-css-1h6768s brz-css-d7qs3f\" data-brz-custom-id=\"\">\n<div class=\"brz-wrapper-clone__item\" id=\"fmuqrwaagzenjjekyvizqbeldtojpicczbty\">\n<div class=\"brz-icon__container\" data-brz-custom-id=\"fmuqrwaagzenjjekyvizqbeldtojpicczbty\"><span class=\"brz-icon brz-span brz-css-e28sb5 brz-css-ih47w0\"><\/span><\/div>\n<\/div>\n<\/div>\n<\/div>\n<div id=\"\" class=\"brz-css-v1pm1v brz-wrapper\">\n<div class=\"brz-rich-text brz-rich-text__custom brz-css-1fjjoph\" data-brz-custom-id=\"dmzfmlfdckjfjsvaiggpskpzzqbdpwzsjelh\">\n<div data-brz-translate-text=\"1\">\n<h4 class=\"brz-tp-heading4 brz-css-dVqyk\"><span class=\"brz-cp-color2\"><span>Plaat on soe?! <\/span><\/span><\/h4>\n<\/div>\n<\/div>\n<\/div>\n<div id=\"\" class=\"brz-css-v1pm1v brz-css-1vhhsje brz-wrapper\">\n<div class=\"brz-rich-text brz-rich-text__custom brz-css-1fjjoph\" data-brz-custom-id=\"xjisequxfrfbhafpnorzjfzenwzluwsjqdvh\">\n<div data-brz-translate-text=\"1\">\n<p class=\"brz-tp-lg-paragraph brz-css-nvMhX\" data-uniq-id=\"zuR4H\" data-generated-css=\"brz-css-tP4JM\">Kui ma teen neid imemaitsvaid kaneelikaid, siis ahjuplaat on mul alati soojast ahjust tulnud, ehk sel ajal kui ma kohendan neid, s\u00e4tin jne, siis nad kerkivad veidike enne ahju minekut. Ja t\u00f5esti, iga ahi on nii erinev! Mina k\u00fcpsetan ringleva \u00f5huga K\u00d5IKE! Ja see 170 max 175 on saiakestele imehea kraad minu ahjus. Kui teed esimest korda, siis kindlasti j\u00e4lgi ja saad oma kraadi ning aja teada!<\/p>\n<p class=\"brz-tp-lg-paragraph brz-css-cff02\" data-uniq-id=\"zPjfP\" data-generated-css=\"brz-css-khjlN\"><span class=\"brz-cp-color7\">  <\/span><\/p>\n<p class=\"brz-bcp-color7 brz-tp-lg-paragraph brz-css-slKA6\" data-uniq-id=\"ftUhj\" data-generated-css=\"brz-css-rCe2p\"><span class=\"brz-cp-color2\"> Kui teed minu retsepti j\u00e4rgi &#8211; Tag\u00ed ka mind Instagramis, et n\u00e4eksin ja v\u00f5id anda omapoolseid soovitusi, nippe! <\/span><\/p>\n<p class=\"brz-text-lg-right brz-bcp-color7 brz-tp-lg-paragraph brz-css-uKhkV\" data-uniq-id=\"gUn9g\" data-generated-css=\"brz-css-tNUus\"><\/p>\n<p class=\"brz-tp-lg-paragraph brz-css-dvatd\" data-uniq-id=\"wjIKU\" data-generated-css=\"brz-css-lGPlv\"><span class=\"brz-cp-color2\">Vaata rohkem videosi minu Instagrami lehelt! <\/span><\/p>\n<\/div>\n<\/div>\n<\/div>\n<div class=\"brz-wrapper-clone brz-css-vpqnju\">\n<div class=\"brz-d-xs-flex brz-flex-xs-wrap brz-css-1h6768s brz-css-1e80iri\" data-brz-custom-id=\"\">\n<div class=\"brz-wrapper-clone__item\" id=\"jyozxontkdaweeqwkvuzstomnzlwwiucfgnh\"><a class=\"brz-a brz-btn brz-css-rwckza brz-css-1rs7ofv brz-css-igshv8 brz-css-gcanwx\" href=\"https:\/\/www.instagram.com\/paulalill\/\" target=\"_self\" rel=\"noopener\" data-brz-link-type=\"external\" data-brz-custom-id=\"jyozxontkdaweeqwkvuzstomnzlwwiucfgnh\"><span data-brz-translate-text=\"1\" class=\"brz-span brz-text__editor\">INSTAGRAM<\/span><\/a><\/div>\n<\/div>\n<\/div>\n<\/div>\n<\/div>\n<div class=\"brz-columns brz-css-zrrb3h\" data-brz-custom-id=\"jankaegtdxvytrbjapzsygjiajxhinlhqybv\">\n<div class=\"brz-column__items brz-css-1ims2vh brz-css-134j5fz\">\n<div id=\"\" class=\"brz-css-v1pm1v brz-wrapper\">\n<div class=\"brz-image brz-css-pf4wsd\" data-brz-custom-id=\"wcitkhndhxetvkvethwqmlgldbogtkkqiaoh\"><img decoding=\"async\" class=\"brz-img\" src=\"https:\/\/www.paulalill.com\/?brizy_media=wp-f4d05ee5c9b930d15478a098962d3b1b&amp;brizy_crop=iW%3D470%26iH%3D705%26oX%3D0%26oY%3D32%26cW%3D470%26cH%3D641\" alt=\"\" loading=\"lazy\"><\/div>\n<\/div>\n<\/div>\n<\/div>\n<\/div>\n<\/div>\n<\/div>\n<\/div>\n<\/section>\n<\/div>\n<p>    <!-- version:1737071023 --><\/p>","protected":false},"excerpt":{"rendered":"<p>KANEELIRULLID OH THOSE AMAZING BUNS Vaja l\u00e4heb&#8230; 5O g p\u00e4rmi pool suurt klaasi sooja vett (IKEA klaasid) 1 suurt klaasi piima (minul on 350ml klaasid) 100 g pruuni suhkrut + t\u00e4idis 100g pruuni suhkrut 0,5 tl soola 100g v\u00f5id + t\u00e4idis 100-150g v\u00f5id 600-750 g nisujahu Kaneeli- mulle meeldib Santa Maria orgaaniline 1-2 pk Mina [&hellip;]<\/p>","protected":false},"author":1,"featured_media":0,"parent":0,"menu_order":0,"comment_status":"closed","ping_status":"closed","template":"brizy-blank-template.php","meta":{"_monsterinsights_skip_tracking":false,"_monsterinsights_sitenote_active":false,"_monsterinsights_sitenote_note":"","_monsterinsights_sitenote_category":0,"footnotes":""},"brizy_media":[{"id":3779,"url":"https:\/\/www.paulalill.com\/wp-content\/uploads\/2020\/03\/IMG_9066.png","name":"IMG_9066.png","meta":{"brizy_attachment_uid":"wp-00c93f5c1e2614f660c849322c5c6fca","brizy_post_uid":["c8452b39adb0fd1cffabe7d0e26966c9","4673a10b407b22ec3e2a371382865d71","e67aca778fa2bdc8d4d0885aa1c54206"]}},{"id":3917,"url":"https:\/\/www.paulalill.com\/wp-content\/uploads\/2020\/03\/IMG_9065.png","name":"IMG_9065.png","meta":{"brizy_attachment_uid":"wp-1b38920b0cfde76f2f97d6448cb0aa60","brizy_post_uid":["c8452b39adb0fd1cffabe7d0e26966c9"]}},{"id":3925,"url":"https:\/\/www.paulalill.com\/wp-content\/uploads\/2020\/03\/A09DE72E-1E98-4502-AEA7-1D7A029274E9-scaled.jpeg","name":"A09DE72E-1E98-4502-AEA7-1D7A029274E9.jpeg","meta":{"brizy_attachment_uid":"wp-471661519a013f1ea18dda387d03ea74","brizy_post_uid":["c8452b39adb0fd1cffabe7d0e26966c9"]}},{"id":3928,"url":"https:\/\/www.paulalill.com\/wp-content\/uploads\/2020\/03\/IMG_9066-1.png","name":"IMG_9066-1.png","meta":{"brizy_attachment_uid":"wp-5f0c0e4b7bd4d252317978dc09eda837","brizy_post_uid":["c8452b39adb0fd1cffabe7d0e26966c9"]}},{"id":4157,"url":"https:\/\/www.paulalill.com\/wp-content\/uploads\/2020\/03\/IMG_3086_Facetune_29-03-2020-19-28-31-scaled.jpg","name":"IMG_3086_Facetune_29-03-2020-19-28-31.jpg","meta":{"brizy_attachment_uid":"wp-07f33fde1b64cc165bba9ff705430ed8","brizy_post_uid":["c8452b39adb0fd1cffabe7d0e26966c9","7fe860b5cfe16d75e300654599e648f0"]}},{"id":4162,"url":"https:\/\/www.paulalill.com\/wp-content\/uploads\/2020\/03\/IMG_3088_Facetune_29-03-2020-19-27-51-scaled.jpg","name":"IMG_3088_Facetune_29-03-2020-19-27-51.jpg","meta":{"brizy_attachment_uid":"wp-6e51fa661f6fdeb7eef39276b9b7b99d","brizy_post_uid":["c8452b39adb0fd1cffabe7d0e26966c9"]}},{"id":4169,"url":"https:\/\/www.paulalill.com\/wp-content\/uploads\/2020\/03\/IMG_3103_Facetune_29-03-2020-19-25-23-scaled.jpg","name":"IMG_3103_Facetune_29-03-2020-19-25-23.jpg","meta":{"brizy_attachment_uid":"wp-a4b81d259e321a7938325cee672baa8f","brizy_post_uid":["c8452b39adb0fd1cffabe7d0e26966c9"]}},{"id":13033,"url":"https:\/\/www.paulalill.com\/wp-content\/uploads\/2024\/01\/DSC5489.jpg","name":"DSC5489.jpg","meta":{"brizy_attachment_uid":"wp-1c57f23d67213066c794fba552051c60.jpg","brizy_post_uid":["c8452b39adb0fd1cffabe7d0e26966c9"]}}],"_links":{"self":[{"href":"https:\/\/www.paulalill.com\/en\/wp-json\/wp\/v2\/pages\/3768"}],"collection":[{"href":"https:\/\/www.paulalill.com\/en\/wp-json\/wp\/v2\/pages"}],"about":[{"href":"https:\/\/www.paulalill.com\/en\/wp-json\/wp\/v2\/types\/page"}],"author":[{"embeddable":true,"href":"https:\/\/www.paulalill.com\/en\/wp-json\/wp\/v2\/users\/1"}],"replies":[{"embeddable":true,"href":"https:\/\/www.paulalill.com\/en\/wp-json\/wp\/v2\/comments?post=3768"}],"version-history":[{"count":5,"href":"https:\/\/www.paulalill.com\/en\/wp-json\/wp\/v2\/pages\/3768\/revisions"}],"predecessor-version":[{"id":13231,"href":"https:\/\/www.paulalill.com\/en\/wp-json\/wp\/v2\/pages\/3768\/revisions\/13231"}],"wp:attachment":[{"href":"https:\/\/www.paulalill.com\/en\/wp-json\/wp\/v2\/media?parent=3768"}],"curies":[{"name":"wp","href":"https:\/\/api.w.org\/{rel}","templated":true}]}}