{"id":516,"date":"2019-12-25T20:13:36","date_gmt":"2019-12-25T20:13:36","guid":{"rendered":"http:\/\/paulalill.com\/?page_id=516"},"modified":"2026-04-07T20:57:53","modified_gmt":"2026-04-07T20:57:53","slug":"luna-kuunlad","status":"publish","type":"page","link":"https:\/\/www.paulalill.com\/en\/luna-kuunlad\/","title":{"rendered":"LUNA k\u00fc\u00fcnlad"},"content":{"rendered":"<div class=\"brz-root__container brz-reset-all brz brz-root__container-page\">\n<section id=\"_cxnzwlykvhmzervaghkuprfqmzsoshbdbabj\" class=\"brz-section brz-css-1e94jg4\">\n<div class=\"brz-section__content brz-section--boxed brz-css-ge13g6 brz-css-1v94c3\" data-brz-custom-id=\"ihaegaolugglvdovmdvpzyyancgnfdrvqgem\">\n<div class=\"brz-container brz-css-1jdyw9a\">\n<div id=\"\" class=\"brz-css-sdt1sf brz-css-av0id1 brz-wrapper\">\n<div class=\"brz-rich-text brz-rich-text__custom brz-css-1tu33zw\" data-brz-custom-id=\"hujwuujgzywaykerqxpqbizawvnezocftqbq\">\n<div data-brz-translate-text=\"1\">\n<h3 class=\"brz-lh-lg-1_4 brz-lh-sm-im-1_3 brz-lh-xs-im-1_3 brz-ls-lg-m_1_5 brz-ls-sm-im-m_1 brz-ls-xs-im-m_0_5 brz-ff-montserrat brz-ft-google brz-fw-lg-400 brz-fw-sm-im-400 brz-fw-xs-im-400 brz-fs-lg-25 brz-fs-sm-im-24 brz-fs-xs-im-19 brz-css-losrX\"><span class=\"brz-cp-color2\">LUNA k\u00fc\u00fcnlad  100% sojavaha Eestis valminud k\u00e4sit\u00f6\u00f6. <\/span><\/h3>\n<\/div>\n<\/div>\n<\/div>\n<div class=\"brz-row__container brz-css-1cquqok\" data-brz-custom-id=\"lkktmnybnbxefdxoordgftbafxeivtnkohyn\">\n<div class=\"brz-bg\"><\/div>\n<div class=\"brz-row brz-css-1g44d60 brz-css-1m1bawh\">\n<div class=\"brz-columns brz-css-n5885x brz-css-1w08nnm\" data-brz-custom-id=\"jlipkflkdajetqkhmzrifqkttedcqgoiyqqa\">\n<div class=\"brz-bg\"><\/div>\n<div class=\"brz-column__items brz-css-cz4yti brz-css-mg55t4\">\n<div id=\"\" class=\"brz-css-sdt1sf brz-css-mh4pi7 brz-wrapper\">\n<div class=\"brz-spacer brz-css-x1erpk brz-css-1gl6m45\"><\/div>\n<\/div>\n<div id=\"\" class=\"brz-css-sdt1sf brz-wrapper\">\n<div class=\"brz-image brz-css-tqx8bi brz-css-ygj2km\" data-brz-custom-id=\"mjdphbccbrrdivwxssgnyrzushkgjlubllag\"><img decoding=\"async\" class=\"brz-img\" src=\"https:\/\/paulalill.com\/wp-content\/uploads\/brizy\/imgs\/DSC_0083-2-scaled-275x412x3x0x270x412x1686348122.jpg\" alt=\"\" loading=\"lazy\"><\/div>\n<\/div>\n<div id=\"\" class=\"brz-css-sdt1sf brz-css-mh4pi7 brz-css-1g0txpy brz-wrapper\">\n<div class=\"brz-spacer brz-css-x1erpk brz-css-13f8g1u\"><\/div>\n<\/div>\n<div id=\"\" class=\"brz-css-sdt1sf brz-wrapper\">\n<div class=\"brz-rich-text brz-rich-text__custom brz-css-1tu33zw\" data-brz-custom-id=\"mmtlwawroqapyeuwaetwwjwroqkmoibypdff\">\n<div data-brz-translate-text=\"1\">\n<h5 class=\"brz-tp-heading5 brz-css-fXj_2\"><span class=\"brz-cp-color2\">Eesti v\u00e4rk!  <\/span><\/h5>\n<\/div>\n<\/div>\n<\/div>\n<div id=\"\" class=\"brz-css-sdt1sf brz-css-1ao5zue brz-wrapper\">\n<div class=\"brz-rich-text brz-rich-text__custom brz-css-1tu33zw\" data-brz-custom-id=\"oixbgbzadriflqzwkrnwmanqziyycnbytvnb\">\n<div data-brz-translate-text=\"1\">\n<p class=\"brz-tp-paragraph brz-mb-xs-15 brz-css-iRQyE\"><span class=\"brz-cp-color7\">LUNA k\u00fc\u00fcnlad on 100% sojavahast, nad on valmistatud hoole ja armastusega Eestis! P\u00f5lemisaeg ca 65h! Imehead meeli ergutavad l\u00f5hnad. \u00dcmbritsev karbike on samuti v\u00e4ga v\u00e4ga ilus &#8211;  armas kingitus! Toeta Eesti disaini ja osta kodumaist! <\/span><\/p>\n<\/div>\n<\/div>\n<\/div>\n<\/div>\n<\/div>\n<div class=\"brz-columns brz-css-n5885x brz-css-1l25z52\" data-brz-custom-id=\"lqmagepqgvkcarnkwjjqnnczwqcwjvazmmvs\">\n<div class=\"brz-column__items brz-css-cz4yti brz-css-1dum54h\">\n<div id=\"\" class=\"brz-css-sdt1sf brz-wrapper\">\n<div class=\"brz-image brz-css-1fyfign brz-css-css354\" data-brz-custom-id=\"wqdqfvbcsltceoneqeejagmfzrotnwoceavz\"><img decoding=\"async\" class=\"brz-img\" src=\"https:\/\/paulalill.com\/wp-content\/uploads\/brizy\/imgs\/DSC_0130-scaled-275x412x3x0x270x412x1686348122.jpg\" alt=\"\" loading=\"lazy\"><\/div>\n<\/div>\n<div id=\"\" class=\"brz-css-sdt1sf brz-css-mh4pi7 brz-css-jxo0kw brz-wrapper\">\n<div class=\"brz-spacer brz-css-x1erpk brz-css-8hp4qf\"><\/div>\n<\/div>\n<div id=\"\" class=\"brz-css-sdt1sf brz-wrapper\">\n<div class=\"brz-rich-text brz-rich-text__custom brz-css-1tu33zw\" data-brz-custom-id=\"mvpdlwelpzxduogsjwajjanotqqfbxuimhne\">\n<div data-brz-translate-text=\"1\">\n<h5 class=\"brz-tp-heading5 brz-css-yJ_dM\"><span class=\"brz-cp-color2\">L\u00f5hnad!?<\/span><\/h5>\n<\/div>\n<\/div>\n<\/div>\n<div id=\"\" class=\"brz-css-sdt1sf brz-css-3od4sy brz-wrapper\">\n<div class=\"brz-rich-text brz-rich-text__custom brz-css-1tu33zw\" data-brz-custom-id=\"nusygfqfsxiqhxelesbeuwdftwjgnfgszmrf\">\n<div data-brz-translate-text=\"1\">\n<p class=\"brz-tp-paragraph brz-mb-xs-15 brz-css-fqKXv\"><span class=\"brz-cp-color7\">Minu lemmik on Sidrunhein ehk <\/span><\/p>\n<p class=\"brz-tp-paragraph brz-mb-xs-15 brz-css-ofonD\"><span class=\"brz-cp-color7\">Me, myself and wine. V\u00e4ga h\u00f5rk ja v\u00e4rske, meeli ergutav! <\/span><\/p>\n<p class=\"brz-tp-paragraph brz-mb-xs-15 brz-css-rVGqV\"><span class=\"brz-cp-color7\">Saadaval on veel : <\/span><\/p>\n<p class=\"brz-tp-paragraph brz-mb-xs-15 brz-css-bxUUe\"><span class=\"brz-cp-color7\">Birthday girl &#8211; metsmari.<\/span><\/p>\n<p class=\"brz-tp-paragraph brz-mb-xs-15 brz-css-jYxYD\"><span class=\"brz-cp-color7\">But first&#8230;coffee &#8211; Roman holiday. <\/span><\/p>\n<p class=\"brz-tp-paragraph brz-mb-xs-15 brz-css-bo06v\"><span class=\"brz-cp-color7\">Merry christmas &#8211; apelsin &amp; kaneel. <\/span><\/p>\n<p class=\"brz-tp-paragraph brz-mb-xs-15 brz-css-wrr0c\"><span class=\"brz-cp-color7\">Forever young &#8211; muskus ja sandlipuu. <\/span><\/p>\n<\/div>\n<\/div>\n<\/div>\n<\/div>\n<\/div>\n<div class=\"brz-columns brz-css-n5885x brz-css-z0ouym\" data-brz-custom-id=\"mktiqebwqstlziuvwqewwjrtukufyocvojmu\">\n<div class=\"brz-column__items brz-css-cz4yti brz-css-1igl887\">\n<div id=\"\" class=\"brz-css-sdt1sf brz-wrapper\">\n<div class=\"brz-image brz-css-fthdgw brz-css-tql2s7\" data-brz-custom-id=\"plklbjwnkgxqsjwvliihazqreznujaztmsib\"><img decoding=\"async\" class=\"brz-img\" src=\"https:\/\/paulalill.com\/wp-content\/uploads\/brizy\/imgs\/DSC_0067-scaled-298x447x0x0x271x447x1686348122.jpg\" alt=\"\" loading=\"lazy\"><\/div>\n<\/div>\n<div id=\"\" class=\"brz-css-sdt1sf brz-css-mh4pi7 brz-css-1ai4iri brz-wrapper\">\n<div class=\"brz-spacer brz-css-x1erpk brz-css-1y72uah\"><\/div>\n<\/div>\n<div id=\"\" class=\"brz-css-sdt1sf brz-wrapper\">\n<div class=\"brz-rich-text brz-rich-text__custom brz-css-1tu33zw\" data-brz-custom-id=\"vnwvtmrxgcoynndekryqwltimkosabntvgyx\">\n<div data-brz-translate-text=\"1\">\n<h5 class=\"brz-tp-heading5 brz-css-gGVLo\"><span class=\"brz-cp-color2\">Osta saad&#8230; <\/span><\/h5>\n<\/div>\n<\/div>\n<\/div>\n<div id=\"\" class=\"brz-css-sdt1sf brz-css-14f78g6 brz-wrapper\">\n<div class=\"brz-rich-text brz-rich-text__custom brz-css-1tu33zw\" data-brz-custom-id=\"jjbxoejccfntmklhhumrxzjdwlgwygmwxfww\">\n<div data-brz-translate-text=\"1\">\n<p class=\"brz-tp-paragraph brz-mb-xs-15 brz-css-zkDz2\"><span class=\"brz-cp-color7\">Osta saad neid imearmsaid k\u00fc\u00fcnlaid Tartust &#8211; Tartu Kaubamaja LEVI disainipoest. Tallinnast Solarise keskusest LEVI ja LEVI HOME Pillerkaare disainipoodidest. <\/span><\/p>\n<p class=\"brz-tp-paragraph brz-mb-xs-15 brz-css-khwgJ\"><span class=\"brz-cp-color7\">Kindlasti kasuta SALAS\u00d5NA &#8220;PAULA&#8221; ja saad LUNA k\u00fc\u00fcnla hinnaga 12,99\u20ac!<\/span><\/p>\n<\/div>\n<\/div>\n<\/div>\n<\/div>\n<\/div>\n<\/div>\n<\/div>\n<\/div>\n<\/div>\n<\/section>\n<\/div>\n<p>    <!-- version:1737218507 --><\/p>","protected":false},"excerpt":{"rendered":"<p>LUNA k\u00fc\u00fcnlad 100% sojavaha Eestis valminud k\u00e4sit\u00f6\u00f6. Eesti v\u00e4rk! LUNA k\u00fc\u00fcnlad on 100% sojavahast, nad on valmistatud hoole ja armastusega Eestis! P\u00f5lemisaeg ca 65h! Imehead meeli ergutavad l\u00f5hnad. \u00dcmbritsev karbike on samuti v\u00e4ga v\u00e4ga ilus &#8211; armas kingitus! Toeta Eesti disaini ja osta kodumaist! L\u00f5hnad!? Minu lemmik on Sidrunhein ehk Me, myself and wine. V\u00e4ga [&hellip;]<\/p>","protected":false},"author":1,"featured_media":0,"parent":0,"menu_order":0,"comment_status":"closed","ping_status":"closed","template":"brizy-blank-template.php","meta":{"_monsterinsights_skip_tracking":false,"_monsterinsights_sitenote_active":false,"_monsterinsights_sitenote_note":"","_monsterinsights_sitenote_category":0,"footnotes":""},"brizy_media":[{"id":397,"url":"https:\/\/www.paulalill.com\/wp-content\/uploads\/2019\/12\/DSC_0067-scaled.jpg","name":"DSC_0067.jpg","meta":{"brizy_attachment_uid":"wp-0b6594e32a706513c969c0cb9432fcbf","brizy_post_uid":["7fe860b5cfe16d75e300654599e648f0","cb2d9f513091aaa34b1205280433b064"]}},{"id":421,"url":"https:\/\/www.paulalill.com\/wp-content\/uploads\/2019\/12\/DSC_0096-scaled.jpg","name":"DSC_0096.jpg","meta":{"brizy_attachment_uid":"wp-bdf1cba17336161a380af81f172a9cbc","brizy_post_uid":["cb2d9f513091aaa34b1205280433b064"]}},{"id":423,"url":"https:\/\/www.paulalill.com\/wp-content\/uploads\/2019\/12\/DSC_0083-2-scaled.jpg","name":"DSC_0083-2.jpg","meta":{"brizy_attachment_uid":"wp-4748cdc1287522ef6017b33bd0556066","brizy_post_uid":["7fe860b5cfe16d75e300654599e648f0","cb2d9f513091aaa34b1205280433b064"]}},{"id":483,"url":"https:\/\/www.paulalill.com\/wp-content\/uploads\/2019\/12\/DSC_0074-1-scaled.jpg","name":"DSC_0074-1.jpg","meta":{"brizy_attachment_uid":"wp-3c395aaed567716a48fb99a01fe5b956","brizy_post_uid":["cb2d9f513091aaa34b1205280433b064"]}},{"id":537,"url":"https:\/\/www.paulalill.com\/wp-content\/uploads\/2019\/12\/DSC_0062-scaled.jpg","name":"DSC_0062.jpg","meta":{"brizy_attachment_uid":"wp-88485532c3907a4edeb3ce6b3372bc16","brizy_post_uid":["cb2d9f513091aaa34b1205280433b064","7fe860b5cfe16d75e300654599e648f0","9b747c353728257b4af0a2ebec7b8359"]}},{"id":538,"url":"https:\/\/www.paulalill.com\/wp-content\/uploads\/2019\/12\/DSC_0130-scaled.jpg","name":"DSC_0130.jpg","meta":{"brizy_attachment_uid":"wp-0c706bc27ac302ca11dd0f73f9768398","brizy_post_uid":["cb2d9f513091aaa34b1205280433b064"]}}],"_links":{"self":[{"href":"https:\/\/www.paulalill.com\/en\/wp-json\/wp\/v2\/pages\/516"}],"collection":[{"href":"https:\/\/www.paulalill.com\/en\/wp-json\/wp\/v2\/pages"}],"about":[{"href":"https:\/\/www.paulalill.com\/en\/wp-json\/wp\/v2\/types\/page"}],"author":[{"embeddable":true,"href":"https:\/\/www.paulalill.com\/en\/wp-json\/wp\/v2\/users\/1"}],"replies":[{"embeddable":true,"href":"https:\/\/www.paulalill.com\/en\/wp-json\/wp\/v2\/comments?post=516"}],"version-history":[{"count":5,"href":"https:\/\/www.paulalill.com\/en\/wp-json\/wp\/v2\/pages\/516\/revisions"}],"predecessor-version":[{"id":6343,"href":"https:\/\/www.paulalill.com\/en\/wp-json\/wp\/v2\/pages\/516\/revisions\/6343"}],"wp:attachment":[{"href":"https:\/\/www.paulalill.com\/en\/wp-json\/wp\/v2\/media?parent=516"}],"curies":[{"name":"wp","href":"https:\/\/api.w.org\/{rel}","templated":true}]}}