{"id":5700,"date":"2020-05-19T14:16:08","date_gmt":"2020-05-19T14:16:08","guid":{"rendered":"http:\/\/paulalill.com\/?page_id=5700"},"modified":"2026-04-08T02:27:38","modified_gmt":"2026-04-08T02:27:38","slug":"twixbars","status":"publish","type":"page","link":"https:\/\/www.paulalill.com\/en\/twixbars\/","title":{"rendered":"twixbars"},"content":{"rendered":"<div class=\"brz-root__container brz-reset-all brz brz-root__container-page\">\n<section id=\"_szjqoiooecebjetvbjlboarhnrwwqbsasxuw\" class=\"brz-section brz-css-1k084mn\">\n<div class=\"brz-section__content brz-section--boxed brz-css-1ii2s01 brz-css-m9whye\" data-brz-custom-id=\"jpwezmrjpqekoolsgzuakxpiqvrefzuukzhq\">\n<div class=\"brz-container brz-css-9yrjzc\">\n<div class=\"brz-wrapper-clone brz-css-1tpy5b0\">\n<div class=\"brz-d-xs-flex brz-flex-xs-wrap brz-css-1l4ursi\" data-brz-custom-id=\"\">\n<div class=\"brz-wrapper-clone__item\" id=\"mrztioogqerkozzyozsnaobavbypicxdvnjq\">\n<div class=\"brz-icon__container\" data-brz-custom-id=\"mrztioogqerkozzyozsnaobavbypicxdvnjq\"><span class=\"brz-icon brz-span brz-css-1n3y70v brz-css-15s2jmd\"><\/span><\/div>\n<\/div>\n<\/div>\n<\/div>\n<div id=\"\" class=\"brz-css-16x0ot1 brz-wrapper\">\n<div class=\"brz-rich-text brz-rich-text__custom brz-css-18t9cf1\" data-brz-custom-id=\"wotyiblutpoopplklmccbbhawotenteyqckd\">\n<div data-brz-translate-text=\"1\">\n<h1 class=\"brz-tp-heading1 brz-text-lg-center brz-css-ybHta\"><span class=\"brz-cp-color2\">TWIX BARS<\/span><\/h1>\n<\/div>\n<\/div>\n<\/div>\n<div id=\"\" class=\"brz-css-16x0ot1 brz-css-18y2413 brz-wrapper\">\n<div class=\"brz-rich-text brz-rich-text__custom brz-css-18t9cf1\" data-brz-custom-id=\"rgcfeesssbwabnemspeempuyvprtgxdyyecd\">\n<div data-brz-translate-text=\"1\">\n<p class=\"brz-tp-subtitle brz-text-lg-center brz-css-yisDz\"><span class=\"brz-cp-color7\"><span>LIHTNE JA KIIRE &#8211; 30 MIN NING KAPPI TAHENEMA<\/span><\/span><\/p>\n<\/div>\n<\/div>\n<\/div>\n<\/div>\n<\/div>\n<\/section>\n<section id=\"_spekzttejxwljoleyoosnqfcujeirtelkyqo\" class=\"brz-section brz-css-1k084mn\">\n<div class=\"brz-section__content brz-section--boxed brz-css-1ii2s01 brz-css-1i20ctx\" data-brz-custom-id=\"vxmbxiliiybgehamrrtdgfexnzfojfpdecbt\">\n<div class=\"brz-container brz-css-9yrjzc\">\n<div class=\"brz-row__container brz-css-ybd6dg\" data-brz-custom-id=\"notngztikwnemwwtrdqbqfijkwdcllvnrltq\">\n<div class=\"brz-bg\"><\/div>\n<div class=\"brz-row brz-css-8ybi8o brz-css-wd9z7d\">\n<div class=\"brz-columns brz-css-161vnps brz-css-xd6x6y\" data-brz-custom-id=\"fbfmaqvamhbjphmqeefbnzcofianxxijrtak\">\n<div class=\"brz-bg\"><\/div>\n<div class=\"brz-column__items brz-css-rtvq6f brz-css-1p3n776\">\n<div id=\"\" class=\"brz-css-16x0ot1 brz-css-1eidd3f brz-wrapper\">\n<div class=\"brz-image brz-css-mp5qr3 brz-css-1f67ytm\" data-brz-custom-id=\"occdmhhlzptfxvigstiuwxuiinklpybjrejk\"><img decoding=\"async\" class=\"brz-img\" src=\"https:\/\/www.paulalill.com\/?brizy_media=wp-c76ec4860f0707829cf2b39a5262025f&amp;brizy_crop=iW%3D555%26iH%3D740%26oX%3D0%26oY%3D78%26cW%3D555%26cH%3D466\" alt=\"\" loading=\"lazy\"><\/div>\n<\/div>\n<\/div>\n<\/div>\n<div class=\"brz-columns brz-css-161vnps brz-css-1275h8x\" data-brz-custom-id=\"egwzfarpecdebcqouotvhazkjeygzlxgrpuw\">\n<div class=\"brz-bg\"><\/div>\n<div class=\"brz-column__items brz-css-rtvq6f brz-css-se97ar\">\n<div id=\"\" class=\"brz-css-16x0ot1 brz-css-znzct1 brz-wrapper\">\n<div class=\"brz-rich-text brz-rich-text__custom brz-css-18t9cf1\" data-brz-custom-id=\"gvsxzevyekqlvjbgxwwstsxgdeanzbthbtpm\">\n<div data-brz-translate-text=\"1\">\n<h1 class=\"brz-tp-heading1 brz-css-ivafn\"><span class=\"brz-cp-color2\"><span>Vaja l\u00e4heb&#8230;<\/span><\/span><\/h1>\n<\/div>\n<\/div>\n<\/div>\n<div id=\"\" class=\"brz-css-16x0ot1 brz-wrapper\">\n<div class=\"brz-rich-text brz-rich-text__custom brz-css-18t9cf1\" data-brz-custom-id=\"pakiotrducwvcizamrdbkvvnutfjskrmpkvk\">\n<div data-brz-translate-text=\"1\">\n<p class=\"brz-css-wzeC2\"><span class=\"brz-cp-color7\">P\u00f5hi<\/span><\/p>\n<p class=\"brz-css-icVEE\"><span class=\"brz-cp-color7\">1,5 tassi mandlijahu, 3 SLkookos\u00f5li (mina panen tegelikult kuhjaga), 2 SL vahtrasiirupit, 1 TL vaniljeekstrakti, veerand TL soola \/ pool meresoola peenemat.<\/span><\/p>\n<p class=\"brz-css-hMm2r\"><\/p>\n<p class=\"brz-css-ghoGu\"><span class=\"brz-cp-color7\"> Sisu<\/span><\/p>\n<p class=\"brz-css-qjnCV\"><span class=\"brz-cp-color7\">Umbes 1 purk \/tassit\u00e4is maap\u00e4hkliv\u00f5id, pool tassi vahtrasiirupit (maitse asi, pane veerand kui soovid), 3 SL kuhjaga kookos\u00f5li (tahkena), 1 TL vaniljeekstrakti, veerand tl soola\/meresoola peenemat.<\/span><\/p>\n<p class=\"brz-css-xnckS\"><\/p>\n<p class=\"brz-bcp-color7 brz-tp-paragraph brz-css-bj9bS\"><span class=\"brz-cp-color7\"> \u0160okolaad \/kate<\/span><\/p>\n<p class=\"brz-bcp-color7 brz-tp-paragraph brz-css-z2Bve\"><span class=\"brz-cp-color7\">1 suur bitteri tumedaim \u0161okolaad 70% \ud83c\udf6b  ja 1 SL kuhjaga kookos\u00f5li tahkena. <\/span><\/p>\n<\/div>\n<\/div>\n<\/div>\n<div id=\"\" class=\"brz-css-16x0ot1 brz-css-sjuldb brz-css-rt8gc2 brz-wrapper\">\n<div class=\"brz-spacer brz-css-qe3p4r brz-css-1ly6z93\"><\/div>\n<\/div>\n<\/div>\n<\/div>\n<\/div>\n<\/div>\n<\/div>\n<\/div>\n<\/section>\n<section id=\"_rmshhnrzngdrpmnkrkbmqfixtufcpcwiftzm\" class=\"brz-section brz-css-1k084mn\">\n<div class=\"brz-section__content brz-section--boxed brz-css-1ii2s01 brz-css-lrkh7z\" data-brz-custom-id=\"olxcaaajetoxyudarjduyumlvmwzsflprxsh\">\n<div class=\"brz-container brz-css-9yrjzc\">\n<div class=\"brz-row__container brz-css-ybd6dg\" data-brz-custom-id=\"vmznpfbmjwywqwizuxynzmhbfbtaewfhgiun\">\n<div class=\"brz-bg\"><\/div>\n<div class=\"brz-row brz-css-8ybi8o brz-css-wd9z7d\">\n<div class=\"brz-columns brz-css-161vnps brz-css-15s9pbt\" data-brz-custom-id=\"rzhajqbnutsiqrrsxbjcgulkzypjodjvikao\">\n<div class=\"brz-bg\"><\/div>\n<div class=\"brz-column__items brz-css-rtvq6f brz-css-1la1vlt\">\n<div id=\"\" class=\"brz-css-16x0ot1 brz-wrapper\">\n<div class=\"brz-rich-text brz-rich-text__custom brz-css-18t9cf1\" data-brz-custom-id=\"zzkbezudusspejmcizknokccqlaaiunwbzxi\">\n<div data-brz-translate-text=\"1\">\n<p class=\"brz-tp-heading3 brz-css-cnTEj\"><strong class=\"brz-cp-color3\">01<\/strong><\/p>\n<\/div>\n<\/div>\n<\/div>\n<div id=\"\" class=\"brz-css-16x0ot1 brz-css-1s9o2w4 brz-wrapper\">\n<div class=\"brz-rich-text brz-rich-text__custom brz-css-18t9cf1\" data-brz-custom-id=\"pxzvlenijywlqxmobmrowczxlylzpjaisosq\">\n<div data-brz-translate-text=\"1\">\n<h4 class=\"brz-fs-xs-im-17 brz-fs-sm-im-19 brz-fs-lg-19 brz-fw-xs-im-700 brz-fw-sm-im-700 brz-fw-lg-700 brz-ft-google brz-ff-overpass brz-ls-xs-im-0 brz-ls-sm-im-m_0_5 brz-ls-lg-m_0_5 brz-lh-xs-im-1_4 brz-lh-sm-im-1_4 brz-lh-lg-1_5 brz-css-mBsDO\"><span class=\"brz-cp-color2\">Mandlijahu..<\/span><\/h4>\n<\/div>\n<\/div>\n<\/div>\n<div id=\"\" class=\"brz-css-16x0ot1 brz-wrapper\">\n<div class=\"brz-rich-text brz-rich-text__custom brz-css-18t9cf1\" data-brz-custom-id=\"xwehdsedbomvgsxfstfmwpasfdguztqeqjam\">\n<div data-brz-translate-text=\"1\">\n<p class=\"brz-tp-paragraph brz-css-oOTIY\"><span class=\"brz-cp-color2\">Vala mandlijahu m\u00f5\u00f5detuna kausikesse ja vala sisse 3 SL kookos\u00f5li ( mina lasen mikros alla 30 seki lihtsalt tahkest vedelaks ja segan l\u00e4bi, et oleks sulanud), lisa 2 SL vahtrasiirupit (olen erinevaid proovinud ja vahet ei tee), 1 TL vaniljeekstrakt (mul on oma lemmik ja sellest on ka pildid teistes retseptides, osa saate Veeriku Selverist Tartus ja vb kusagilt veel, aga L\u00f5unakeskusest seda leidnud pole veel),  lisa sool maitse j\u00e4rgi ja sega l\u00e4bi. \u00c4ra \u00fcle soola, j\u00e4rgmine kord saad rohkem panna kui soovid.  <\/span><\/p>\n<\/div>\n<\/div>\n<\/div>\n<\/div>\n<\/div>\n<div class=\"brz-columns brz-css-161vnps brz-css-ge7eo4\" data-brz-custom-id=\"boudpegtbictsppmfznpdaeoeshgngcijcei\">\n<div class=\"brz-bg\"><\/div>\n<div class=\"brz-column__items brz-css-rtvq6f brz-css-ysd4gr\">\n<div id=\"\" class=\"brz-css-16x0ot1 brz-wrapper\">\n<div class=\"brz-rich-text brz-rich-text__custom brz-css-18t9cf1\" data-brz-custom-id=\"vhabsfhertrhyolhghnzsjfabraquvnbzgte\">\n<div data-brz-translate-text=\"1\">\n<p class=\"brz-tp-heading3 brz-css-dEBAt\"><strong class=\"brz-cp-color3\">02<\/strong><\/p>\n<\/div>\n<\/div>\n<\/div>\n<div id=\"\" class=\"brz-css-16x0ot1 brz-css-r9sa4j brz-wrapper\">\n<div class=\"brz-rich-text brz-rich-text__custom brz-css-18t9cf1\" data-brz-custom-id=\"jxhbfwlvwltigxadmuqnnwolbnryritxvamb\">\n<div data-brz-translate-text=\"1\">\n<h4 class=\"brz-fs-xs-im-17 brz-fs-sm-im-19 brz-fs-lg-19 brz-fw-xs-im-700 brz-fw-sm-im-700 brz-fw-lg-700 brz-ft-google brz-ff-overpass brz-ls-xs-im-0 brz-ls-sm-im-m_0_5 brz-ls-lg-m_0_5 brz-lh-xs-im-1_4 brz-lh-sm-im-1_4 brz-lh-lg-1_5 brz-css-jaEwQ\"><span class=\"brz-cp-color2\">Ahju..<\/span><\/h4>\n<\/div>\n<\/div>\n<\/div>\n<div id=\"\" class=\"brz-css-16x0ot1 brz-wrapper\">\n<div class=\"brz-rich-text brz-rich-text__custom brz-css-18t9cf1\" data-brz-custom-id=\"zkaaqgwperyewesuzeojegpjnphiraqllfsc\">\n<div data-brz-translate-text=\"1\">\n<p class=\"brz-tp-paragraph brz-css-llirk\"><span class=\"brz-cp-color2\">Kata vormi p\u00f5hi ja \u00e4\u00e4red ilusasti k\u00fcpsetuspaberiga, nii et midagi sealt l\u00e4bi ei voolaks paberi alla. Pead saama selle tahenenud kujul ka v\u00e4lja t\u00f5sta vormist paberi abil. \u00dches\u00f5naga, kata p\u00f5hi \u00fchtlaselt. Alguses teen lusikaga, siis patsutan alati k\u00e4tega \u00fcle. Siis pane vorm ahju, ringleva \u00f5huga 175-180 kraadi ja 10-12 min. Ahjud on erinevad, j\u00e4lgi, et pealmine osa on \u00f5rnalt kohati kuldne.  V\u00f5ta vorm v\u00e4lja, lase jahtuda. Valmista ette maap\u00e4hkliv\u00f5i sisu. Soovitan kasutada veidike kallimat p\u00e4hkliv\u00f5id (Estrella vms.. Odavad kleepekad ei k\u00f5lba kuskile). <\/span><\/p>\n<\/div>\n<\/div>\n<\/div>\n<\/div>\n<\/div>\n<div class=\"brz-columns brz-css-161vnps brz-css-9plsbf\" data-brz-custom-id=\"ivjhkembpoutfnwfvvfcnstmgzwzinunfopw\">\n<div class=\"brz-bg\"><\/div>\n<div class=\"brz-column__items brz-css-rtvq6f brz-css-1l9n20f\">\n<div id=\"\" class=\"brz-css-16x0ot1 brz-wrapper\">\n<div class=\"brz-rich-text brz-rich-text__custom brz-css-18t9cf1\" data-brz-custom-id=\"umamsyjoswzndbaxqsntuddzjrziutknzbii\">\n<div data-brz-translate-text=\"1\">\n<p class=\"brz-tp-heading3 brz-css-dbGHa\"><strong class=\"brz-cp-color3\">03<\/strong><\/p>\n<\/div>\n<\/div>\n<\/div>\n<div id=\"\" class=\"brz-css-16x0ot1 brz-css-jno7dm brz-wrapper\">\n<div class=\"brz-rich-text brz-rich-text__custom brz-css-18t9cf1\" data-brz-custom-id=\"vqnmwvovqdccfycwvytdhyfxqivghigslakr\">\n<div data-brz-translate-text=\"1\">\n<h4 class=\"brz-fs-xs-im-17 brz-fs-sm-im-19 brz-fs-lg-19 brz-fw-xs-im-700 brz-fw-sm-im-700 brz-fw-lg-700 brz-ft-google brz-ff-overpass brz-ls-xs-im-0 brz-ls-sm-im-m_0_5 brz-ls-lg-m_0_5 brz-lh-xs-im-1_4 brz-lh-sm-im-1_4 brz-lh-lg-1_5 brz-css-qn79K\"><span class=\"brz-cp-color2\">Kr\u00f5mpsuga v\u00f5i ilma.. <\/span><\/h4>\n<\/div>\n<\/div>\n<\/div>\n<div id=\"\" class=\"brz-css-16x0ot1 brz-wrapper\">\n<div class=\"brz-rich-text brz-rich-text__custom brz-css-18t9cf1\" data-brz-custom-id=\"qlbfkilmnykcwnslptlkpzcktdmwfyixiusr\">\n<div data-brz-translate-text=\"1\">\n<p class=\"brz-tp-paragraph brz-css-myzu7\"><span class=\"brz-cp-color2\">Maitse asi, kas v\u00f5tate kr\u00f5mpsuva v\u00f5i tavalise. Segage kausis sulatatud kookos\u00f5li ning muud \u00fclaltoodud koostisosad antud kogustes. Sulatan pudrupotikeses kookos\u00f5li ja tumeda \u0161okolaadi. Minu lemmik on Bitter ja muu selle vastu ei saa. Kui hakkasin seda energia maiust tegema, siis avastasin, kui imeline on tume \u0161okolaad + kookos\u00f5li. Issand nagu piima\u0161okolaad. \u00d5nnelik on see, kellele n\u00f5ud j\u00e4\u00e4vad pesta! Kes laktoosi ei talu, mega hea nipp! Kui p\u00f5hi on jahtunud, kata see sisuga, maitse ja soovi korral lisa vanilli v\u00f5i soola vms..aga \u00e4ra liialda! Lase veidi k\u00fclmkapis tahkuda 15-25 min V\u00d5I kui soovid marmori efekti, vala kohe \u0161okolaad peale!  Pane k\u00fclma tahenema! <\/span><\/p>\n<\/div>\n<\/div>\n<\/div>\n<\/div>\n<\/div>\n<\/div>\n<\/div>\n<\/div>\n<\/div>\n<\/section>\n<section id=\"_xbddlauibpjjetqptlbjhcdavetkxrwqsazo\" class=\"brz-section brz-css-1k084mn\">\n<div class=\"brz-section__content brz-section--boxed brz-css-1ii2s01 brz-css-rxb5e2\" data-brz-custom-id=\"sygvftjxdljwujiogcrayptytvicmjkozyvk\">\n<div class=\"brz-container brz-css-9yrjzc\">\n<div class=\"brz-row__container brz-css-ybd6dg brz-css-farx27\" data-brz-custom-id=\"frfztnvknyrxubuzdswsxbapchnyrmfvjtrj\">\n<div class=\"brz-bg\"><\/div>\n<div class=\"brz-row brz-css-8ybi8o brz-css-wd9z7d\">\n<div class=\"brz-columns brz-css-161vnps brz-css-94z0lt\" data-brz-custom-id=\"ovmxxhkhuqntfhmpbkkerjvdpsltckpwcrdb\">\n<div class=\"brz-bg\"><\/div>\n<div class=\"brz-column__items brz-css-rtvq6f brz-css-k2ti98\">\n<div id=\"\" class=\"brz-css-16x0ot1 brz-wrapper\">\n<div class=\"brz-rich-text brz-rich-text__custom brz-css-18t9cf1\" data-brz-custom-id=\"ssdxgryykjiqakbdgvclhdmilaqoecnifxhx\">\n<div data-brz-translate-text=\"1\">\n<p class=\"brz-text-lg-left brz-tp-abovetitle brz-css-zaokz\"><span class=\"brz-cp-color7\">T\u00d6\u00d6LE KAASA\/ ENNE TRENNI<\/span><\/p>\n<\/div>\n<\/div>\n<\/div>\n<div id=\"\" class=\"brz-css-16x0ot1 brz-wrapper\">\n<div class=\"brz-rich-text brz-rich-text__custom brz-css-18t9cf1\" data-brz-custom-id=\"uoqcecrhaiqftknpwtaoclkgtbhdvgucgowx\">\n<div data-brz-translate-text=\"1\">\n<p class=\"brz-text-lg-left brz-tp-subtitle brz-css-uZym9\"><span class=\"brz-cp-color7\">Magusa asemel t\u00f6\u00f6l v\u00f5i enne trenni \u00fcks ruuduke annab korraliku poweri! Super! proovi j\u00e4rgi!Mina teen traditsioonilise IKEA vormiga k\u00f5ik ahjukad, brownied ja selle koogi. Kas seda saab koogiks kutsuda, pigem kutsun neid Twix\u00ed energia ruudukesteks.Sel korral kasutasin k\u00f5ik mandlijahu \u00e4ra pakist, aga tegelikult see 1,5 tassi on parem, kuna p\u00f5hi on \u00f5hem siis ja mulle meeldib retsepti j\u00e4rgi rohkem ikka! Aga nagu ma \u00fctlen maitse asi, pange ise siirupit ja soola v\u00e4hem v\u00f5i rohkem, kohandage oma maitse j\u00e4rgi!<\/span><\/p>\n<\/div>\n<\/div>\n<\/div>\n<div id=\"\" class=\"brz-css-16x0ot1 brz-css-sjuldb brz-wrapper\">\n<div class=\"brz-spacer brz-css-qe3p4r brz-css-zcdu4q\"><\/div>\n<\/div>\n<\/div>\n<\/div>\n<div class=\"brz-columns brz-css-161vnps brz-css-15inh6c\" data-brz-custom-id=\"vrbjekayllspjggptopmhmirlwhymsdasagr\">\n<div class=\"brz-bg\"><\/div>\n<div class=\"brz-column__items brz-css-rtvq6f brz-css-mnz4hk\">\n<div id=\"\" class=\"brz-css-16x0ot1 brz-css-1n6dlrl brz-wrapper\">\n<div class=\"brz-image brz-css-13el1ek brz-css-3q55d2\" data-brz-custom-id=\"ilcynlygfgkkurwwbvokzrxqisgjxzfwphki\"><img decoding=\"async\" class=\"brz-img\" src=\"https:\/\/www.paulalill.com\/?brizy_media=wp-106ea055c267a47dd37ca6d608f84f04&amp;brizy_crop=iW%3D555%26iH%3D503%26oX%3D0%26oY%3D25%26cW%3D555%26cH%3D453\" alt=\"\" loading=\"lazy\"><\/div>\n<\/div>\n<\/div>\n<\/div>\n<\/div>\n<\/div>\n<\/div>\n<\/div>\n<\/section>\n<\/div>\n<p>    <!-- version:1737009677 --><\/p>","protected":false},"excerpt":{"rendered":"<p>TWIX BARS LIHTNE JA KIIRE &#8211; 30 MIN NING KAPPI TAHENEMA Vaja l\u00e4heb&#8230; P\u00f5hi 1,5 tassi mandlijahu, 3 SLkookos\u00f5li (mina panen tegelikult kuhjaga), 2 SL vahtrasiirupit, 1 TL vaniljeekstrakti, veerand TL soola \/ pool meresoola peenemat. Sisu Umbes 1 purk \/tassit\u00e4is maap\u00e4hkliv\u00f5id, pool tassi vahtrasiirupit (maitse asi, pane veerand kui soovid), 3 SL kuhjaga kookos\u00f5li [&hellip;]<\/p>","protected":false},"author":1,"featured_media":0,"parent":0,"menu_order":0,"comment_status":"closed","ping_status":"closed","template":"brizy-blank-template.php","meta":{"_monsterinsights_skip_tracking":false,"_monsterinsights_sitenote_active":false,"_monsterinsights_sitenote_note":"","_monsterinsights_sitenote_category":0,"footnotes":""},"brizy_media":[{"id":4093,"url":"https:\/\/paulalill.com\/wp-content\/uploads\/2020\/03\/IMG_5665-scaled.jpg","name":"IMG_5665.jpg","meta":{"brizy_attachment_uid":"wp-c76ec4860f0707829cf2b39a5262025f","brizy_post_uid":["e67aca778fa2bdc8d4d0885aa1c54206","f34c7739c29769735c50af836b65a7de","f3bbdb9d0a0ac3867529976cbf7715d3"]}},{"id":5676,"url":"https:\/\/paulalill.com\/wp-content\/uploads\/2020\/05\/IMG_7091_Facetune_19-05-2020-17-09-17.jpg","name":"IMG_7091_Facetune_19-05-2020-17-09-17.jpg","meta":{"brizy_attachment_uid":"wp-106ea055c267a47dd37ca6d608f84f04","brizy_post_uid":["f34c7739c29769735c50af836b65a7de","f3bbdb9d0a0ac3867529976cbf7715d3"]}}],"_links":{"self":[{"href":"https:\/\/www.paulalill.com\/en\/wp-json\/wp\/v2\/pages\/5700"}],"collection":[{"href":"https:\/\/www.paulalill.com\/en\/wp-json\/wp\/v2\/pages"}],"about":[{"href":"https:\/\/www.paulalill.com\/en\/wp-json\/wp\/v2\/types\/page"}],"author":[{"embeddable":true,"href":"https:\/\/www.paulalill.com\/en\/wp-json\/wp\/v2\/users\/1"}],"replies":[{"embeddable":true,"href":"https:\/\/www.paulalill.com\/en\/wp-json\/wp\/v2\/comments?post=5700"}],"version-history":[{"count":5,"href":"https:\/\/www.paulalill.com\/en\/wp-json\/wp\/v2\/pages\/5700\/revisions"}],"predecessor-version":[{"id":6359,"href":"https:\/\/www.paulalill.com\/en\/wp-json\/wp\/v2\/pages\/5700\/revisions\/6359"}],"wp:attachment":[{"href":"https:\/\/www.paulalill.com\/en\/wp-json\/wp\/v2\/media?parent=5700"}],"curies":[{"name":"wp","href":"https:\/\/api.w.org\/{rel}","templated":true}]}}